{"id":12557,"date":"2022-03-11T09:30:30","date_gmt":"2022-03-11T08:30:30","guid":{"rendered":"https:\/\/agora.xtec.cat\/iescanet\/?page_id=12557"},"modified":"2024-03-13T13:43:54","modified_gmt":"2024-03-13T12:43:54","slug":"ensenyaments-ofertats-batxillerat","status":"publish","type":"page","link":"https:\/\/agora.xtec.cat\/iescanet\/ensenyaments-ofertats-batxillerat\/","title":{"rendered":"Ensenyaments ofertats- Batxillerat"},"content":{"rendered":"<p style=\"font-weight: 400; text-align: justify;\">L\u2019institut Llu\u00eds Dom\u00e8nech i Montaner de Canet de Mar \u00e9s un centre amb una interessant oferta que el singularitza i el fa atractiu per als estudiants i les seves fam\u00edlies. Les seves dimensions possibiliten una \u00f2ptima proporci\u00f3 entre atenci\u00f3 i recursos, tant a nivell acad\u00e8mic com d\u2019equipaments<\/p>\n<p style=\"font-weight: 400; text-align: justify;\">En l\u2019\u00e0mbit post-obligatori, el Dom\u00e8nech destaca pel nivell d\u2019exig\u00e8ncia i l\u2019alt grau de preparaci\u00f3 que assoleixen els alumnes. La taxa d\u2019aprovats a la Selectivitat \u00e9s del 100%, i les notes obtingudes als ex\u00e0mens sobrepassen la mitjana de Catalunya. Gaireb\u00e9 totes les opcions de Batxillerat s\u00f3n representades al centre: la social i human\u00edstica, la cient\u00edfica tecnol\u00f2gica, la d\u2019arts esc\u00e8niques i el Batxibac.<\/p>\n<hr \/>\n<ul>\n<li><strong>CI\u00c8NCIES i TECNOLOGIA<\/strong><\/li>\n<\/ul>\n<p style=\"text-align: justify;\">El Batxillerat cient\u00edfic i tecnol\u00f2gic implica un alt grau d\u2019abstracci\u00f3 i s\u00edntesi. L\u2019ecosistema acad\u00e8mic, te\u00f2ric i pr\u00e0ctic, potencia que les mat\u00e8ries esdevinguin eines de coneixement \u00fatils i pertinents per als reptes de present i de futur.<\/p>\n<p><strong><a href=\"https:\/\/agora.xtec.cat\/iescanet\/wp-content\/uploads\/usu966\/2024\/03\/diptic-ciencies-i-tecnologia.pdf\">Descarrega&#8217;t el D\u00edptic del Batxillerat Ci\u00e8ncies i Tecnologia<\/a><\/strong><\/p>\n<ul>\n<li><strong>HUMANITATS i CI\u00c8NCIES SOCIALS<\/strong><\/li>\n<\/ul>\n<p style=\"text-align: justify;\">El Batxillerat social i human\u00edstic se centra en el conreu dels sabers b\u00e0sics per al desenvolupament del sentit cr\u00edtic i la consci\u00e8ncia ciutadana, aix\u00ed com en l\u2019adquisici\u00f3 de les compet\u00e8ncies necess\u00e0ries per desenvolupar-se en un entorn global.<\/p>\n<p><strong><a href=\"https:\/\/agora.xtec.cat\/iescanet\/wp-content\/uploads\/usu966\/2024\/03\/diptic-ciencies-socials.pdf\">Descarrega&#8217;t el D\u00edptic del Batxillerat d&#8217;Humanitats i Ci\u00e8ncies Socials<\/a><\/strong><\/p>\n<ul>\n<li><strong>ARTS: via arts esc\u00e8niques\u00a0<\/strong><\/li>\n<\/ul>\n<p style=\"text-align: justify;\">El Batxillerat d\u2019arts esc\u00e8niques, el primer i gaireb\u00e9 l\u2019\u00fanic de la comarca, aposta per una pr\u00e0ctica esc\u00e8nica vivencial, amb multitud de sortides, tallers i creacions art\u00edstiques, sempre \u00a0sense oblidar de satisfer els requisits acad\u00e8mics pertinents per accedir a estudis superiors.<\/p>\n<p><a href=\"https:\/\/agora.xtec.cat\/iescanet\/wp-content\/uploads\/usu966\/2024\/03\/Escenic-informacio-web.pdf\"><strong>Descarrega&#8217;t el D\u00edptic del Batxillerat Arts Esc\u00e8niques, M\u00fasica i Dansa (PDF)<\/strong><\/a><\/p>\n<ul>\n<li><strong>BATXIBAC<\/strong><\/li>\n<\/ul>\n<p style=\"text-align: justify;\">La doble titulaci\u00f3 Batxillerat nacional-Baccalaur\u00e9at franc\u00e8s (Batxibac) \u00e9s un programa d\u2019excel\u00b7l\u00e8ncia combinable amb les altres modalitats de Batxillerat. Possibilita acabar el batxillerat amb un nivell equiparable al B2 i amb un t\u00edtol v\u00e0lid tant a l\u2019estat espanyol com al franc\u00e8s. Es treballa en grups petits i seguint una metodologia pr\u00f2pia que potencia l\u2019autonomia acad\u00e8mica.<\/p>\n<p><a href=\"https:\/\/agora.xtec.cat\/iescanet\/wp-content\/uploads\/usu966\/2020\/02\/d\u00edptic-batxibac.pdf\"><strong>Descarrega&#8217;t el D\u00edptic del Batxibac (PDF)<\/strong><\/a><\/p>\n<p><span style=\"color: #0000ff;\"><strong>&gt;&gt;<\/strong><\/span><span style=\"font-family: inherit; font-size: 1em;\"> M\u00e9s informaci\u00f3 sobre els <\/span><a style=\"font-family: inherit; font-size: 1em;\" href=\"http:\/\/xtec.gencat.cat\/ca\/curriculum\/batxillerat\/baccalaureat\/\">estudis <strong>Batxibac<\/strong> al web del\u00a0Departament d&#8217;Educaci\u00f3<\/a><span style=\"font-family: inherit; font-size: 1em;\">.<\/span><\/p>\n<p><span style=\"color: #0000ff;\"><strong>&gt;&gt;<\/strong><\/span><span style=\"font-family: inherit; font-size: 1em;\"> M\u00e9s informaci\u00f3 sobre els <\/span><a style=\"font-family: inherit; font-size: 1em;\" href=\"https:\/\/www.institutfrancais.es\/programas-y-ayudas\/centros-escolares-y-profesores\/el-bachibac\/\">estudis <strong>Batxibac<\/strong> al web de l&#8217;Institut Fran\u00e7ais<\/a><span style=\"font-family: inherit; font-size: 1em;\">.<\/span><\/p>\n<hr \/>\n<p><strong>TREBALL DE RECERCA<\/strong><\/p>\n<p>L\u2019alumnat de batxillerat haur\u00e0 de realitzar un <strong>treball de recerca<\/strong>, un conjunt d&#8217;activitats estructurades i orientades a la investigaci\u00f3 que realitza tot l&#8217;alumnat de batxillerat amb l&#8217;orientaci\u00f3 i seguiment del professorat, per tal de consolidar la compet\u00e8ncia en recerca. Es pot emmarcar dins un \u00e0mbit disciplinari, o pot ser interdisciplinari o transversal.<\/p>\n<p><strong>Exemples de treballs de recerca realitzats per alumnes de batxillerat del centre:<\/strong> El futur de la gesti\u00f3 residual: La deixalleria (Premi Escola i Medi Ambient), Els vitralls i el modernisme, Energies alternatives, La societat i les drogues, Plantes medicinals del Maresme, Organismes d\u2019un ecosistema aqu\u00e0tic, Sistema d\u2019automatitzaci\u00f3 d\u2019un nou m\u00f3n al nostre abast, La resist\u00e8ncia bacteriana, Disseny d\u2019una caseta meteorol\u00f2gica, La publicitat, Viv\u00e8ncies de la Guerra Civil, Les ONG i les crisis del desenvolupament\u2026<\/p>\n<hr \/>\n<p><strong>T\u00cdTOL I ESTUDIS POSTERIORS<\/strong><br \/>\nL\u2019alumnat que cursi satisfact\u00f2riament el batxillerat en qualsevol de les seves modalitats, rebr\u00e0 el t\u00edtol de batxiller. Aquest t\u00edtol facultar\u00e0 per accedir a la Formaci\u00f3 Professional de Grau Superior i als estudis universitaris. En aquest darrer cas ser\u00e0 necess\u00e0ria la superaci\u00f3 d\u2019una prova d\u2019acc\u00e9s (PAU).<\/p>\n<p>&nbsp;<\/p>\n","protected":false},"excerpt":{"rendered":"<p>L\u2019institut Llu\u00eds Dom\u00e8nech i Montaner de Canet de Mar \u00e9s un centre amb una interessant oferta que el singularitza i el fa atractiu per als estudiants i les seves fam\u00edlies. Les seves dimensions possibiliten una \u00f2ptima proporci\u00f3 entre atenci\u00f3 i recursos, tant a nivell acad\u00e8mic&hellip;  <a href=\"https:\/\/agora.xtec.cat\/iescanet\/ensenyaments-ofertats-batxillerat\/\" title=\"Read Ensenyaments ofertats- Batxillerat\">Llegeix m\u00e9s\u00bb<\/a><\/p>\n","protected":false},"author":1,"featured_media":0,"parent":0,"menu_order":0,"comment_status":"closed","ping_status":"closed","template":"","meta":{"_bbp_topic_count":0,"_bbp_reply_count":0,"_bbp_total_topic_count":0,"_bbp_total_reply_count":0,"_bbp_voice_count":0,"_bbp_anonymous_reply_count":0,"_bbp_topic_count_hidden":0,"_bbp_reply_count_hidden":0,"_bbp_forum_subforum_count":0,"footnotes":""},"class_list":["post-12557","page","type-page","status-publish","hentry"],"post_mailing_queue_ids":[],"_links":{"self":[{"href":"https:\/\/agora.xtec.cat\/iescanet\/wp-json\/wp\/v2\/pages\/12557","targetHints":{"allow":["GET"]}}],"collection":[{"href":"https:\/\/agora.xtec.cat\/iescanet\/wp-json\/wp\/v2\/pages"}],"about":[{"href":"https:\/\/agora.xtec.cat\/iescanet\/wp-json\/wp\/v2\/types\/page"}],"author":[{"embeddable":true,"href":"https:\/\/agora.xtec.cat\/iescanet\/wp-json\/wp\/v2\/users\/1"}],"replies":[{"embeddable":true,"href":"https:\/\/agora.xtec.cat\/iescanet\/wp-json\/wp\/v2\/comments?post=12557"}],"version-history":[{"count":6,"href":"https:\/\/agora.xtec.cat\/iescanet\/wp-json\/wp\/v2\/pages\/12557\/revisions"}],"predecessor-version":[{"id":14230,"href":"https:\/\/agora.xtec.cat\/iescanet\/wp-json\/wp\/v2\/pages\/12557\/revisions\/14230"}],"wp:attachment":[{"href":"https:\/\/agora.xtec.cat\/iescanet\/wp-json\/wp\/v2\/media?parent=12557"}],"curies":[{"name":"wp","href":"https:\/\/api.w.org\/{rel}","templated":true}]}}