{"id":12551,"date":"2022-03-11T09:24:31","date_gmt":"2022-03-11T08:24:31","guid":{"rendered":"https:\/\/agora.xtec.cat\/iescanet\/?page_id=12551"},"modified":"2024-03-06T12:51:21","modified_gmt":"2024-03-06T11:51:21","slug":"ensenyaments-ofertats-eso","status":"publish","type":"page","link":"https:\/\/agora.xtec.cat\/iescanet\/ensenyaments-ofertats-eso\/","title":{"rendered":"Ensenyaments ofertats &#8211; ESO"},"content":{"rendered":"<h3>ENSENYAMENT SECUNDARI OBLIGATORI (ESO)<\/h3>\n<p>L\u2019Ensenyament Secundari Obligatori (ESO) compr\u00e8n quatre cursos, dels 12 als 16 anys.<\/p>\n<p><strong>CURR\u00cdCULUM COM\u00da:<\/strong><\/p>\n<p>Esta constitu\u00eft per totes les mat\u00e8ries que l\u2019alumne\/a ha de cursar amb car\u00e0cter obligatori:<\/p>\n<p>L\u2019alumnat de 1r a 3r d\u2019ESO cursa:<\/p>\n<div class=\"container\">\n<div class=\"row\">\n<div class=\"col-md-3\">Llengua Catalana i Literatura<br \/>\nLlengua Castellana i Literatura<br \/>\nLlengua Estrangera (Angl\u00e8s)<br \/>\nMatem\u00e0tiques<br \/>\nCi\u00e8ncies Socials: Geografia i Hist\u00f2ria<br \/>\nEducaci\u00f3 F\u00edsica<br \/>\nReligi\u00f3 o cultura i valors \u00e8tics.<br \/>\nTutoria<\/div>\n<div class=\"col-md-3\">Ci\u00e8ncies de la Naturalesa: Biologia i Geologia<br \/>\nCi\u00e8ncies de la Naturalesa: F\u00edsica i Qu\u00edmica<br \/>\nTecnologia<br \/>\nM\u00fasica<br \/>\nEducaci\u00f3 Visual i Pl\u00e0stica<\/div>\n<div><\/div>\n<\/div>\n<\/div>\n<p>A 4t d\u2019ESO les mat\u00e8ries comunes s\u00f3n les de la columna esquerra.<\/p>\n<p><strong>CURR\u00cdCULUM OPTATIU:<\/strong><\/p>\n<p>EI curr\u00edculum optatiu t\u00e9 com a finalitat que l\u2019alumnat consolidi i ampli\u00ef les capacitats i els coneixements propis, atenent a la seva diversitat.<\/p>\n<p><strong>Exemples de mat\u00e8ries optatives ofertades al centre:<\/strong> franc\u00e8s alemany, cultura cl\u00e0ssica, emprenedoria, educaci\u00f3 emocional, teatre, dibuix assistit per ordinador CAD, disseny de p\u00e0gines web, esports, orientaci\u00f3 professional&#8230;<\/p>\n<p><strong>T\u00cdTOL I ESTUDIS POSTERIORS:<\/strong><\/p>\n<p>En acabar satisfact\u00f2riament I\u2019ESO s\u2019obt\u00e9 el t\u00edtol de Graduat en Educaci\u00f3 Secundaria, que permet l\u2019acc\u00e9s als Batxillerats o als Cicles Formatius de Grau Mitj\u00e0.<\/p>\n<p>&nbsp;<\/p>\n<p>&nbsp;<\/p>\n","protected":false},"excerpt":{"rendered":"<p>ENSENYAMENT SECUNDARI OBLIGATORI (ESO)<br \/>\nL\u2019Ensenyament Secundari Obligatori (ESO) compr\u00e8n quatre cursos, dels 12 als 16 anys.<br \/>\nCURR\u00cdCULUM COM\u00da:<br \/>\nEsta constitu\u00eft per totes les mat\u00e8ries que l\u2019alumne\/a ha de cursar amb car\u00e0cter obligatori:<br \/>\nL\u2019alumnat de 1r a 3r d\u2019ESO cursa:<\/p>\n<p>Llengua Catalana i Literatura<br \/>\nLlengua Castellana i Literatura<br \/>\nLlengua Estrangera (Angl\u00e8s)<br \/>\nMatem\u00e0tiques<br \/>\nCi\u00e8ncies Socials: Geografia&hellip;  <a href=\"https:\/\/agora.xtec.cat\/iescanet\/ensenyaments-ofertats-eso\/\" title=\"Read Ensenyaments ofertats &#8211; ESO\">Llegeix m\u00e9s\u00bb<\/a><\/p>\n","protected":false},"author":1,"featured_media":0,"parent":0,"menu_order":0,"comment_status":"closed","ping_status":"closed","template":"","meta":{"_bbp_topic_count":0,"_bbp_reply_count":0,"_bbp_total_topic_count":0,"_bbp_total_reply_count":0,"_bbp_voice_count":0,"_bbp_anonymous_reply_count":0,"_bbp_topic_count_hidden":0,"_bbp_reply_count_hidden":0,"_bbp_forum_subforum_count":0,"footnotes":""},"class_list":["post-12551","page","type-page","status-publish","hentry"],"post_mailing_queue_ids":[],"_links":{"self":[{"href":"https:\/\/agora.xtec.cat\/iescanet\/wp-json\/wp\/v2\/pages\/12551","targetHints":{"allow":["GET"]}}],"collection":[{"href":"https:\/\/agora.xtec.cat\/iescanet\/wp-json\/wp\/v2\/pages"}],"about":[{"href":"https:\/\/agora.xtec.cat\/iescanet\/wp-json\/wp\/v2\/types\/page"}],"author":[{"embeddable":true,"href":"https:\/\/agora.xtec.cat\/iescanet\/wp-json\/wp\/v2\/users\/1"}],"replies":[{"embeddable":true,"href":"https:\/\/agora.xtec.cat\/iescanet\/wp-json\/wp\/v2\/comments?post=12551"}],"version-history":[{"count":3,"href":"https:\/\/agora.xtec.cat\/iescanet\/wp-json\/wp\/v2\/pages\/12551\/revisions"}],"predecessor-version":[{"id":14193,"href":"https:\/\/agora.xtec.cat\/iescanet\/wp-json\/wp\/v2\/pages\/12551\/revisions\/14193"}],"wp:attachment":[{"href":"https:\/\/agora.xtec.cat\/iescanet\/wp-json\/wp\/v2\/media?parent=12551"}],"curies":[{"name":"wp","href":"https:\/\/api.w.org\/{rel}","templated":true}]}}