{"id":12495,"date":"2022-02-28T20:43:18","date_gmt":"2022-02-28T19:43:18","guid":{"rendered":"https:\/\/agora.xtec.cat\/iescanet\/?page_id=12495"},"modified":"2023-03-07T12:04:39","modified_gmt":"2023-03-07T11:04:39","slug":"informacio-i-sollicitud-preinscripcio-eso-2022-23","status":"publish","type":"page","link":"https:\/\/agora.xtec.cat\/iescanet\/informacio-i-sollicitud-preinscripcio-eso-2022-23\/","title":{"rendered":"Informaci\u00f3 i sol\u00b7licitud preinscripci\u00f3 ESO 2023-24"},"content":{"rendered":"<h4><span style=\"color: #000000;\">DOCUMENTACI\u00d3 PER A LA PREINSCRIPCI\u00d3 ALS CURSOS D&#8217;ESO (2023-2024)<\/span><\/h4>\n<h4><\/h4>\n<h3>\u2666 <a href=\"https:\/\/agora.xtec.cat\/iescanet\/wp-content\/uploads\/usu966\/2023\/03\/Preinscripcio-ESO-23-24.pdf\">INFORMACI\u00d3<\/a><\/h3>\n<hr \/>\n<p><strong><span style=\"color: #ff9900;\">\u2666 <b><a href=\"https:\/\/view.genial.ly\/603798f51610870da32bfa59\">Presentaci\u00f3 del centre<\/a><\/b><b><\/b><\/span><\/strong><\/p>\n<hr \/>\n<p><strong><span style=\"color: #ff9900;\">\u2666 <\/span><b><a href=\"https:\/\/agora.xtec.cat\/iescanet\/ensenyaments-ofertats-2022-2023\/\">Ensenyaments ofertats curs 2023-2024<\/a><\/b><\/strong><\/p>\n<hr \/>\n<p><strong><b> <span style=\"color: #ff9900;\">\u2666 <\/span><span style=\"color: #0000ff;\">Grups escolars curs 2023-2024<\/span>:\u00a0 1r ESO: <span style=\"color: #ff0000;\">3<\/span> <\/b><\/strong>grups<strong><b>.\u00a0 2n ESO: <span style=\"color: #ff0000;\">4<\/span><span style=\"color: #ff0000;\">\u00a0<\/span><\/b><\/strong>grups<strong><b>.\u00a0 3r ESO: <span style=\"color: #ff0000;\">4<\/span><span style=\"color: #ff0000;\">\u00a0<\/span><\/b><\/strong>grups<strong><b>.\u00a0 4t ESO: <span style=\"color: #ff0000;\">4<\/span><span style=\"color: #ff0000;\">\u00a0<\/span><\/b><\/strong>grups<strong><b>.<\/b><\/strong><\/p>\n<hr \/>\n<p><strong><b><span style=\"color: #ff9900;\">\u2666 <\/span><\/b><a href=\"http:\/\/mapaescolar.gencat.cat\/\">Llocs vacants a cada nivell curs 2023-2024<\/a><\/strong><\/p>\n<hr \/>\n<p><strong><b><span style=\"color: #ff9900;\">\u2666 <\/span><\/b><a href=\"https:\/\/agora.xtec.cat\/iescanet\/wp-content\/uploads\/usu966\/2023\/03\/Mesures-datencio-especifiques.pdf\">Mesures d&#8217;atenci\u00f3 espec\u00edfiques<\/a><\/strong><\/p>\n<hr \/>\n<p style=\"font-weight: 400;\"><strong><span style=\"color: #ff9900;\">\u2666<\/span> <span style=\"color: #0000ff;\">\u00c0rea de proximitat per a cada ensenyament<\/span>.\u00a0<\/strong>Canet de Mar \u00e9s considerat municipi de zona \u00fanica per a estudis de Prim\u00e0ria, Secund\u00e0ria i Batxillerat.<\/p>\n<hr \/>\n<p><strong><b><span style=\"color: #ff9900;\">\u2666 <\/span><\/b><a href=\"https:\/\/agora.xtec.cat\/iescanet\/wp-content\/uploads\/usu966\/2023\/03\/Oferta_inicial_ESO.pdf\">Oferta inicial de places<\/a><\/strong><\/p>\n<hr \/>\n<p><b style=\"font-weight: bold;\"><span style=\"color: #ff9900;\">\u2666 <\/span><\/b><b>Relaci\u00f3 barem provisional <\/b><strong>ESO 2023-2024<\/strong><\/p>\n<hr \/>\n<p><b style=\"font-weight: bold;\"><span style=\"color: #ff9900;\">\u2666 <\/span><\/b><b>Llistes baremades <\/b><strong>ESO 2023-2024<\/strong><\/p>\n<hr \/>\n<p><b style=\"font-weight: bold;\"><span style=\"color: #ff9900;\">\u2666 <\/span><\/b><b>Llistes baremades ordenades <\/b><strong>ESO 2023-2024<\/strong><\/p>\n<hr \/>\n<p><b style=\"font-weight: bold;\"><span style=\"color: #ff9900;\">\u2666 Oferta definitiva<\/span><\/b><\/p>\n<hr \/>\n<p><b style=\"font-weight: bold;\"><span style=\"color: #ff9900;\">\u2666Alumnat assignat al centre<\/span><\/b><\/p>\n<hr \/>\n<p><b style=\"font-weight: bold;\"><span style=\"color: #ff9900;\">\u2666Llista espera<\/span><\/b><\/p>\n","protected":false},"excerpt":{"rendered":"<p>DOCUMENTACI\u00d3 PER A LA PREINSCRIPCI\u00d3 ALS CURSOS D&#8217;ESO (2023-2024)<\/p>\n<p>\u2666 <a href=\"https:\/\/agora.xtec.cat\/iescanet\/wp-content\/uploads\/usu966\/2023\/03\/Preinscripcio-ESO-23-24.pdf\">INFORMACI\u00d3<\/a><\/p>\n<p>\u2666 <a href=\"https:\/\/view.genial.ly\/603798f51610870da32bfa59\">Presentaci\u00f3 del centre<\/a><\/p>\n<p>\u2666 <a href=\"https:\/\/agora.xtec.cat\/iescanet\/ensenyaments-ofertats-2022-2023\/\">Ensenyaments ofertats curs 2023-2024<\/a><\/p>\n<p> \u2666 Grups escolars curs 2023-2024:\u00a0 1r ESO: 3 grups.\u00a0 2n ESO: 4\u00a0grups.\u00a0 3r ESO: 4\u00a0grups.\u00a0 4t ESO: 4\u00a0grups.<\/p>\n<p>\u2666 <a href=\"http:\/\/mapaescolar.gencat.cat\/\">Llocs vacants a cada nivell curs&hellip;  <a href=\"https:\/\/agora.xtec.cat\/iescanet\/informacio-i-sollicitud-preinscripcio-eso-2022-23\/\" title=\"Read Informaci\u00f3 i sol\u00b7licitud preinscripci\u00f3 ESO 2023-24\">Llegeix m\u00e9s\u00bb<\/a><\/p>\n","protected":false},"author":1,"featured_media":0,"parent":0,"menu_order":0,"comment_status":"closed","ping_status":"closed","template":"","meta":{"_bbp_topic_count":0,"_bbp_reply_count":0,"_bbp_total_topic_count":0,"_bbp_total_reply_count":0,"_bbp_voice_count":0,"_bbp_anonymous_reply_count":0,"_bbp_topic_count_hidden":0,"_bbp_reply_count_hidden":0,"_bbp_forum_subforum_count":0,"footnotes":""},"class_list":["post-12495","page","type-page","status-publish","hentry"],"post_mailing_queue_ids":[],"_links":{"self":[{"href":"https:\/\/agora.xtec.cat\/iescanet\/wp-json\/wp\/v2\/pages\/12495","targetHints":{"allow":["GET"]}}],"collection":[{"href":"https:\/\/agora.xtec.cat\/iescanet\/wp-json\/wp\/v2\/pages"}],"about":[{"href":"https:\/\/agora.xtec.cat\/iescanet\/wp-json\/wp\/v2\/types\/page"}],"author":[{"embeddable":true,"href":"https:\/\/agora.xtec.cat\/iescanet\/wp-json\/wp\/v2\/users\/1"}],"replies":[{"embeddable":true,"href":"https:\/\/agora.xtec.cat\/iescanet\/wp-json\/wp\/v2\/comments?post=12495"}],"version-history":[{"count":4,"href":"https:\/\/agora.xtec.cat\/iescanet\/wp-json\/wp\/v2\/pages\/12495\/revisions"}],"predecessor-version":[{"id":13213,"href":"https:\/\/agora.xtec.cat\/iescanet\/wp-json\/wp\/v2\/pages\/12495\/revisions\/13213"}],"wp:attachment":[{"href":"https:\/\/agora.xtec.cat\/iescanet\/wp-json\/wp\/v2\/media?parent=12495"}],"curies":[{"name":"wp","href":"https:\/\/api.w.org\/{rel}","templated":true}]}}