{"id":11687,"date":"2021-03-28T20:32:18","date_gmt":"2021-03-28T18:32:18","guid":{"rendered":"https:\/\/agora.xtec.cat\/iescanet\/?page_id=11687"},"modified":"2025-09-08T09:31:48","modified_gmt":"2025-09-08T07:31:48","slug":"informacio-general","status":"publish","type":"page","link":"https:\/\/agora.xtec.cat\/iescanet\/informacio-general\/","title":{"rendered":"Organigrama"},"content":{"rendered":"<p><a href=\"https:\/\/agora.xtec.cat\/iescanet\/wp-content\/uploads\/usu966\/2024\/02\/organigrama.png\"><img loading=\"lazy\" decoding=\"async\" class=\" wp-image-14120 aligncenter\" src=\"https:\/\/agora.xtec.cat\/iescanet\/wp-content\/uploads\/usu966\/2024\/02\/organigrama-300x193.png\" alt=\"\" width=\"630\" height=\"405\" srcset=\"https:\/\/agora.xtec.cat\/iescanet\/wp-content\/uploads\/usu966\/2024\/02\/organigrama-300x193.png 300w, https:\/\/agora.xtec.cat\/iescanet\/wp-content\/uploads\/usu966\/2024\/02\/organigrama-768x495.png 768w, https:\/\/agora.xtec.cat\/iescanet\/wp-content\/uploads\/usu966\/2024\/02\/organigrama.png 896w\" sizes=\"auto, (max-width: 630px) 100vw, 630px\" \/><\/a><\/p>\n<p>&nbsp;<\/p>\n<p>&nbsp;<\/p>\n<p><strong>EQUIP DIRECTIU<\/strong><\/p>\n<p>Amb aquest espai volem presentar-nos com l\u2019equip directiu. Els diferents c\u00e0rrecs que ocupem son els seg\u00fcents: la Marta S\u00e0nchez, professora de matem\u00e0tiques, \u00e9s la secret\u00e0ria. Raquel Serra, de tecnologia, ser\u00e0 la coordinadora pedag\u00f2gica. En Miquel Ribas, professor de socials, \u00e9s el cap d\u2019estudis. I finalment l\u2019\u00cdngrid Lorenzo, professora d\u2019angl\u00e8s, ha assumit la direcci\u00f3.<\/p>\n<p>Com a equip directiu la finalitat \u00e9s la mateixa de sempre: proporcionar a tot l\u2019alumnat l\u2019oportunitat d\u2019aprendre i progressar com a persones \u00faniques i irrepetibles.<\/p>\n<p>Si necessiteu comentar-nos res, no dubteu a contactar amb nosaltres.<\/p>\n<p>&nbsp;<\/p>\n<p>Directora: <strong>Ingrid Lorenzo Mas<\/strong>\u00a0 <a href=\"mailto:ilorenz2@iescanet.cat\">ilorenz2@iescanet.cat<\/a><\/p>\n<p>Cap d&#8217;estudis: <strong>Miquel Ribas Figueras<\/strong>\u00a0\u00a0<a href=\"mailto:mribas69@iescanet.cat\">mribas69@iescanet.cat<\/a><\/p>\n<p>Coordinadora pedag\u00f2gica: <strong>Raquel Serra Lerga<\/strong>\u00a0<a href=\"mailto:rserra18@iescanet.cat\">rserra18@iescanet.cat<\/a><\/p>\n<p>Secret\u00e0ria: <strong>Marta S\u00e1nchez\u00a0 Fern\u00e1ndez <\/strong><a href=\"mailto:msanc693@iescanet.cat\">msanc693<span class=\"\"><span class=\"atwho-query\">@iescanet.cat<\/span><\/span><\/a><\/p>\n<p><a href=\"https:\/\/agora.xtec.cat\/iescanet\/wp-content\/uploads\/usu966\/2024\/10\/20240902_105802-1-scaled.jpg\"><img loading=\"lazy\" decoding=\"async\" class=\"alignnone size-large wp-image-14557\" src=\"https:\/\/agora.xtec.cat\/iescanet\/wp-content\/uploads\/usu966\/2024\/10\/20240902_105802-1-1024x859.jpg\" alt=\"\" width=\"1024\" height=\"859\" srcset=\"https:\/\/agora.xtec.cat\/iescanet\/wp-content\/uploads\/usu966\/2024\/10\/20240902_105802-1-1024x859.jpg 1024w, https:\/\/agora.xtec.cat\/iescanet\/wp-content\/uploads\/usu966\/2024\/10\/20240902_105802-1-300x252.jpg 300w, https:\/\/agora.xtec.cat\/iescanet\/wp-content\/uploads\/usu966\/2024\/10\/20240902_105802-1-768x645.jpg 768w, https:\/\/agora.xtec.cat\/iescanet\/wp-content\/uploads\/usu966\/2024\/10\/20240902_105802-1-1536x1289.jpg 1536w, https:\/\/agora.xtec.cat\/iescanet\/wp-content\/uploads\/usu966\/2024\/10\/20240902_105802-1-2048x1719.jpg 2048w\" sizes=\"auto, (max-width: 1024px) 100vw, 1024px\" \/><\/a><\/p>\n<p style=\"text-align: center;\"><strong>Lali Ramos &#8211; Miquel Ribas &#8211; Ingrid Lorenzo &#8211; Raquel Serra &#8211; Marta S\u00e1nchez<\/strong><\/p>\n<p>&nbsp;<\/p>\n","protected":false},"excerpt":{"rendered":"<p><a href=\"https:\/\/agora.xtec.cat\/iescanet\/wp-content\/uploads\/usu966\/2024\/02\/organigrama.png\"><\/a><br \/>\n&nbsp;<br \/>\n&nbsp;<br \/>\nEQUIP DIRECTIU<br \/>\nAmb aquest espai volem presentar-nos com l\u2019equip directiu. Els diferents c\u00e0rrecs que ocupem son els seg\u00fcents: la Marta S\u00e0nchez, professora de matem\u00e0tiques, \u00e9s la secret\u00e0ria. Raquel Serra, de tecnologia, ser\u00e0 la coordinadora pedag\u00f2gica. En Miquel Ribas, professor de socials, \u00e9s el cap d\u2019estudis.&hellip;  <a href=\"https:\/\/agora.xtec.cat\/iescanet\/informacio-general\/\" title=\"Read Organigrama\">Llegeix m\u00e9s\u00bb<\/a><\/p>\n","protected":false},"author":1,"featured_media":0,"parent":0,"menu_order":0,"comment_status":"closed","ping_status":"closed","template":"","meta":{"_bbp_topic_count":0,"_bbp_reply_count":0,"_bbp_total_topic_count":0,"_bbp_total_reply_count":0,"_bbp_voice_count":0,"_bbp_anonymous_reply_count":0,"_bbp_topic_count_hidden":0,"_bbp_reply_count_hidden":0,"_bbp_forum_subforum_count":0,"footnotes":""},"class_list":["post-11687","page","type-page","status-publish","hentry"],"post_mailing_queue_ids":[],"_links":{"self":[{"href":"https:\/\/agora.xtec.cat\/iescanet\/wp-json\/wp\/v2\/pages\/11687","targetHints":{"allow":["GET"]}}],"collection":[{"href":"https:\/\/agora.xtec.cat\/iescanet\/wp-json\/wp\/v2\/pages"}],"about":[{"href":"https:\/\/agora.xtec.cat\/iescanet\/wp-json\/wp\/v2\/types\/page"}],"author":[{"embeddable":true,"href":"https:\/\/agora.xtec.cat\/iescanet\/wp-json\/wp\/v2\/users\/1"}],"replies":[{"embeddable":true,"href":"https:\/\/agora.xtec.cat\/iescanet\/wp-json\/wp\/v2\/comments?post=11687"}],"version-history":[{"count":7,"href":"https:\/\/agora.xtec.cat\/iescanet\/wp-json\/wp\/v2\/pages\/11687\/revisions"}],"predecessor-version":[{"id":14891,"href":"https:\/\/agora.xtec.cat\/iescanet\/wp-json\/wp\/v2\/pages\/11687\/revisions\/14891"}],"wp:attachment":[{"href":"https:\/\/agora.xtec.cat\/iescanet\/wp-json\/wp\/v2\/media?parent=11687"}],"curies":[{"name":"wp","href":"https:\/\/api.w.org\/{rel}","templated":true}]}}