{"id":10916,"date":"2020-07-07T11:32:15","date_gmt":"2020-07-07T09:32:15","guid":{"rendered":"https:\/\/agora.xtec.cat\/iescanet\/?page_id=10916"},"modified":"2021-05-03T18:32:24","modified_gmt":"2021-05-03T16:32:24","slug":"recomanacions-dactivitats-estiu-2020","status":"publish","type":"page","link":"https:\/\/agora.xtec.cat\/iescanet\/recomanacions-dactivitats-estiu-2020\/","title":{"rendered":"RECOMANACIONS D&#8217;ACTIVITATS &#8220;ESTIU 2020&#8221;"},"content":{"rendered":"<hr \/>\n<p><strong><span style=\"color: #0000ff;\">\u2666<\/span> <a href=\"https:\/\/agora.xtec.cat\/iescanet\/wp-content\/uploads\/usu966\/2020\/07\/Estiu20_CAT_RecomanacionsEstiu.pdf\"><strong>LLENGUA CATALANA i LITERATURA: Activitats recomanades per a l&#8217;estiu<\/strong><\/a><\/strong><\/p>\n<hr \/>\n<p><strong><span style=\"color: #0000ff;\">\u2666<\/span> <a href=\"https:\/\/agora.xtec.cat\/iescanet\/wp-content\/uploads\/usu966\/2020\/07\/Estiu20_CAS_ListaLecturaJuvenilVerano.pdf\"><strong>LENGUA CASTELLANA Y LITERATURA: Lista de lectura juvenil para el verano<\/strong><\/a><\/strong><\/p>\n<hr \/>\n<p><strong><span style=\"color: #0000ff;\">\u2666<\/span> <a href=\"https:\/\/agora.xtec.cat\/iescanet\/wp-content\/uploads\/usu966\/2020\/07\/Estiu20_IDI_RecomanacionsLecturesEstiu.pdf\"><strong>LLENG\u00dcES ESTRANGERES: Recomanacions de lectures per a l&#8217;estiu<\/strong><\/a><\/strong><\/p>\n<hr \/>\n<p><strong><span style=\"color: #0000ff;\">\u2666<\/span> <a href=\"https:\/\/agora.xtec.cat\/iescanet\/wp-content\/uploads\/usu966\/2020\/07\/Estiu20_CE_DiariNaturalistaViatge.pdf\"><strong>CI\u00c8NCIES EXPERIMENTALS: Diari naturalista de viatge<\/strong><\/a><\/strong><\/p>\n<hr \/>\n<p><strong><span style=\"color: #0000ff;\">\u2666<\/span> <a href=\"https:\/\/agora.xtec.cat\/iescanet\/wp-content\/uploads\/usu966\/2020\/07\/Estiu20_CE_LecturesCientifiques.pdf\"><strong>CI\u00c8NCIES EXPERIMENTALS: Lectures cient\u00edfiques d&#8217;estiu<\/strong><\/a><\/strong><\/p>\n<hr \/>\n<p><strong><span style=\"color: #0000ff;\">\u2666<\/span> <a href=\"https:\/\/agora.xtec.cat\/iescanet\/wp-content\/uploads\/usu966\/2020\/07\/Estiu20_CE_PetitesInvestigacionsEstiu.pdf\"><strong>CI\u00c8NCIES EXPERIMENTALS: Petites investigacions i projectes d&#8217;estiu<\/strong><\/a><\/strong><\/p>\n<hr \/>\n<p><strong><span style=\"color: #0000ff;\">\u2666<\/span> <a href=\"https:\/\/agora.xtec.cat\/iescanet\/wp-content\/uploads\/usu966\/2020\/07\/Estiu20_EF_RecomanacionsEstiu.pdf\"><strong>EDUCACI\u00d3 F\u00cdSICA: Recomanacions d&#8217;activitats f\u00edsiques per a l&#8217;estiu<\/strong><\/a><\/strong><\/p>\n<hr \/>\n<p>&nbsp;<\/p>\n","protected":false},"excerpt":{"rendered":"<p>\u2666 <a href=\"https:\/\/agora.xtec.cat\/iescanet\/wp-content\/uploads\/usu966\/2020\/07\/Estiu20_CAT_RecomanacionsEstiu.pdf\">LLENGUA CATALANA i LITERATURA: Activitats recomanades per a l&#8217;estiu<\/a><\/p>\n<p>\u2666 <a href=\"https:\/\/agora.xtec.cat\/iescanet\/wp-content\/uploads\/usu966\/2020\/07\/Estiu20_CAS_ListaLecturaJuvenilVerano.pdf\">LENGUA CASTELLANA Y LITERATURA: Lista de lectura juvenil para el verano<\/a><\/p>\n<p>\u2666 <a href=\"https:\/\/agora.xtec.cat\/iescanet\/wp-content\/uploads\/usu966\/2020\/07\/Estiu20_IDI_RecomanacionsLecturesEstiu.pdf\">LLENG\u00dcES ESTRANGERES: Recomanacions de lectures per a l&#8217;estiu<\/a><\/p>\n<p>\u2666 <a href=\"https:\/\/agora.xtec.cat\/iescanet\/wp-content\/uploads\/usu966\/2020\/07\/Estiu20_CE_DiariNaturalistaViatge.pdf\">CI\u00c8NCIES EXPERIMENTALS: Diari naturalista de viatge<\/a><\/p>\n<p>\u2666 <a href=\"https:\/\/agora.xtec.cat\/iescanet\/wp-content\/uploads\/usu966\/2020\/07\/Estiu20_CE_LecturesCientifiques.pdf\">CI\u00c8NCIES EXPERIMENTALS: Lectures cient\u00edfiques d&#8217;estiu<\/a><\/p>\n<p>\u2666&hellip;  <a href=\"https:\/\/agora.xtec.cat\/iescanet\/recomanacions-dactivitats-estiu-2020\/\" title=\"Read RECOMANACIONS D&#8217;ACTIVITATS &#8220;ESTIU 2020&#8221;\">Llegeix m\u00e9s\u00bb<\/a><\/p>\n","protected":false},"author":1,"featured_media":0,"parent":0,"menu_order":0,"comment_status":"closed","ping_status":"closed","template":"","meta":{"_bbp_topic_count":0,"_bbp_reply_count":0,"_bbp_total_topic_count":0,"_bbp_total_reply_count":0,"_bbp_voice_count":0,"_bbp_anonymous_reply_count":0,"_bbp_topic_count_hidden":0,"_bbp_reply_count_hidden":0,"_bbp_forum_subforum_count":0,"footnotes":""},"class_list":["post-10916","page","type-page","status-publish","hentry"],"post_mailing_queue_ids":[],"_links":{"self":[{"href":"https:\/\/agora.xtec.cat\/iescanet\/wp-json\/wp\/v2\/pages\/10916","targetHints":{"allow":["GET"]}}],"collection":[{"href":"https:\/\/agora.xtec.cat\/iescanet\/wp-json\/wp\/v2\/pages"}],"about":[{"href":"https:\/\/agora.xtec.cat\/iescanet\/wp-json\/wp\/v2\/types\/page"}],"author":[{"embeddable":true,"href":"https:\/\/agora.xtec.cat\/iescanet\/wp-json\/wp\/v2\/users\/1"}],"replies":[{"embeddable":true,"href":"https:\/\/agora.xtec.cat\/iescanet\/wp-json\/wp\/v2\/comments?post=10916"}],"version-history":[{"count":3,"href":"https:\/\/agora.xtec.cat\/iescanet\/wp-json\/wp\/v2\/pages\/10916\/revisions"}],"predecessor-version":[{"id":11771,"href":"https:\/\/agora.xtec.cat\/iescanet\/wp-json\/wp\/v2\/pages\/10916\/revisions\/11771"}],"wp:attachment":[{"href":"https:\/\/agora.xtec.cat\/iescanet\/wp-json\/wp\/v2\/media?parent=10916"}],"curies":[{"name":"wp","href":"https:\/\/api.w.org\/{rel}","templated":true}]}}