{"id":1010,"date":"2015-08-30T08:51:28","date_gmt":"2015-08-30T07:51:28","guid":{"rendered":"http:\/\/iescanet.cat\/?page_id=1010"},"modified":"2020-03-15T20:45:41","modified_gmt":"2020-03-15T19:45:41","slug":"serveis-educatius","status":"publish","type":"page","link":"https:\/\/agora.xtec.cat\/iescanet\/serveis-educatius\/","title":{"rendered":"Serveis Educatius"},"content":{"rendered":"<ul>\n<li>Servei psicopedag\u00f2gic i d\u2019orientaci\u00f3.<\/li>\n<li>Tutoria i atenci\u00f3 individualitzada.<\/li>\n<li>Projectes de centre:\n<ul>\n<li>Projecte de lectura.<\/li>\n<li>Taller d\u2019escriptura.<\/li>\n<li>Generaci\u00f3 pluriling\u00fce: \u00fas de l\u2019angl\u00e8s en altres mat\u00e8ries.<\/li>\n<li>Intercanvis en llengua anglesa, francesa i alemanya<\/li>\n<li>Mediaci\u00f3.<\/li>\n<li>Projectes d\u2019excel\u00b7l\u00e8ncia: rob\u00f2tica, blogs, revista i ci\u00e8ncia.<\/li>\n<\/ul>\n<\/li>\n<li>Plans de tractament i atenci\u00f3 a la diversitat d\u2019alumnat de necessitats educatives especials.<\/li>\n<li>Suport intensiu a l\u2019educaci\u00f3 inclusiva.<\/li>\n<li>Projecte de diversificaci\u00f3 curricular (Pasarel\u00b7les).<\/li>\n<li>Avaluaci\u00f3 cont\u00ednua i preavaluaci\u00f3 al 1r trimestre.<\/li>\n<li>Important equipament inform\u00e0tic amb pissarres digitals interactives i canons de projecci\u00f3 d\u2019\u00faltima generaci\u00f3.<\/li>\n<li>Control informatitzat de I\u2019assist\u00e8ncia de I\u2019alumnat. Comunicaci\u00f3 immediata d\u2019incid\u00e8ncies i tramesa peri\u00f2dica d\u2019informaci\u00f3 escrita a les fam\u00edlies.<\/li>\n<li>Pr\u00e0ctiques a les empreses.<\/li>\n<li>Biblioteca i inform\u00e0tica<\/li>\n<\/ul>\n<p><strong>Activitats docents complement\u00e0ries<\/strong><\/p>\n<ul>\n<li>Sortides did\u00e0ctiques i culturals: teatre, museus, exposicions, monuments\u2026<\/li>\n<li>Sortides de llarga durada: treballs de s\u00edntesi, viatge de fi d\u2019etapa ESO, viatges a Madrid, Fran\u00e7a, S\u00f2ria\u2026<\/li>\n<li>Programes de car\u00e0cter transversal (confer\u00e8ncies, xerrades, visites\u2026):orientaci\u00f3 acad\u00e8mica, educaci\u00f3 vi\u00e0ria, sexualitat, drogodepend\u00e8ncies i toxicomanies, alcoholisme i tabaquisme, anor\u00e8xia i bul\u00edmia, orientaci\u00f3 professional i acad\u00e8mica, interculturalitat i solidaritat\u2026<\/li>\n<li>Activitats coordinades amb mitjans de comunicaci\u00f3: EI Peri\u00f3dico, Catalunya R\u00e0dio, VilaWeb\u2026<\/li>\n<li>Certamen literari de Sant Jordi.<\/li>\n<li>Revista de l\u2019institut: Ai\u2026 Dom\u00e8nech!<\/li>\n<\/ul>\n\n\t\t<style type=\"text\/css\">\n\t\t\t#gallery-1 {\n\t\t\t\tmargin: auto;\n\t\t\t}\n\t\t\t#gallery-1 .gallery-item {\n\t\t\t\tfloat: left;\n\t\t\t\tmargin-top: 10px;\n\t\t\t\ttext-align: center;\n\t\t\t\twidth: 33%;\n\t\t\t}\n\t\t\t#gallery-1 img {\n\t\t\t\tborder: 2px solid #cfcfcf;\n\t\t\t}\n\t\t\t#gallery-1 .gallery-caption {\n\t\t\t\tmargin-left: 0;\n\t\t\t}\n\t\t\t\/* see gallery_shortcode() in wp-includes\/media.php *\/\n\t\t<\/style>\n\t\t<div id='gallery-1' class='gallery galleryid-1010 gallery-columns-3 gallery-size-large'><dl class='gallery-item'>\n\t\t\t<dt class='gallery-icon landscape'>\n\t\t\t\t<a href='https:\/\/agora.xtec.cat\/iescanet\/wp-content\/uploads\/usu966\/2020\/03\/Institut_22x.jpg'><img loading=\"lazy\" decoding=\"async\" width=\"1024\" height=\"576\" src=\"https:\/\/agora.xtec.cat\/iescanet\/wp-content\/uploads\/usu966\/2020\/03\/Institut_22x-1024x576.jpg\" class=\"attachment-large size-large\" alt=\"\" srcset=\"https:\/\/agora.xtec.cat\/iescanet\/wp-content\/uploads\/usu966\/2020\/03\/Institut_22x.jpg 1024w, https:\/\/agora.xtec.cat\/iescanet\/wp-content\/uploads\/usu966\/2020\/03\/Institut_22x-300x169.jpg 300w, https:\/\/agora.xtec.cat\/iescanet\/wp-content\/uploads\/usu966\/2020\/03\/Institut_22x-768x432.jpg 768w\" sizes=\"auto, (max-width: 1024px) 100vw, 1024px\" \/><\/a>\n\t\t\t<\/dt><\/dl><dl class='gallery-item'>\n\t\t\t<dt class='gallery-icon landscape'>\n\t\t\t\t<a href='https:\/\/agora.xtec.cat\/iescanet\/wp-content\/uploads\/usu966\/2020\/03\/Institut_38x.jpg'><img loading=\"lazy\" decoding=\"async\" width=\"1024\" height=\"576\" src=\"https:\/\/agora.xtec.cat\/iescanet\/wp-content\/uploads\/usu966\/2020\/03\/Institut_38x-1024x576.jpg\" class=\"attachment-large size-large\" alt=\"\" srcset=\"https:\/\/agora.xtec.cat\/iescanet\/wp-content\/uploads\/usu966\/2020\/03\/Institut_38x.jpg 1024w, https:\/\/agora.xtec.cat\/iescanet\/wp-content\/uploads\/usu966\/2020\/03\/Institut_38x-300x169.jpg 300w, https:\/\/agora.xtec.cat\/iescanet\/wp-content\/uploads\/usu966\/2020\/03\/Institut_38x-768x432.jpg 768w\" sizes=\"auto, (max-width: 1024px) 100vw, 1024px\" \/><\/a>\n\t\t\t<\/dt><\/dl><dl class='gallery-item'>\n\t\t\t<dt class='gallery-icon landscape'>\n\t\t\t\t<a href='https:\/\/agora.xtec.cat\/iescanet\/wp-content\/uploads\/usu966\/2020\/03\/Institut_20x.jpg'><img loading=\"lazy\" decoding=\"async\" width=\"791\" height=\"442\" src=\"https:\/\/agora.xtec.cat\/iescanet\/wp-content\/uploads\/usu966\/2020\/03\/Institut_20x.jpg\" class=\"attachment-large size-large\" alt=\"\" srcset=\"https:\/\/agora.xtec.cat\/iescanet\/wp-content\/uploads\/usu966\/2020\/03\/Institut_20x.jpg 791w, https:\/\/agora.xtec.cat\/iescanet\/wp-content\/uploads\/usu966\/2020\/03\/Institut_20x-300x168.jpg 300w, https:\/\/agora.xtec.cat\/iescanet\/wp-content\/uploads\/usu966\/2020\/03\/Institut_20x-768x429.jpg 768w\" sizes=\"auto, (max-width: 791px) 100vw, 791px\" \/><\/a>\n\t\t\t<\/dt><\/dl><br style=\"clear: both\" \/><dl class='gallery-item'>\n\t\t\t<dt class='gallery-icon landscape'>\n\t\t\t\t<a href='https:\/\/agora.xtec.cat\/iescanet\/wp-content\/uploads\/usu966\/2020\/03\/Institut_39x.jpg'><img loading=\"lazy\" decoding=\"async\" width=\"768\" height=\"432\" src=\"https:\/\/agora.xtec.cat\/iescanet\/wp-content\/uploads\/usu966\/2020\/03\/Institut_39x.jpg\" class=\"attachment-large size-large\" alt=\"\" srcset=\"https:\/\/agora.xtec.cat\/iescanet\/wp-content\/uploads\/usu966\/2020\/03\/Institut_39x.jpg 768w, https:\/\/agora.xtec.cat\/iescanet\/wp-content\/uploads\/usu966\/2020\/03\/Institut_39x-300x169.jpg 300w\" sizes=\"auto, (max-width: 768px) 100vw, 768px\" \/><\/a>\n\t\t\t<\/dt><\/dl><dl class='gallery-item'>\n\t\t\t<dt class='gallery-icon landscape'>\n\t\t\t\t<a href='https:\/\/agora.xtec.cat\/iescanet\/wp-content\/uploads\/usu966\/2020\/03\/Institut_21x.jpg'><img loading=\"lazy\" decoding=\"async\" width=\"1024\" height=\"576\" src=\"https:\/\/agora.xtec.cat\/iescanet\/wp-content\/uploads\/usu966\/2020\/03\/Institut_21x-1024x576.jpg\" class=\"attachment-large size-large\" alt=\"\" srcset=\"https:\/\/agora.xtec.cat\/iescanet\/wp-content\/uploads\/usu966\/2020\/03\/Institut_21x.jpg 1024w, https:\/\/agora.xtec.cat\/iescanet\/wp-content\/uploads\/usu966\/2020\/03\/Institut_21x-300x169.jpg 300w, https:\/\/agora.xtec.cat\/iescanet\/wp-content\/uploads\/usu966\/2020\/03\/Institut_21x-768x432.jpg 768w\" sizes=\"auto, (max-width: 1024px) 100vw, 1024px\" \/><\/a>\n\t\t\t<\/dt><\/dl><dl class='gallery-item'>\n\t\t\t<dt class='gallery-icon landscape'>\n\t\t\t\t<a href='https:\/\/agora.xtec.cat\/iescanet\/wp-content\/uploads\/usu966\/2020\/03\/Institut_40x.jpg'><img loading=\"lazy\" decoding=\"async\" width=\"900\" height=\"506\" src=\"https:\/\/agora.xtec.cat\/iescanet\/wp-content\/uploads\/usu966\/2020\/03\/Institut_40x.jpg\" class=\"attachment-large size-large\" alt=\"\" srcset=\"https:\/\/agora.xtec.cat\/iescanet\/wp-content\/uploads\/usu966\/2020\/03\/Institut_40x.jpg 900w, https:\/\/agora.xtec.cat\/iescanet\/wp-content\/uploads\/usu966\/2020\/03\/Institut_40x-300x169.jpg 300w, https:\/\/agora.xtec.cat\/iescanet\/wp-content\/uploads\/usu966\/2020\/03\/Institut_40x-768x432.jpg 768w\" sizes=\"auto, (max-width: 900px) 100vw, 900px\" \/><\/a>\n\t\t\t<\/dt><\/dl><br style=\"clear: both\" \/><dl class='gallery-item'>\n\t\t\t<dt class='gallery-icon landscape'>\n\t\t\t\t<a href='https:\/\/agora.xtec.cat\/iescanet\/wp-content\/uploads\/usu966\/2020\/03\/Institut_19x.jpg'><img loading=\"lazy\" decoding=\"async\" width=\"1024\" height=\"576\" src=\"https:\/\/agora.xtec.cat\/iescanet\/wp-content\/uploads\/usu966\/2020\/03\/Institut_19x-1024x576.jpg\" class=\"attachment-large size-large\" alt=\"\" srcset=\"https:\/\/agora.xtec.cat\/iescanet\/wp-content\/uploads\/usu966\/2020\/03\/Institut_19x.jpg 1024w, https:\/\/agora.xtec.cat\/iescanet\/wp-content\/uploads\/usu966\/2020\/03\/Institut_19x-300x169.jpg 300w, https:\/\/agora.xtec.cat\/iescanet\/wp-content\/uploads\/usu966\/2020\/03\/Institut_19x-768x432.jpg 768w\" sizes=\"auto, (max-width: 1024px) 100vw, 1024px\" \/><\/a>\n\t\t\t<\/dt><\/dl><dl class='gallery-item'>\n\t\t\t<dt class='gallery-icon landscape'>\n\t\t\t\t<a href='https:\/\/agora.xtec.cat\/iescanet\/wp-content\/uploads\/usu966\/2020\/03\/Institut_032x.jpg'><img loading=\"lazy\" decoding=\"async\" width=\"864\" height=\"486\" src=\"https:\/\/agora.xtec.cat\/iescanet\/wp-content\/uploads\/usu966\/2020\/03\/Institut_032x.jpg\" class=\"attachment-large size-large\" alt=\"\" srcset=\"https:\/\/agora.xtec.cat\/iescanet\/wp-content\/uploads\/usu966\/2020\/03\/Institut_032x.jpg 864w, https:\/\/agora.xtec.cat\/iescanet\/wp-content\/uploads\/usu966\/2020\/03\/Institut_032x-300x169.jpg 300w, https:\/\/agora.xtec.cat\/iescanet\/wp-content\/uploads\/usu966\/2020\/03\/Institut_032x-768x432.jpg 768w\" sizes=\"auto, (max-width: 864px) 100vw, 864px\" \/><\/a>\n\t\t\t<\/dt><\/dl><dl class='gallery-item'>\n\t\t\t<dt class='gallery-icon landscape'>\n\t\t\t\t<a href='https:\/\/agora.xtec.cat\/iescanet\/wp-content\/uploads\/usu966\/2020\/03\/Institut_37x.jpg'><img loading=\"lazy\" decoding=\"async\" width=\"1024\" height=\"576\" src=\"https:\/\/agora.xtec.cat\/iescanet\/wp-content\/uploads\/usu966\/2020\/03\/Institut_37x-1024x576.jpg\" class=\"attachment-large size-large\" alt=\"\" srcset=\"https:\/\/agora.xtec.cat\/iescanet\/wp-content\/uploads\/usu966\/2020\/03\/Institut_37x.jpg 1024w, https:\/\/agora.xtec.cat\/iescanet\/wp-content\/uploads\/usu966\/2020\/03\/Institut_37x-300x169.jpg 300w, https:\/\/agora.xtec.cat\/iescanet\/wp-content\/uploads\/usu966\/2020\/03\/Institut_37x-768x432.jpg 768w\" sizes=\"auto, (max-width: 1024px) 100vw, 1024px\" \/><\/a>\n\t\t\t<\/dt><\/dl><br style=\"clear: both\" \/>\n\t\t<\/div>\n\n","protected":false},"excerpt":{"rendered":"<ul>\n<li>Servei psicopedag\u00f2gic i d\u2019orientaci\u00f3.<\/li>\n<li>Tutoria i atenci\u00f3 individualitzada.<\/li>\n<li>Projectes de centre:\n<ul>\n<li>Projecte de lectura.<\/li>\n<li>Taller d\u2019escriptura.<\/li>\n<li>Generaci\u00f3 pluriling\u00fce: \u00fas de l\u2019angl\u00e8s en altres mat\u00e8ries.<\/li>\n<li>Intercanvis en llengua anglesa, francesa i alemanya<\/li>\n<li>Mediaci\u00f3.<\/li>\n<li>Projectes d\u2019excel\u00b7l\u00e8ncia: rob\u00f2tica, blogs, revista i ci\u00e8ncia.<\/li>\n<\/ul>\n<\/li>\n<li>Plans de tractament i atenci\u00f3 a la diversitat d\u2019alumnat de necessitats educatives especials.<\/li>\n<li>Suport intensiu a&hellip;  <a href=\"https:\/\/agora.xtec.cat\/iescanet\/serveis-educatius\/\" title=\"Read Serveis Educatius\">Llegeix m\u00e9s\u00bb<\/a><br \/>\n","protected":false},"author":1,"featured_media":0,"parent":0,"menu_order":0,"comment_status":"closed","ping_status":"closed","template":"","meta":{"_bbp_topic_count":0,"_bbp_reply_count":0,"_bbp_total_topic_count":0,"_bbp_total_reply_count":0,"_bbp_voice_count":0,"_bbp_anonymous_reply_count":0,"_bbp_topic_count_hidden":0,"_bbp_reply_count_hidden":0,"_bbp_forum_subforum_count":0,"footnotes":""},"class_list":["post-1010","page","type-page","status-publish","hentry"],"post_mailing_queue_ids":[],"_links":{"self":[{"href":"https:\/\/agora.xtec.cat\/iescanet\/wp-json\/wp\/v2\/pages\/1010","targetHints":{"allow":["GET"]}}],"collection":[{"href":"https:\/\/agora.xtec.cat\/iescanet\/wp-json\/wp\/v2\/pages"}],"about":[{"href":"https:\/\/agora.xtec.cat\/iescanet\/wp-json\/wp\/v2\/types\/page"}],"author":[{"embeddable":true,"href":"https:\/\/agora.xtec.cat\/iescanet\/wp-json\/wp\/v2\/users\/1"}],"replies":[{"embeddable":true,"href":"https:\/\/agora.xtec.cat\/iescanet\/wp-json\/wp\/v2\/comments?post=1010"}],"version-history":[{"count":3,"href":"https:\/\/agora.xtec.cat\/iescanet\/wp-json\/wp\/v2\/pages\/1010\/revisions"}],"predecessor-version":[{"id":9921,"href":"https:\/\/agora.xtec.cat\/iescanet\/wp-json\/wp\/v2\/pages\/1010\/revisions\/9921"}],"wp:attachment":[{"href":"https:\/\/agora.xtec.cat\/iescanet\/wp-json\/wp\/v2\/media?parent=1010"}],"curies":[{"name":"wp","href":"https:\/\/api.w.org\/{rel}","templated":true}]}}