{"id":9660,"date":"2018-09-28T11:40:18","date_gmt":"2018-09-28T09:40:18","guid":{"rendered":"http:\/\/agora.xtec.cat\/iescandelera\/?page_id=9660"},"modified":"2024-12-11T16:37:38","modified_gmt":"2024-12-11T15:37:38","slug":"projecte-gep-grup-experimental-pel-plurilinguisme-apendre-llengues-estrangeres-a-traves-de-les-materies","status":"publish","type":"page","link":"https:\/\/agora.xtec.cat\/iescandelera\/projectes-del-centre\/raco-aicle\/projecte-gep-grup-experimental-pel-plurilinguisme-apendre-llengues-estrangeres-a-traves-de-les-materies\/","title":{"rendered":"PROJECTE GEP. Grup Experimental pel Pluriling\u00fcisme."},"content":{"rendered":"<p>PROJECTE GEP. Grup Experimental pel Pluriling\u00fcisme. Aprendre lleng\u00fces estrangeres a traves de les mat\u00e8ries.<\/p>\n<p>Durant el curs 2018-2019, l\u2019Institut s&#8217;incorpora al Grup Experimental pel Pluriling\u00fcisme (GEP) en el que participen centres escolars de tot Catalunya i que t\u00e9 com a objectiu millorar la compet\u00e8ncia ling\u00fc\u00edstica i pluriling\u00fce de l\u2019alumnat tot augmentant la pres\u00e8ncia de la llengua anglesa al centre a trav\u00e9s de l\u2019aprenentatge de certs continguts de mat\u00e8ries no ling\u00fc\u00edstiques en angl\u00e8s.<\/p>\n<p>La pertinen\u00e7a al GEP suposa:<\/p>\n<ul>\n<li>La formaci\u00f3 de tres membres del claustre en l\u2019enfocament AICLE.<\/li>\n<li>L\u2019exist\u00e8ncia d\u2019un grup impulsor format per professorat de diferents \u00e0rees on es coordina les actuacions del pla d\u2019impuls a les lleng\u00fces estrangeres.<\/li>\n<li>D\u00f3na al nostre centre una certa prioritat a l\u2019hora de gaudir d\u2019una persona auxiliar de conversa.<\/li>\n<\/ul>\n<p>Aquest programa d\u2019innovaci\u00f3 educativa t\u00e9 una durada de tres cursos escolars (2018-2021).<\/p>\n<p>Si desitgeu m\u00e9s informaci\u00f3 feu clic <a href=\"http:\/\/xtec.gencat.cat\/ca\/projectes\/plurilinguisme\/programes\/pluri\/gep\/\">a\u00e7\u00ed<\/a>.<\/p>\n<p><a href=\"https:\/\/agora.xtec.cat\/iescandelera\/nodes\/gep\/\">Espai Web GEP<\/a><\/p>\n","protected":false},"excerpt":{"rendered":"<p>PROJECTE GEP. Grup Experimental pel Pluriling\u00fcisme. Aprendre lleng\u00fces estrangeres a traves de les mat\u00e8ries. Durant el curs 2018-2019, l\u2019Institut s&#8217;incorpora al Grup Experimental pel Pluriling\u00fcisme (GEP) en el que participen centres escolars de tot Catalunya i que t\u00e9 com a objectiu millorar la compet\u00e8ncia ling\u00fc\u00edstica i pluriling\u00fce de l\u2019alumnat tot augmentant la pres\u00e8ncia de la [&hellip;]<\/p>\n","protected":false},"author":1,"featured_media":0,"parent":13293,"menu_order":10,"comment_status":"closed","ping_status":"closed","template":"page-templates\/side-menu.php","meta":{"_bbp_topic_count":0,"_bbp_reply_count":0,"_bbp_total_topic_count":0,"_bbp_total_reply_count":0,"_bbp_voice_count":0,"_bbp_anonymous_reply_count":0,"_bbp_topic_count_hidden":0,"_bbp_reply_count_hidden":0,"_bbp_forum_subforum_count":0,"site-sidebar-layout":"default","site-content-layout":"","ast-site-content-layout":"","site-content-style":"default","site-sidebar-style":"default","ast-global-header-display":"","ast-banner-title-visibility":"","ast-main-header-display":"","ast-hfb-above-header-display":"","ast-hfb-below-header-display":"","ast-hfb-mobile-header-display":"","site-post-title":"","ast-breadcrumbs-content":"","ast-featured-img":"","footer-sml-layout":"","theme-transparent-header-meta":"","adv-header-id-meta":"","stick-header-meta":"","header-above-stick-meta":"","header-main-stick-meta":"","header-below-stick-meta":"","astra-migrate-meta-layouts":"default","ast-page-background-enabled":"default","ast-page-background-meta":{"desktop":{"background-color":"var(--ast-global-color-4)","background-image":"","background-repeat":"repeat","background-position":"center center","background-size":"auto","background-attachment":"scroll","background-type":"","background-media":"","overlay-type":"","overlay-color":"","overlay-opacity":"","overlay-gradient":""},"tablet":{"background-color":"","background-image":"","background-repeat":"repeat","background-position":"center center","background-size":"auto","background-attachment":"scroll","background-type":"","background-media":"","overlay-type":"","overlay-color":"","overlay-opacity":"","overlay-gradient":""},"mobile":{"background-color":"","background-image":"","background-repeat":"repeat","background-position":"center center","background-size":"auto","background-attachment":"scroll","background-type":"","background-media":"","overlay-type":"","overlay-color":"","overlay-opacity":"","overlay-gradient":""}},"ast-content-background-meta":{"desktop":{"background-color":"var(--ast-global-color-5)","background-image":"","background-repeat":"repeat","background-position":"center center","background-size":"auto","background-attachment":"scroll","background-type":"","background-media":"","overlay-type":"","overlay-color":"","overlay-opacity":"","overlay-gradient":""},"tablet":{"background-color":"var(--ast-global-color-5)","background-image":"","background-repeat":"repeat","background-position":"center center","background-size":"auto","background-attachment":"scroll","background-type":"","background-media":"","overlay-type":"","overlay-color":"","overlay-opacity":"","overlay-gradient":""},"mobile":{"background-color":"var(--ast-global-color-5)","background-image":"","background-repeat":"repeat","background-position":"center center","background-size":"auto","background-attachment":"scroll","background-type":"","background-media":"","overlay-type":"","overlay-color":"","overlay-opacity":"","overlay-gradient":""}},"footnotes":""},"class_list":["post-9660","page","type-page","status-publish","hentry"],"post_mailing_queue_ids":[],"_links":{"self":[{"href":"https:\/\/agora.xtec.cat\/iescandelera\/wp-json\/wp\/v2\/pages\/9660","targetHints":{"allow":["GET"]}}],"collection":[{"href":"https:\/\/agora.xtec.cat\/iescandelera\/wp-json\/wp\/v2\/pages"}],"about":[{"href":"https:\/\/agora.xtec.cat\/iescandelera\/wp-json\/wp\/v2\/types\/page"}],"author":[{"embeddable":true,"href":"https:\/\/agora.xtec.cat\/iescandelera\/wp-json\/wp\/v2\/users\/1"}],"replies":[{"embeddable":true,"href":"https:\/\/agora.xtec.cat\/iescandelera\/wp-json\/wp\/v2\/comments?post=9660"}],"version-history":[{"count":3,"href":"https:\/\/agora.xtec.cat\/iescandelera\/wp-json\/wp\/v2\/pages\/9660\/revisions"}],"predecessor-version":[{"id":9780,"href":"https:\/\/agora.xtec.cat\/iescandelera\/wp-json\/wp\/v2\/pages\/9660\/revisions\/9780"}],"up":[{"embeddable":true,"href":"https:\/\/agora.xtec.cat\/iescandelera\/wp-json\/wp\/v2\/pages\/13293"}],"wp:attachment":[{"href":"https:\/\/agora.xtec.cat\/iescandelera\/wp-json\/wp\/v2\/media?parent=9660"}],"curies":[{"name":"wp","href":"https:\/\/api.w.org\/{rel}","templated":true}]}}