{"id":9607,"date":"2018-09-24T17:31:22","date_gmt":"2018-09-24T15:31:22","guid":{"rendered":"http:\/\/agora.xtec.cat\/iescandelera\/?page_id=9607"},"modified":"2025-07-26T09:22:42","modified_gmt":"2025-07-26T07:22:42","slug":"departament-de-castella","status":"publish","type":"page","link":"https:\/\/agora.xtec.cat\/iescandelera\/linstitut\/departaments\/departament-de-castella\/","title":{"rendered":"Departament de Lleng\u00fces"},"content":{"rendered":"<table width=\"930\" cellspacing=\"0\" cellpadding=\"7\">\n<tbody>\n<tr>\n<td style=\"background: #c9daf8;\" colspan=\"4\" valign=\"top\" bgcolor=\"#c9daf8\" width=\"914\" height=\"13\">\n<p align=\"center\"><b>DEPARTAMENT DE LLENG\u00dcES<\/b><\/p>\n<\/td>\n<\/tr>\n<tr valign=\"top\">\n<td width=\"170\">\n<p align=\"center\"><b>CAP DEPARTAMENT<\/b><\/p>\n<\/td>\n<td width=\"220\">Llengua i Literatura castellana<\/td>\n<td width=\"280\">Gabriel Pi\u00f1ol Ribas<\/td>\n<td width=\"202\">gpinol@inscandelera.cat<\/td>\n<\/tr>\n<tr valign=\"top\">\n<td rowspan=\"7\" width=\"170\" height=\"13\"><\/td>\n<td width=\"220\">Llengua i Literatura castellana<\/td>\n<td width=\"280\">Jos\u00e9 Mart\u00ednez Penad\u00e9s<\/td>\n<td width=\"202\">jmart473@inscandelera.cat<\/td>\n<\/tr>\n<tr valign=\"top\">\n<td width=\"220\">Llengua i Literatura castellana<\/td>\n<td width=\"280\">Laura Olivares<\/td>\n<td width=\"202\">lolivare@inscandelera.cat<\/td>\n<\/tr>\n<tr valign=\"top\">\n<td width=\"220\">Llengua i Literatura catalana<\/td>\n<td width=\"280\">Pili Casanova Brull<\/td>\n<td width=\"202\">pcasanova@inscandelera.cat<\/td>\n<\/tr>\n<tr valign=\"top\">\n<td width=\"220\">Llengua i Literatura catalana<\/td>\n<td width=\"280\">Georgina Samarra<\/td>\n<td width=\"202\">gsamarra@inscandelera.cat<\/td>\n<\/tr>\n<tr valign=\"top\">\n<td width=\"220\">Llengua i Literatura catalana<\/td>\n<td width=\"280\">Isabel Falc\u00f3 Gil<\/td>\n<td width=\"202\">ifalco@inscandelera.cat<\/td>\n<\/tr>\n<tr valign=\"top\">\n<td width=\"220\">Cultura Cl\u00e0ssica<\/td>\n<td width=\"280\">Olga Valldep\u00e9rez Mauri<\/td>\n<td width=\"202\">ovalldep@inscandelera.cat<\/td>\n<\/tr>\n<tr valign=\"top\">\n<td width=\"220\">Aula d\u2019Acollida<\/td>\n<td width=\"280\">AA1<\/td>\n<td width=\"202\"><\/td>\n<\/tr>\n<\/tbody>\n<\/table>\n","protected":false},"excerpt":{"rendered":"<p>DEPARTAMENT DE LLENG\u00dcES CAP DEPARTAMENT Llengua i Literatura castellana Gabriel Pi\u00f1ol Ribas gpinol@inscandelera.cat Llengua i Literatura castellana Jos\u00e9 Mart\u00ednez Penad\u00e9s jmart473@inscandelera.cat Llengua i Literatura castellana Laura Olivares lolivare@inscandelera.cat Llengua i Literatura catalana Pili Casanova Brull pcasanova@inscandelera.cat Llengua i Literatura catalana Georgina Samarra gsamarra@inscandelera.cat Llengua i Literatura catalana Isabel Falc\u00f3 Gil ifalco@inscandelera.cat Cultura Cl\u00e0ssica Olga Valldep\u00e9rez [&hellip;]<\/p>\n","protected":false},"author":1,"featured_media":0,"parent":9552,"menu_order":0,"comment_status":"closed","ping_status":"closed","template":"page-templates\/side-menu.php","meta":{"_bbp_topic_count":0,"_bbp_reply_count":0,"_bbp_total_topic_count":0,"_bbp_total_reply_count":0,"_bbp_voice_count":0,"_bbp_anonymous_reply_count":0,"_bbp_topic_count_hidden":0,"_bbp_reply_count_hidden":0,"_bbp_forum_subforum_count":0,"site-sidebar-layout":"default","site-content-layout":"","ast-site-content-layout":"","site-content-style":"default","site-sidebar-style":"default","ast-global-header-display":"","ast-banner-title-visibility":"","ast-main-header-display":"","ast-hfb-above-header-display":"","ast-hfb-below-header-display":"","ast-hfb-mobile-header-display":"","site-post-title":"","ast-breadcrumbs-content":"","ast-featured-img":"","footer-sml-layout":"","theme-transparent-header-meta":"","adv-header-id-meta":"","stick-header-meta":"","header-above-stick-meta":"","header-main-stick-meta":"","header-below-stick-meta":"","astra-migrate-meta-layouts":"default","ast-page-background-enabled":"default","ast-page-background-meta":{"desktop":{"background-color":"var(--ast-global-color-4)","background-image":"","background-repeat":"repeat","background-position":"center center","background-size":"auto","background-attachment":"scroll","background-type":"","background-media":"","overlay-type":"","overlay-color":"","overlay-opacity":"","overlay-gradient":""},"tablet":{"background-color":"","background-image":"","background-repeat":"repeat","background-position":"center center","background-size":"auto","background-attachment":"scroll","background-type":"","background-media":"","overlay-type":"","overlay-color":"","overlay-opacity":"","overlay-gradient":""},"mobile":{"background-color":"","background-image":"","background-repeat":"repeat","background-position":"center center","background-size":"auto","background-attachment":"scroll","background-type":"","background-media":"","overlay-type":"","overlay-color":"","overlay-opacity":"","overlay-gradient":""}},"ast-content-background-meta":{"desktop":{"background-color":"var(--ast-global-color-5)","background-image":"","background-repeat":"repeat","background-position":"center center","background-size":"auto","background-attachment":"scroll","background-type":"","background-media":"","overlay-type":"","overlay-color":"","overlay-opacity":"","overlay-gradient":""},"tablet":{"background-color":"var(--ast-global-color-5)","background-image":"","background-repeat":"repeat","background-position":"center center","background-size":"auto","background-attachment":"scroll","background-type":"","background-media":"","overlay-type":"","overlay-color":"","overlay-opacity":"","overlay-gradient":""},"mobile":{"background-color":"var(--ast-global-color-5)","background-image":"","background-repeat":"repeat","background-position":"center center","background-size":"auto","background-attachment":"scroll","background-type":"","background-media":"","overlay-type":"","overlay-color":"","overlay-opacity":"","overlay-gradient":""}},"footnotes":""},"class_list":["post-9607","page","type-page","status-publish","hentry"],"post_mailing_queue_ids":[],"_links":{"self":[{"href":"https:\/\/agora.xtec.cat\/iescandelera\/wp-json\/wp\/v2\/pages\/9607","targetHints":{"allow":["GET"]}}],"collection":[{"href":"https:\/\/agora.xtec.cat\/iescandelera\/wp-json\/wp\/v2\/pages"}],"about":[{"href":"https:\/\/agora.xtec.cat\/iescandelera\/wp-json\/wp\/v2\/types\/page"}],"author":[{"embeddable":true,"href":"https:\/\/agora.xtec.cat\/iescandelera\/wp-json\/wp\/v2\/users\/1"}],"replies":[{"embeddable":true,"href":"https:\/\/agora.xtec.cat\/iescandelera\/wp-json\/wp\/v2\/comments?post=9607"}],"version-history":[{"count":6,"href":"https:\/\/agora.xtec.cat\/iescandelera\/wp-json\/wp\/v2\/pages\/9607\/revisions"}],"predecessor-version":[{"id":19203,"href":"https:\/\/agora.xtec.cat\/iescandelera\/wp-json\/wp\/v2\/pages\/9607\/revisions\/19203"}],"up":[{"embeddable":true,"href":"https:\/\/agora.xtec.cat\/iescandelera\/wp-json\/wp\/v2\/pages\/9552"}],"wp:attachment":[{"href":"https:\/\/agora.xtec.cat\/iescandelera\/wp-json\/wp\/v2\/media?parent=9607"}],"curies":[{"name":"wp","href":"https:\/\/api.w.org\/{rel}","templated":true}]}}