{"id":9604,"date":"2018-09-24T17:22:39","date_gmt":"2018-09-24T15:22:39","guid":{"rendered":"http:\/\/agora.xtec.cat\/iescandelera\/?page_id=9604"},"modified":"2025-07-26T09:18:08","modified_gmt":"2025-07-26T07:18:08","slug":"departament-de-ciencies","status":"publish","type":"page","link":"https:\/\/agora.xtec.cat\/iescandelera\/linstitut\/departaments\/departament-de-ciencies\/","title":{"rendered":"Departament de Ci\u00e8ncies Naturals"},"content":{"rendered":"<table width=\"930\" cellspacing=\"0\" cellpadding=\"7\">\n<tbody>\n<tr>\n<td style=\"background: #c9daf8;\" colspan=\"4\" valign=\"top\" bgcolor=\"#c9daf8\" width=\"914\" height=\"13\">\n<p align=\"center\"><b>DEPARTAMENT DE CI\u00c8NCIES NATURALS<\/b><\/p>\n<\/td>\n<\/tr>\n<tr valign=\"top\">\n<td width=\"170\">\n<p align=\"center\"><b>CAP DEPARTAMENT<\/b><\/p>\n<\/td>\n<td width=\"220\">Biologia<\/td>\n<td width=\"280\">M\u00aaJos\u00e9 Sell\u00e9s Chicharro<\/td>\n<td width=\"202\">mselle4@inscandelera.cat<\/td>\n<\/tr>\n<tr valign=\"top\">\n<td rowspan=\"5\" width=\"170\" height=\"13\"><\/td>\n<td width=\"220\">Biologia<\/td>\n<td width=\"280\"><\/td>\n<td width=\"202\"><\/td>\n<\/tr>\n<tr valign=\"top\">\n<td width=\"220\">F\u00edsica i Qu\u00edmica<\/td>\n<td width=\"280\">Josep Foix<\/td>\n<td width=\"202\">jfoix3@@inscandelera.cat<\/td>\n<\/tr>\n<tr valign=\"top\">\n<td width=\"220\">F\u00edsica i Qu\u00edmica<\/td>\n<td width=\"280\">Ana Cabanes Sales<\/td>\n<td width=\"202\">rcabanes@inscandelera.cat<\/td>\n<\/tr>\n<tr valign=\"top\">\n<td width=\"220\">F\u00edsica i Qu\u00edmica<\/td>\n<td width=\"280\">Xelo Candel Pla<\/td>\n<td width=\"202\">xcandel@inscandelera.cat<\/td>\n<\/tr>\n<tr valign=\"top\">\n<td width=\"220\">Biologia<\/td>\n<td width=\"280\">Neus Torta Navarro<\/td>\n<td width=\"202\">ntorta<span class=\"atwho-query\">@inscandelera.cat<\/span><\/td>\n<\/tr>\n<\/tbody>\n<\/table>\n","protected":false},"excerpt":{"rendered":"<p>DEPARTAMENT DE CI\u00c8NCIES NATURALS CAP DEPARTAMENT Biologia M\u00aaJos\u00e9 Sell\u00e9s Chicharro mselle4@inscandelera.cat Biologia F\u00edsica i Qu\u00edmica Josep Foix jfoix3@@inscandelera.cat F\u00edsica i Qu\u00edmica Ana Cabanes Sales rcabanes@inscandelera.cat F\u00edsica i Qu\u00edmica Xelo Candel Pla xcandel@inscandelera.cat Biologia Neus Torta Navarro ntorta@inscandelera.cat<\/p>\n","protected":false},"author":1,"featured_media":0,"parent":9552,"menu_order":0,"comment_status":"closed","ping_status":"closed","template":"page-templates\/side-menu.php","meta":{"_bbp_topic_count":0,"_bbp_reply_count":0,"_bbp_total_topic_count":0,"_bbp_total_reply_count":0,"_bbp_voice_count":0,"_bbp_anonymous_reply_count":0,"_bbp_topic_count_hidden":0,"_bbp_reply_count_hidden":0,"_bbp_forum_subforum_count":0,"site-sidebar-layout":"default","site-content-layout":"","ast-site-content-layout":"","site-content-style":"default","site-sidebar-style":"default","ast-global-header-display":"","ast-banner-title-visibility":"","ast-main-header-display":"","ast-hfb-above-header-display":"","ast-hfb-below-header-display":"","ast-hfb-mobile-header-display":"","site-post-title":"","ast-breadcrumbs-content":"","ast-featured-img":"","footer-sml-layout":"","theme-transparent-header-meta":"","adv-header-id-meta":"","stick-header-meta":"","header-above-stick-meta":"","header-main-stick-meta":"","header-below-stick-meta":"","astra-migrate-meta-layouts":"default","ast-page-background-enabled":"default","ast-page-background-meta":{"desktop":{"background-color":"var(--ast-global-color-4)","background-image":"","background-repeat":"repeat","background-position":"center center","background-size":"auto","background-attachment":"scroll","background-type":"","background-media":"","overlay-type":"","overlay-color":"","overlay-opacity":"","overlay-gradient":""},"tablet":{"background-color":"","background-image":"","background-repeat":"repeat","background-position":"center center","background-size":"auto","background-attachment":"scroll","background-type":"","background-media":"","overlay-type":"","overlay-color":"","overlay-opacity":"","overlay-gradient":""},"mobile":{"background-color":"","background-image":"","background-repeat":"repeat","background-position":"center center","background-size":"auto","background-attachment":"scroll","background-type":"","background-media":"","overlay-type":"","overlay-color":"","overlay-opacity":"","overlay-gradient":""}},"ast-content-background-meta":{"desktop":{"background-color":"var(--ast-global-color-5)","background-image":"","background-repeat":"repeat","background-position":"center center","background-size":"auto","background-attachment":"scroll","background-type":"","background-media":"","overlay-type":"","overlay-color":"","overlay-opacity":"","overlay-gradient":""},"tablet":{"background-color":"var(--ast-global-color-5)","background-image":"","background-repeat":"repeat","background-position":"center center","background-size":"auto","background-attachment":"scroll","background-type":"","background-media":"","overlay-type":"","overlay-color":"","overlay-opacity":"","overlay-gradient":""},"mobile":{"background-color":"var(--ast-global-color-5)","background-image":"","background-repeat":"repeat","background-position":"center center","background-size":"auto","background-attachment":"scroll","background-type":"","background-media":"","overlay-type":"","overlay-color":"","overlay-opacity":"","overlay-gradient":""}},"footnotes":""},"class_list":["post-9604","page","type-page","status-publish","hentry"],"post_mailing_queue_ids":[],"_links":{"self":[{"href":"https:\/\/agora.xtec.cat\/iescandelera\/wp-json\/wp\/v2\/pages\/9604","targetHints":{"allow":["GET"]}}],"collection":[{"href":"https:\/\/agora.xtec.cat\/iescandelera\/wp-json\/wp\/v2\/pages"}],"about":[{"href":"https:\/\/agora.xtec.cat\/iescandelera\/wp-json\/wp\/v2\/types\/page"}],"author":[{"embeddable":true,"href":"https:\/\/agora.xtec.cat\/iescandelera\/wp-json\/wp\/v2\/users\/1"}],"replies":[{"embeddable":true,"href":"https:\/\/agora.xtec.cat\/iescandelera\/wp-json\/wp\/v2\/comments?post=9604"}],"version-history":[{"count":6,"href":"https:\/\/agora.xtec.cat\/iescandelera\/wp-json\/wp\/v2\/pages\/9604\/revisions"}],"predecessor-version":[{"id":19198,"href":"https:\/\/agora.xtec.cat\/iescandelera\/wp-json\/wp\/v2\/pages\/9604\/revisions\/19198"}],"up":[{"embeddable":true,"href":"https:\/\/agora.xtec.cat\/iescandelera\/wp-json\/wp\/v2\/pages\/9552"}],"wp:attachment":[{"href":"https:\/\/agora.xtec.cat\/iescandelera\/wp-json\/wp\/v2\/media?parent=9604"}],"curies":[{"name":"wp","href":"https:\/\/api.w.org\/{rel}","templated":true}]}}