{"id":9559,"date":"2018-09-24T11:20:08","date_gmt":"2018-09-24T09:20:08","guid":{"rendered":"http:\/\/agora.xtec.cat\/iescandelera\/?page_id=9559"},"modified":"2025-09-10T13:08:36","modified_gmt":"2025-09-10T11:08:36","slug":"departament-de-llengues-estrangeres","status":"publish","type":"page","link":"https:\/\/agora.xtec.cat\/iescandelera\/linstitut\/departaments\/departament-de-llengues-estrangeres\/","title":{"rendered":"Departament de Lleng\u00fces estrangeres"},"content":{"rendered":"<table width=\"930\" cellspacing=\"0\" cellpadding=\"7\">\n<tbody>\n<tr>\n<td style=\"background: #c9daf8;\" colspan=\"4\" valign=\"top\" bgcolor=\"#c9daf8\" width=\"914\" height=\"13\">\n<p align=\"center\"><b>DEPARTAMENT D\u2019ANGL\u00c8S<\/b><\/p>\n<\/td>\n<\/tr>\n<tr valign=\"top\">\n<td width=\"183\">\n<p align=\"center\"><b>CAP DEPARTAMENT<\/b><\/p>\n<\/td>\n<td width=\"207\">Llengua anglesa<\/td>\n<td width=\"280\">Susana Hern\u00e1ndez Servian<\/td>\n<td width=\"202\">shernan9@inscandelera.cat<\/td>\n<\/tr>\n<tr valign=\"top\">\n<td rowspan=\"3\" width=\"183\" height=\"13\"><\/td>\n<td width=\"207\">Llengua anglesa<\/td>\n<td width=\"280\">J\u00falia Ag\u00fcero Manzanas<\/td>\n<td width=\"202\">jaguero@inscandelera.cat<\/td>\n<\/tr>\n<tr valign=\"top\">\n<td width=\"207\">Llengua anglesa<\/td>\n<td width=\"280\">Albert Samarra Garcia<\/td>\n<td width=\"202\">asamarra@inscandelera.cat<\/td>\n<\/tr>\n<tr valign=\"top\">\n<td width=\"207\">Llengua anglesa<\/td>\n<td width=\"280\">Sofia Royo Vizcaino<\/td>\n<td width=\"202\">sroyo7@inscandelera.cat<\/td>\n<\/tr>\n<\/tbody>\n<\/table>\n<table width=\"930\" cellspacing=\"0\" cellpadding=\"7\">\n<tbody>\n<tr>\n<td style=\"background: #c9daf8;\" colspan=\"4\" valign=\"top\" bgcolor=\"#c9daf8\" width=\"914\" height=\"13\">\n<p align=\"center\"><b>DEPARTAMENT DE FRANC\u00c8S<\/b><\/p>\n<\/td>\n<\/tr>\n<tr valign=\"top\">\n<td width=\"183\" height=\"14\">\n<p align=\"center\"><b>CAP DEPARTAMENT <\/b><\/p>\n<\/td>\n<td width=\"207\">Llengua francesa<\/td>\n<td width=\"280\">Lled\u00f3 Andreu<\/td>\n<td width=\"202\">landreu1@inscandelera.cat<\/td>\n<\/tr>\n<tr valign=\"top\">\n<td rowspan=\"2\" width=\"183\" height=\"13\"><\/td>\n<td width=\"207\">Llengua francesa<\/td>\n<td width=\"280\">Kristina Prancikeviciute<\/td>\n<td width=\"202\"><\/td>\n<\/tr>\n<tr valign=\"top\">\n<td width=\"207\">Llengua francesa<\/td>\n<td width=\"280\">Guillem Rigol Martorell<\/td>\n<td width=\"202\">grigol@inscandelera.cat<\/td>\n<\/tr>\n<\/tbody>\n<\/table>\n","protected":false},"excerpt":{"rendered":"<p>DEPARTAMENT D\u2019ANGL\u00c8S CAP DEPARTAMENT Llengua anglesa Susana Hern\u00e1ndez Servian shernan9@inscandelera.cat Llengua anglesa J\u00falia Ag\u00fcero Manzanas jaguero@inscandelera.cat Llengua anglesa Albert Samarra Garcia asamarra@inscandelera.cat Llengua anglesa Sofia Royo Vizcaino sroyo7@inscandelera.cat DEPARTAMENT DE FRANC\u00c8S CAP DEPARTAMENT Llengua francesa Lled\u00f3 Andreu landreu1@inscandelera.cat Llengua francesa Kristina Prancikeviciute Llengua francesa Guillem Rigol Martorell grigol@inscandelera.cat<\/p>\n","protected":false},"author":1,"featured_media":0,"parent":9552,"menu_order":0,"comment_status":"closed","ping_status":"closed","template":"page-templates\/side-menu.php","meta":{"_bbp_topic_count":0,"_bbp_reply_count":0,"_bbp_total_topic_count":0,"_bbp_total_reply_count":0,"_bbp_voice_count":0,"_bbp_anonymous_reply_count":0,"_bbp_topic_count_hidden":0,"_bbp_reply_count_hidden":0,"_bbp_forum_subforum_count":0,"site-sidebar-layout":"default","site-content-layout":"","ast-site-content-layout":"","site-content-style":"default","site-sidebar-style":"default","ast-global-header-display":"","ast-banner-title-visibility":"","ast-main-header-display":"","ast-hfb-above-header-display":"","ast-hfb-below-header-display":"","ast-hfb-mobile-header-display":"","site-post-title":"","ast-breadcrumbs-content":"","ast-featured-img":"","footer-sml-layout":"","theme-transparent-header-meta":"","adv-header-id-meta":"","stick-header-meta":"","header-above-stick-meta":"","header-main-stick-meta":"","header-below-stick-meta":"","astra-migrate-meta-layouts":"default","ast-page-background-enabled":"default","ast-page-background-meta":{"desktop":{"background-color":"var(--ast-global-color-4)","background-image":"","background-repeat":"repeat","background-position":"center center","background-size":"auto","background-attachment":"scroll","background-type":"","background-media":"","overlay-type":"","overlay-color":"","overlay-opacity":"","overlay-gradient":""},"tablet":{"background-color":"","background-image":"","background-repeat":"repeat","background-position":"center center","background-size":"auto","background-attachment":"scroll","background-type":"","background-media":"","overlay-type":"","overlay-color":"","overlay-opacity":"","overlay-gradient":""},"mobile":{"background-color":"","background-image":"","background-repeat":"repeat","background-position":"center center","background-size":"auto","background-attachment":"scroll","background-type":"","background-media":"","overlay-type":"","overlay-color":"","overlay-opacity":"","overlay-gradient":""}},"ast-content-background-meta":{"desktop":{"background-color":"var(--ast-global-color-5)","background-image":"","background-repeat":"repeat","background-position":"center center","background-size":"auto","background-attachment":"scroll","background-type":"","background-media":"","overlay-type":"","overlay-color":"","overlay-opacity":"","overlay-gradient":""},"tablet":{"background-color":"var(--ast-global-color-5)","background-image":"","background-repeat":"repeat","background-position":"center center","background-size":"auto","background-attachment":"scroll","background-type":"","background-media":"","overlay-type":"","overlay-color":"","overlay-opacity":"","overlay-gradient":""},"mobile":{"background-color":"var(--ast-global-color-5)","background-image":"","background-repeat":"repeat","background-position":"center center","background-size":"auto","background-attachment":"scroll","background-type":"","background-media":"","overlay-type":"","overlay-color":"","overlay-opacity":"","overlay-gradient":""}},"footnotes":""},"class_list":["post-9559","page","type-page","status-publish","hentry"],"post_mailing_queue_ids":[],"_links":{"self":[{"href":"https:\/\/agora.xtec.cat\/iescandelera\/wp-json\/wp\/v2\/pages\/9559","targetHints":{"allow":["GET"]}}],"collection":[{"href":"https:\/\/agora.xtec.cat\/iescandelera\/wp-json\/wp\/v2\/pages"}],"about":[{"href":"https:\/\/agora.xtec.cat\/iescandelera\/wp-json\/wp\/v2\/types\/page"}],"author":[{"embeddable":true,"href":"https:\/\/agora.xtec.cat\/iescandelera\/wp-json\/wp\/v2\/users\/1"}],"replies":[{"embeddable":true,"href":"https:\/\/agora.xtec.cat\/iescandelera\/wp-json\/wp\/v2\/comments?post=9559"}],"version-history":[{"count":7,"href":"https:\/\/agora.xtec.cat\/iescandelera\/wp-json\/wp\/v2\/pages\/9559\/revisions"}],"predecessor-version":[{"id":19307,"href":"https:\/\/agora.xtec.cat\/iescandelera\/wp-json\/wp\/v2\/pages\/9559\/revisions\/19307"}],"up":[{"embeddable":true,"href":"https:\/\/agora.xtec.cat\/iescandelera\/wp-json\/wp\/v2\/pages\/9552"}],"wp:attachment":[{"href":"https:\/\/agora.xtec.cat\/iescandelera\/wp-json\/wp\/v2\/media?parent=9559"}],"curies":[{"name":"wp","href":"https:\/\/api.w.org\/{rel}","templated":true}]}}