{"id":725,"date":"2017-01-24T14:55:26","date_gmt":"2017-01-24T13:55:26","guid":{"rendered":"http:\/\/agora.xtec.cat\/iescandelera\/?page_id=725"},"modified":"2024-12-11T16:35:46","modified_gmt":"2024-12-11T15:35:46","slug":"projecte-escola-verda","status":"publish","type":"page","link":"https:\/\/agora.xtec.cat\/iescandelera\/projectes-del-centre\/projecte-escola-verda\/","title":{"rendered":"Projecte Escola Verda"},"content":{"rendered":"<p style=\"text-align: justify;\"><span style=\"font-weight: 400;\">El canvi clim\u00e0tic \u00e9s un problema a nivell mundial que la humanitat ha de donar resposta. El nostre INS no vol quedar-se de mans creuades,vol ser part de la soluci\u00f3.<\/span><\/p>\n<p style=\"text-align: justify;\"><span style=\"font-weight: 400;\">El projecte d&#8217;Escoles Verdes neix com una iniciativa de la Generalitat de Catalunya per promoure la sostenibilitat i la consci\u00e8ncia ambiental en els centres educatius. El programa Escoles Verdes no nom\u00e9s fomenta pr\u00e0ctiques sostenibles dins dels centres, sin\u00f3 que tamb\u00e9 impulsa la participaci\u00f3 activa de tota la comunitat educativa. <\/span><span style=\"font-weight: 400;\">L&#8217;INS Candelera s&#8217;ha sumat a aquest projecte amb l&#8217;objectiu de portar el nostre gra de sorra a la protecci\u00f3 activa del medi ambient amb diferents accions amb l\u2019objectiu de millorar-lo.<\/span><\/p>\n<p style=\"text-align: justify;\"><span style=\"font-weight: 400;\">Aquest projecte es desenvolupa dins del marc curricular actual de l&#8217;ESO, on des de diferents mat\u00e8ries es treballen compet\u00e8ncies b\u00e0siques relacionades amb la sostenibilitat, el pensament cr\u00edtic i la responsabilitat ambiental entre altres. L&#8217;alumnat es converteix en un agent actiu del canvi, assumint rols protagonistes en la preservaci\u00f3 del medi ambient tant a l&#8217;aula com en el nostre entorn m\u00e9s proper.<\/span><\/p>\n<p style=\"text-align: justify;\"><span style=\"font-weight: 400;\">Uns dels objectius que ens hem proposat \u00e9s <strong>l&#8217;an\u00e0lisi de micropl\u00e0stics a les aig\u00fces del Mediterrani, concretament a la Cala.<\/strong><\/span><\/p>\n<p style=\"text-align: justify;\"><span style=\"font-weight: 400;\">El Mar Mediterrani \u00e9s un dels mars m\u00e9s afectats per la contaminaci\u00f3 pl\u00e0stica degut de l&#8217;activitat antropog\u00e8nica. La pres\u00e8ncia de micropl\u00e0stics est\u00e0 amena\u00e7ant greument els h\u00e0bitats marins i les esp\u00e8cies que hi viuen. L&#8217;an\u00e0lisi d&#8217;aquests micropl\u00e0stics ens permetr\u00e0 desenvolupar compet\u00e8ncies cient\u00edfiques a trav\u00e9s de la recol\u00b7lecci\u00f3 de mostres, la seva an\u00e0lisi al laboratori i la interpretaci\u00f3 de dades, fomentar la reflexi\u00f3 cr\u00edtica sobre els h\u00e0bits de consum, especialment en relaci\u00f3 amb els pl\u00e0stics d&#8217;un sol \u00fas, i participar activament en la protecci\u00f3 del medi ambient, aportant dades que poden ser \u00fatils per a iniciatives locals de conservaci\u00f3 i sensibilitzaci\u00f3.<\/span><\/p>\n<p style=\"text-align: justify;\"><span style=\"font-weight: 400;\">D&#8217;aquesta manera, aquesta activitat no nom\u00e9s contribueix a la formaci\u00f3 acad\u00e8mica de l&#8217;alumnat, sin\u00f3 que tamb\u00e9 refor\u00e7a els valors d&#8217;educaci\u00f3 ambiental i de comprom\u00eds social que promou el programa Escoles Verdes.\u00a0<\/span><span style=\"font-weight: 400;\"><br \/>\n<\/span><\/p>\n<p>&nbsp;<\/p>\n<p>&nbsp;<\/p>\n<p>&nbsp;<\/p>\n<p>&nbsp;<\/p>\n<p><a href=\"http:\/\/agora.xtec.cat\/iescandelera\/wp-content\/uploads\/usu664\/2017\/01\/EscolesVerdes-1.pdf\">Acc\u00e9s al document<\/a><\/p>\n","protected":false},"excerpt":{"rendered":"<p>El canvi clim\u00e0tic \u00e9s un problema a nivell mundial que la humanitat ha de donar resposta. El nostre INS no vol quedar-se de mans creuades,vol ser part de la soluci\u00f3. El projecte d&#8217;Escoles Verdes neix com una iniciativa de la Generalitat de Catalunya per promoure la sostenibilitat i la consci\u00e8ncia ambiental en els centres educatius. [&hellip;]<\/p>\n","protected":false},"author":1,"featured_media":0,"parent":16089,"menu_order":4,"comment_status":"closed","ping_status":"closed","template":"page-templates\/side-menu.php","meta":{"_bbp_topic_count":0,"_bbp_reply_count":0,"_bbp_total_topic_count":0,"_bbp_total_reply_count":0,"_bbp_voice_count":0,"_bbp_anonymous_reply_count":0,"_bbp_topic_count_hidden":0,"_bbp_reply_count_hidden":0,"_bbp_forum_subforum_count":0,"site-sidebar-layout":"default","site-content-layout":"","ast-site-content-layout":"","site-content-style":"default","site-sidebar-style":"default","ast-global-header-display":"","ast-banner-title-visibility":"","ast-main-header-display":"","ast-hfb-above-header-display":"","ast-hfb-below-header-display":"","ast-hfb-mobile-header-display":"","site-post-title":"","ast-breadcrumbs-content":"","ast-featured-img":"","footer-sml-layout":"","theme-transparent-header-meta":"","adv-header-id-meta":"","stick-header-meta":"","header-above-stick-meta":"","header-main-stick-meta":"","header-below-stick-meta":"","astra-migrate-meta-layouts":"default","ast-page-background-enabled":"default","ast-page-background-meta":{"desktop":{"background-color":"var(--ast-global-color-4)","background-image":"","background-repeat":"repeat","background-position":"center center","background-size":"auto","background-attachment":"scroll","background-type":"","background-media":"","overlay-type":"","overlay-color":"","overlay-opacity":"","overlay-gradient":""},"tablet":{"background-color":"","background-image":"","background-repeat":"repeat","background-position":"center center","background-size":"auto","background-attachment":"scroll","background-type":"","background-media":"","overlay-type":"","overlay-color":"","overlay-opacity":"","overlay-gradient":""},"mobile":{"background-color":"","background-image":"","background-repeat":"repeat","background-position":"center center","background-size":"auto","background-attachment":"scroll","background-type":"","background-media":"","overlay-type":"","overlay-color":"","overlay-opacity":"","overlay-gradient":""}},"ast-content-background-meta":{"desktop":{"background-color":"var(--ast-global-color-5)","background-image":"","background-repeat":"repeat","background-position":"center center","background-size":"auto","background-attachment":"scroll","background-type":"","background-media":"","overlay-type":"","overlay-color":"","overlay-opacity":"","overlay-gradient":""},"tablet":{"background-color":"var(--ast-global-color-5)","background-image":"","background-repeat":"repeat","background-position":"center center","background-size":"auto","background-attachment":"scroll","background-type":"","background-media":"","overlay-type":"","overlay-color":"","overlay-opacity":"","overlay-gradient":""},"mobile":{"background-color":"var(--ast-global-color-5)","background-image":"","background-repeat":"repeat","background-position":"center center","background-size":"auto","background-attachment":"scroll","background-type":"","background-media":"","overlay-type":"","overlay-color":"","overlay-opacity":"","overlay-gradient":""}},"footnotes":""},"class_list":["post-725","page","type-page","status-publish","hentry"],"post_mailing_queue_ids":[],"_links":{"self":[{"href":"https:\/\/agora.xtec.cat\/iescandelera\/wp-json\/wp\/v2\/pages\/725","targetHints":{"allow":["GET"]}}],"collection":[{"href":"https:\/\/agora.xtec.cat\/iescandelera\/wp-json\/wp\/v2\/pages"}],"about":[{"href":"https:\/\/agora.xtec.cat\/iescandelera\/wp-json\/wp\/v2\/types\/page"}],"author":[{"embeddable":true,"href":"https:\/\/agora.xtec.cat\/iescandelera\/wp-json\/wp\/v2\/users\/1"}],"replies":[{"embeddable":true,"href":"https:\/\/agora.xtec.cat\/iescandelera\/wp-json\/wp\/v2\/comments?post=725"}],"version-history":[{"count":3,"href":"https:\/\/agora.xtec.cat\/iescandelera\/wp-json\/wp\/v2\/pages\/725\/revisions"}],"predecessor-version":[{"id":17854,"href":"https:\/\/agora.xtec.cat\/iescandelera\/wp-json\/wp\/v2\/pages\/725\/revisions\/17854"}],"up":[{"embeddable":true,"href":"https:\/\/agora.xtec.cat\/iescandelera\/wp-json\/wp\/v2\/pages\/16089"}],"wp:attachment":[{"href":"https:\/\/agora.xtec.cat\/iescandelera\/wp-json\/wp\/v2\/media?parent=725"}],"curies":[{"name":"wp","href":"https:\/\/api.w.org\/{rel}","templated":true}]}}