{"id":661,"date":"2017-01-22T08:50:00","date_gmt":"2017-01-22T07:50:00","guid":{"rendered":"http:\/\/agora.xtec.cat\/iescandelera\/?page_id=661"},"modified":"2025-07-22T11:33:38","modified_gmt":"2025-07-22T09:33:38","slug":"perfil-contractant","status":"publish","type":"page","link":"https:\/\/agora.xtec.cat\/iescandelera\/secretaria\/perfil-contractant\/","title":{"rendered":"Perfil Contractant"},"content":{"rendered":"<p>&nbsp;<\/p>\n<p><strong>Nom de l&#8217;\u00f2rgan de contractaci\u00f3:<\/strong> Institut Candelera<\/p>\n<p><strong>Adre\u00e7a:<\/strong> Av. U d&#8217;octubre, 2<\/p>\n<p><strong>Horari de registre i d&#8217;atenci\u00f3 al p\u00fablic:\u00a0 <\/strong>De dilluns a Divendres de 10.00 h a 12.00 h<\/p>\n<p><strong>Tel\u00e8fon:<\/strong> 977 456 442<\/p>\n<p><strong>Fax:<\/strong> 977 493 480<\/p>\n<p><strong>Correu electr\u00f2nic: <\/strong><a href=\"mailto:e3006976@xtec.es\">e3006976<span id=\"cloak3116\">@xtec.es<\/span><\/a><\/p>\n<p><strong>Adre\u00e7a web:<\/strong> <a href=\"http:\/\/agora.xtec.cat\/iescandelera\/\">www.agora.xtec.cat\/iescandelera\/<\/a><\/p>\n<p><strong>Adreces de presentaci\u00f3 d&#8217;ofertes i persones de contacte:<\/strong> Les ofertes es presentaran a les oficines de l&#8217;Institut<\/p>\n<p><strong>\u00a0 \u00a0 \u00a0 \u00a0 \u00a0 \u00a0 \u00a0 \u00a0 \u00a0 \u00a0 \u00a0 \u00a0 \u00a0 \u00a0 \u00a0 \u00a0 \u00a0 \u00a0 \u00a0 \u00a0 \u00a0 \u00a0 \u00a0 \u00a0 \u00a0 \u00a0 \u00a0 \u00a0 \u00a0 \u00a0 \u00a0 \u00a0<\/strong><\/p>\n<p>&nbsp;<\/p>\n","protected":false},"excerpt":{"rendered":"<p>&nbsp; Nom de l&#8217;\u00f2rgan de contractaci\u00f3: Institut Candelera Adre\u00e7a: Av. U d&#8217;octubre, 2 Horari de registre i d&#8217;atenci\u00f3 al p\u00fablic:\u00a0 De dilluns a Divendres de 10.00 h a 12.00 h Tel\u00e8fon: 977 456 442 Fax: 977 493 480 Correu electr\u00f2nic: e3006976@xtec.es Adre\u00e7a web: www.agora.xtec.cat\/iescandelera\/ Adreces de presentaci\u00f3 d&#8217;ofertes i persones de contacte: Les ofertes es [&hellip;]<\/p>\n","protected":false},"author":1,"featured_media":0,"parent":81,"menu_order":4,"comment_status":"closed","ping_status":"closed","template":"page-templates\/side-menu.php","meta":{"_bbp_topic_count":0,"_bbp_reply_count":0,"_bbp_total_topic_count":0,"_bbp_total_reply_count":0,"_bbp_voice_count":0,"_bbp_anonymous_reply_count":0,"_bbp_topic_count_hidden":0,"_bbp_reply_count_hidden":0,"_bbp_forum_subforum_count":0,"site-sidebar-layout":"default","site-content-layout":"","ast-site-content-layout":"","site-content-style":"default","site-sidebar-style":"default","ast-global-header-display":"","ast-banner-title-visibility":"","ast-main-header-display":"","ast-hfb-above-header-display":"","ast-hfb-below-header-display":"","ast-hfb-mobile-header-display":"","site-post-title":"","ast-breadcrumbs-content":"","ast-featured-img":"","footer-sml-layout":"","theme-transparent-header-meta":"","adv-header-id-meta":"","stick-header-meta":"","header-above-stick-meta":"","header-main-stick-meta":"","header-below-stick-meta":"","astra-migrate-meta-layouts":"default","ast-page-background-enabled":"default","ast-page-background-meta":{"desktop":{"background-color":"var(--ast-global-color-4)","background-image":"","background-repeat":"repeat","background-position":"center center","background-size":"auto","background-attachment":"scroll","background-type":"","background-media":"","overlay-type":"","overlay-color":"","overlay-opacity":"","overlay-gradient":""},"tablet":{"background-color":"","background-image":"","background-repeat":"repeat","background-position":"center center","background-size":"auto","background-attachment":"scroll","background-type":"","background-media":"","overlay-type":"","overlay-color":"","overlay-opacity":"","overlay-gradient":""},"mobile":{"background-color":"","background-image":"","background-repeat":"repeat","background-position":"center center","background-size":"auto","background-attachment":"scroll","background-type":"","background-media":"","overlay-type":"","overlay-color":"","overlay-opacity":"","overlay-gradient":""}},"ast-content-background-meta":{"desktop":{"background-color":"var(--ast-global-color-5)","background-image":"","background-repeat":"repeat","background-position":"center center","background-size":"auto","background-attachment":"scroll","background-type":"","background-media":"","overlay-type":"","overlay-color":"","overlay-opacity":"","overlay-gradient":""},"tablet":{"background-color":"var(--ast-global-color-5)","background-image":"","background-repeat":"repeat","background-position":"center center","background-size":"auto","background-attachment":"scroll","background-type":"","background-media":"","overlay-type":"","overlay-color":"","overlay-opacity":"","overlay-gradient":""},"mobile":{"background-color":"var(--ast-global-color-5)","background-image":"","background-repeat":"repeat","background-position":"center center","background-size":"auto","background-attachment":"scroll","background-type":"","background-media":"","overlay-type":"","overlay-color":"","overlay-opacity":"","overlay-gradient":""}},"footnotes":""},"class_list":["post-661","page","type-page","status-publish","hentry"],"post_mailing_queue_ids":[],"_links":{"self":[{"href":"https:\/\/agora.xtec.cat\/iescandelera\/wp-json\/wp\/v2\/pages\/661","targetHints":{"allow":["GET"]}}],"collection":[{"href":"https:\/\/agora.xtec.cat\/iescandelera\/wp-json\/wp\/v2\/pages"}],"about":[{"href":"https:\/\/agora.xtec.cat\/iescandelera\/wp-json\/wp\/v2\/types\/page"}],"author":[{"embeddable":true,"href":"https:\/\/agora.xtec.cat\/iescandelera\/wp-json\/wp\/v2\/users\/1"}],"replies":[{"embeddable":true,"href":"https:\/\/agora.xtec.cat\/iescandelera\/wp-json\/wp\/v2\/comments?post=661"}],"version-history":[{"count":4,"href":"https:\/\/agora.xtec.cat\/iescandelera\/wp-json\/wp\/v2\/pages\/661\/revisions"}],"predecessor-version":[{"id":19187,"href":"https:\/\/agora.xtec.cat\/iescandelera\/wp-json\/wp\/v2\/pages\/661\/revisions\/19187"}],"up":[{"embeddable":true,"href":"https:\/\/agora.xtec.cat\/iescandelera\/wp-json\/wp\/v2\/pages\/81"}],"wp:attachment":[{"href":"https:\/\/agora.xtec.cat\/iescandelera\/wp-json\/wp\/v2\/media?parent=661"}],"curies":[{"name":"wp","href":"https:\/\/api.w.org\/{rel}","templated":true}]}}