{"id":566,"date":"2017-01-19T12:25:39","date_gmt":"2017-01-19T11:25:39","guid":{"rendered":"http:\/\/agora.xtec.cat\/iescandelera\/?page_id=566"},"modified":"2026-03-23T12:38:09","modified_gmt":"2026-03-23T11:38:09","slug":"preinscripcio-i-matriculacio","status":"publish","type":"page","link":"https:\/\/agora.xtec.cat\/iescandelera\/secretaria\/preinscripcio-i-matriculacio\/","title":{"rendered":"Preinscripci\u00f3 i matriculaci\u00f3"},"content":{"rendered":"<h3 class=\"entry-title\">&#8211; Informaci\u00f3 preinscripci\u00f3 al PFI curs 26\/27<\/h3>\n<h3 class=\"entry-title\"><a href=\"https:\/\/agora.xtec.cat\/iescandelera\/wp-content\/uploads\/usu664\/2026\/03\/BUT_INFO_PREINS_ESO_-2026_27.pdf\">&#8211; Informaci\u00f3 Preinscripci\u00f3 a l\u2019ESO curs 26\/27<\/a><\/h3>\n<p><img loading=\"lazy\" decoding=\"async\" class=\"aligncenter size-full wp-image-19896\" src=\"https:\/\/agora.xtec.cat\/iescandelera\/wp-content\/uploads\/usu664\/2026\/03\/FireShot-Capture-1284-Preinscripcio-2026-2027.-Preinscripcio.-Curs-2026-2027_-preinscripcio.gencat.cat_.png\" alt=\"\" width=\"1852\" height=\"420\" srcset=\"https:\/\/agora.xtec.cat\/iescandelera\/wp-content\/uploads\/usu664\/2026\/03\/FireShot-Capture-1284-Preinscripcio-2026-2027.-Preinscripcio.-Curs-2026-2027_-preinscripcio.gencat.cat_.png 1852w, https:\/\/agora.xtec.cat\/iescandelera\/wp-content\/uploads\/usu664\/2026\/03\/FireShot-Capture-1284-Preinscripcio-2026-2027.-Preinscripcio.-Curs-2026-2027_-preinscripcio.gencat.cat_-300x68.png 300w, https:\/\/agora.xtec.cat\/iescandelera\/wp-content\/uploads\/usu664\/2026\/03\/FireShot-Capture-1284-Preinscripcio-2026-2027.-Preinscripcio.-Curs-2026-2027_-preinscripcio.gencat.cat_-1024x232.png 1024w, https:\/\/agora.xtec.cat\/iescandelera\/wp-content\/uploads\/usu664\/2026\/03\/FireShot-Capture-1284-Preinscripcio-2026-2027.-Preinscripcio.-Curs-2026-2027_-preinscripcio.gencat.cat_-768x174.png 768w, https:\/\/agora.xtec.cat\/iescandelera\/wp-content\/uploads\/usu664\/2026\/03\/FireShot-Capture-1284-Preinscripcio-2026-2027.-Preinscripcio.-Curs-2026-2027_-preinscripcio.gencat.cat_-1536x348.png 1536w\" sizes=\"auto, (max-width: 1852px) 100vw, 1852px\" \/><\/p>\n<ul>\n<li style=\"text-align: left;\"><a href=\"https:\/\/agora.xtec.cat\/iescandelera\/wp-content\/uploads\/usu664\/2026\/03\/BUT_INFO_PREINS_ESO_-2026_27.pdf\">Butllet\u00ed informaci\u00f3 de la preinscripci\u00f3<\/a><\/li>\n<li><a href=\"https:\/\/agora.xtec.cat\/iescandelera\/wp-content\/uploads\/usu664\/2025\/03\/OFERTA_INICIAL_PLACES-ESO.pdf\">Oferta inicial places de l&#8217;ESO<\/a><\/li>\n<li>Informe barem provisional preinscripci\u00f3 a 1r d&#8217;ESO<\/li>\n<\/ul>\n<h3><\/h3>\n<h3 class=\"entry-title\">&#8211; Informaci\u00f3 de les <a title=\"Proves d\u2019acc\u00e9s a cicles de formaci\u00f3 professional\" href=\"https:\/\/agora.xtec.cat\/iescandelera\/general\/proves-dacces-a-cicles-de-formacio-professional\/\" rel=\"bookmark\">Proves d\u2019acc\u00e9s a cicles de formaci\u00f3 professional<\/a><\/h3>\n<p><img decoding=\"async\" src=\"https:\/\/triaeducativa.gencat.cat\/web\/.content\/proves\/inici\/subcapcalera-proves-acces.png\" alt=\"Proves\" \/><\/p>\n<h3>&#8211; Trieu els formularis que necessiteu per a descarregar en format PDF:<\/h3>\n<ul>\n<li><a href=\"https:\/\/agora.xtec.cat\/iescandelera\/wp-content\/uploads\/usu664\/2024\/02\/AUTORITZACIO-DRET-IMATGE-MENORS14.pdf\">Autoritzaci\u00f3 Dret Imatge Menors<\/a><\/li>\n<li><a href=\"https:\/\/agora.xtec.cat\/iescandelera\/wp-content\/uploads\/usu664\/2024\/02\/AUTORITZACIO-DRET-IMATGE-MAJORS-14.pdf\">Autoritzaci\u00f3 Dret Imatge Majors<\/a><\/li>\n<li><a href=\"https:\/\/agora.xtec.cat\/iescandelera\/wp-content\/uploads\/usu664\/2021\/10\/C-Compromis-xarxa-BATX.pdf\">C-Comprom\u00eds xarxa BTX<\/a><\/li>\n<li><a href=\"https:\/\/agora.xtec.cat\/iescandelera\/wp-content\/uploads\/usu664\/2021\/10\/C-Compromis-xarxa-CFGM.pdf\">C-Comprom\u00eds xarxa CFGM<\/a><\/li>\n<li><a href=\"https:\/\/agora.xtec.cat\/iescandelera\/wp-content\/uploads\/usu664\/2021\/10\/IC-003-Compromis-xarxa-ESO.pdf\">IC-003 Comprom\u00eds xarxa ESO<\/a><\/li>\n<li><a href=\"https:\/\/agora.xtec.cat\/iescandelera\/wp-content\/uploads\/usu664\/2021\/11\/IMPRES-MATRICULA-1R-ESO-1.pdf\">Impr\u00e8s matr\u00edcula 1r ESO<\/a><\/li>\n<li><a href=\"https:\/\/agora.xtec.cat\/iescandelera\/wp-content\/uploads\/usu664\/2021\/10\/Impres-matricula-2n-i-3r-ESO.pdf\">Impr\u00e8s matr\u00edcula 2n i 3r ESO<\/a><\/li>\n<\/ul>\n","protected":false},"excerpt":{"rendered":"<p>&#8211; Informaci\u00f3 preinscripci\u00f3 al PFI curs 26\/27 &#8211; Informaci\u00f3 Preinscripci\u00f3 a l\u2019ESO curs 26\/27 Butllet\u00ed informaci\u00f3 de la preinscripci\u00f3 Oferta inicial places de l&#8217;ESO Informe barem provisional preinscripci\u00f3 a 1r d&#8217;ESO &#8211; Informaci\u00f3 de les Proves d\u2019acc\u00e9s a cicles de formaci\u00f3 professional &#8211; Trieu els formularis que necessiteu per a descarregar en format PDF: Autoritzaci\u00f3 [&hellip;]<\/p>\n","protected":false},"author":1,"featured_media":0,"parent":81,"menu_order":5,"comment_status":"closed","ping_status":"closed","template":"","meta":{"_bbp_topic_count":0,"_bbp_reply_count":0,"_bbp_total_topic_count":0,"_bbp_total_reply_count":0,"_bbp_voice_count":0,"_bbp_anonymous_reply_count":0,"_bbp_topic_count_hidden":0,"_bbp_reply_count_hidden":0,"_bbp_forum_subforum_count":0,"site-sidebar-layout":"default","site-content-layout":"","ast-site-content-layout":"default","site-content-style":"default","site-sidebar-style":"default","ast-global-header-display":"","ast-banner-title-visibility":"","ast-main-header-display":"","ast-hfb-above-header-display":"","ast-hfb-below-header-display":"","ast-hfb-mobile-header-display":"","site-post-title":"","ast-breadcrumbs-content":"","ast-featured-img":"","footer-sml-layout":"","theme-transparent-header-meta":"default","adv-header-id-meta":"","stick-header-meta":"","header-above-stick-meta":"","header-main-stick-meta":"","header-below-stick-meta":"","astra-migrate-meta-layouts":"set","ast-page-background-enabled":"default","ast-page-background-meta":{"desktop":{"background-color":"var(--ast-global-color-4)","background-image":"","background-repeat":"repeat","background-position":"center center","background-size":"auto","background-attachment":"scroll","background-type":"","background-media":"","overlay-type":"","overlay-color":"","overlay-opacity":"","overlay-gradient":""},"tablet":{"background-color":"","background-image":"","background-repeat":"repeat","background-position":"center center","background-size":"auto","background-attachment":"scroll","background-type":"","background-media":"","overlay-type":"","overlay-color":"","overlay-opacity":"","overlay-gradient":""},"mobile":{"background-color":"","background-image":"","background-repeat":"repeat","background-position":"center center","background-size":"auto","background-attachment":"scroll","background-type":"","background-media":"","overlay-type":"","overlay-color":"","overlay-opacity":"","overlay-gradient":""}},"ast-content-background-meta":{"desktop":{"background-color":"var(--ast-global-color-5)","background-image":"","background-repeat":"repeat","background-position":"center center","background-size":"auto","background-attachment":"scroll","background-type":"","background-media":"","overlay-type":"","overlay-color":"","overlay-opacity":"","overlay-gradient":""},"tablet":{"background-color":"var(--ast-global-color-5)","background-image":"","background-repeat":"repeat","background-position":"center center","background-size":"auto","background-attachment":"scroll","background-type":"","background-media":"","overlay-type":"","overlay-color":"","overlay-opacity":"","overlay-gradient":""},"mobile":{"background-color":"var(--ast-global-color-5)","background-image":"","background-repeat":"repeat","background-position":"center center","background-size":"auto","background-attachment":"scroll","background-type":"","background-media":"","overlay-type":"","overlay-color":"","overlay-opacity":"","overlay-gradient":""}},"footnotes":""},"class_list":["post-566","page","type-page","status-publish","hentry"],"post_mailing_queue_ids":[],"_links":{"self":[{"href":"https:\/\/agora.xtec.cat\/iescandelera\/wp-json\/wp\/v2\/pages\/566","targetHints":{"allow":["GET"]}}],"collection":[{"href":"https:\/\/agora.xtec.cat\/iescandelera\/wp-json\/wp\/v2\/pages"}],"about":[{"href":"https:\/\/agora.xtec.cat\/iescandelera\/wp-json\/wp\/v2\/types\/page"}],"author":[{"embeddable":true,"href":"https:\/\/agora.xtec.cat\/iescandelera\/wp-json\/wp\/v2\/users\/1"}],"replies":[{"embeddable":true,"href":"https:\/\/agora.xtec.cat\/iescandelera\/wp-json\/wp\/v2\/comments?post=566"}],"version-history":[{"count":7,"href":"https:\/\/agora.xtec.cat\/iescandelera\/wp-json\/wp\/v2\/pages\/566\/revisions"}],"predecessor-version":[{"id":19898,"href":"https:\/\/agora.xtec.cat\/iescandelera\/wp-json\/wp\/v2\/pages\/566\/revisions\/19898"}],"up":[{"embeddable":true,"href":"https:\/\/agora.xtec.cat\/iescandelera\/wp-json\/wp\/v2\/pages\/81"}],"wp:attachment":[{"href":"https:\/\/agora.xtec.cat\/iescandelera\/wp-json\/wp\/v2\/media?parent=566"}],"curies":[{"name":"wp","href":"https:\/\/api.w.org\/{rel}","templated":true}]}}