{"id":485,"date":"2017-01-18T11:53:45","date_gmt":"2017-01-18T10:53:45","guid":{"rendered":"http:\/\/agora.xtec.cat\/iescandelera\/?page_id=485"},"modified":"2024-12-11T16:55:20","modified_gmt":"2024-12-11T15:55:20","slug":"formularis-alumnat","status":"publish","type":"page","link":"https:\/\/agora.xtec.cat\/iescandelera\/secretaria\/tramits\/formularis-alumnat\/","title":{"rendered":"Altres"},"content":{"rendered":"<p>Trieu el tr\u00e0mit que necessites:<\/p>\n<ul>\n<li><a href=\"https:\/\/agora.xtec.cat\/iescandelera\/wp-content\/uploads\/usu664\/2023\/01\/Autoritzacio_recollir_documentacio.pdf\"><span style=\"font-weight: 400;\">Autoritzaci\u00f3 recollida documentaci\u00f3<\/span><\/a><\/li>\n<li><a href=\"https:\/\/agora.xtec.cat\/iescandelera\/wp-content\/uploads\/usu664\/2023\/01\/Justific_absenci_alum-1.pdf\" target=\"_blank\" rel=\"noopener noreferrer\">Justificant Abs\u00e8ncies alumnat<\/a><\/li>\n<li><a href=\"https:\/\/agora.xtec.cat\/iescandelera\/wp-content\/uploads\/usu664\/2021\/10\/Sollicitud-baixa-matricula.pdf\">Sol\u00b7licitud baixa matr\u00edcula<\/a><\/li>\n<li><a href=\"https:\/\/agora.xtec.cat\/iescandelera\/wp-content\/uploads\/usu664\/2023\/01\/CANVI_MODAL_MATE_BTX.pdf\" target=\"_blank\" rel=\"noopener noreferrer\">Sol\u00b7licitud Canvi Itineraris Mat\u00e8ries Batxillerat<\/a><\/li>\n<li><a href=\"https:\/\/agora.xtec.cat\/iescandelera\/wp-content\/uploads\/usu664\/2023\/01\/CANVI_OPT_ESO.pdf\" target=\"_blank\" rel=\"noopener noreferrer\">Sol\u00b7licitud Canvi <\/a><a href=\"https:\/\/agora.xtec.cat\/iescandelera\/wp-content\/uploads\/usu664\/2023\/01\/CANVI_OPT_ESO-1.pdf\" target=\"_blank\" rel=\"noopener noreferrer\">Optatives<\/a><\/li>\n<li><a href=\"https:\/\/agora.xtec.cat\/iescandelera\/wp-content\/uploads\/usu664\/2023\/01\/SOL\u00b7LICITUD.pdf\" target=\"_blank\" rel=\"noopener noreferrer\">Sol\u00b7licitud Model General<\/a><\/li>\n<li><a href=\"http:\/\/agora.xtec.cat\/iescandelera\/wp-content\/uploads\/usu664\/2017\/01\/PGQ17-IMP01_R1_queixes_i_sugge-1.pdf\" target=\"_blank\" rel=\"noopener noreferrer\">Sol\u00b7licitud Queixes i\/o Suggeriments<\/a><\/li>\n<li><a href=\"https:\/\/sede.seg-social.gob.es\/wps\/portal\/sede\/sede\/Ciudadanos\/asistencia%2520sanitaria\/06asistencia%2520sanitaria?Input1=Solicitar+%2F+Renovar++Tarjeta+Sanitaria\"><span style=\"font-weight: 400;\">Sol\u00b7licitud targeta sanit\u00e0ria europea<\/span><\/a><\/li>\n<\/ul>\n","protected":false},"excerpt":{"rendered":"<p>Trieu el tr\u00e0mit que necessites: Autoritzaci\u00f3 recollida documentaci\u00f3 Justificant Abs\u00e8ncies alumnat Sol\u00b7licitud baixa matr\u00edcula Sol\u00b7licitud Canvi Itineraris Mat\u00e8ries Batxillerat Sol\u00b7licitud Canvi Optatives Sol\u00b7licitud Model General Sol\u00b7licitud Queixes i\/o Suggeriments Sol\u00b7licitud targeta sanit\u00e0ria europea<\/p>\n","protected":false},"author":1,"featured_media":0,"parent":17868,"menu_order":1,"comment_status":"closed","ping_status":"closed","template":"page-templates\/side-menu.php","meta":{"_bbp_topic_count":0,"_bbp_reply_count":0,"_bbp_total_topic_count":0,"_bbp_total_reply_count":0,"_bbp_voice_count":0,"_bbp_anonymous_reply_count":0,"_bbp_topic_count_hidden":0,"_bbp_reply_count_hidden":0,"_bbp_forum_subforum_count":0,"site-sidebar-layout":"default","site-content-layout":"","ast-site-content-layout":"","site-content-style":"default","site-sidebar-style":"default","ast-global-header-display":"","ast-banner-title-visibility":"","ast-main-header-display":"","ast-hfb-above-header-display":"","ast-hfb-below-header-display":"","ast-hfb-mobile-header-display":"","site-post-title":"","ast-breadcrumbs-content":"","ast-featured-img":"","footer-sml-layout":"","theme-transparent-header-meta":"","adv-header-id-meta":"","stick-header-meta":"","header-above-stick-meta":"","header-main-stick-meta":"","header-below-stick-meta":"","astra-migrate-meta-layouts":"default","ast-page-background-enabled":"default","ast-page-background-meta":{"desktop":{"background-color":"var(--ast-global-color-4)","background-image":"","background-repeat":"repeat","background-position":"center center","background-size":"auto","background-attachment":"scroll","background-type":"","background-media":"","overlay-type":"","overlay-color":"","overlay-opacity":"","overlay-gradient":""},"tablet":{"background-color":"","background-image":"","background-repeat":"repeat","background-position":"center center","background-size":"auto","background-attachment":"scroll","background-type":"","background-media":"","overlay-type":"","overlay-color":"","overlay-opacity":"","overlay-gradient":""},"mobile":{"background-color":"","background-image":"","background-repeat":"repeat","background-position":"center center","background-size":"auto","background-attachment":"scroll","background-type":"","background-media":"","overlay-type":"","overlay-color":"","overlay-opacity":"","overlay-gradient":""}},"ast-content-background-meta":{"desktop":{"background-color":"var(--ast-global-color-5)","background-image":"","background-repeat":"repeat","background-position":"center center","background-size":"auto","background-attachment":"scroll","background-type":"","background-media":"","overlay-type":"","overlay-color":"","overlay-opacity":"","overlay-gradient":""},"tablet":{"background-color":"var(--ast-global-color-5)","background-image":"","background-repeat":"repeat","background-position":"center center","background-size":"auto","background-attachment":"scroll","background-type":"","background-media":"","overlay-type":"","overlay-color":"","overlay-opacity":"","overlay-gradient":""},"mobile":{"background-color":"var(--ast-global-color-5)","background-image":"","background-repeat":"repeat","background-position":"center center","background-size":"auto","background-attachment":"scroll","background-type":"","background-media":"","overlay-type":"","overlay-color":"","overlay-opacity":"","overlay-gradient":""}},"footnotes":""},"class_list":["post-485","page","type-page","status-publish","hentry"],"post_mailing_queue_ids":[],"_links":{"self":[{"href":"https:\/\/agora.xtec.cat\/iescandelera\/wp-json\/wp\/v2\/pages\/485","targetHints":{"allow":["GET"]}}],"collection":[{"href":"https:\/\/agora.xtec.cat\/iescandelera\/wp-json\/wp\/v2\/pages"}],"about":[{"href":"https:\/\/agora.xtec.cat\/iescandelera\/wp-json\/wp\/v2\/types\/page"}],"author":[{"embeddable":true,"href":"https:\/\/agora.xtec.cat\/iescandelera\/wp-json\/wp\/v2\/users\/1"}],"replies":[{"embeddable":true,"href":"https:\/\/agora.xtec.cat\/iescandelera\/wp-json\/wp\/v2\/comments?post=485"}],"version-history":[{"count":6,"href":"https:\/\/agora.xtec.cat\/iescandelera\/wp-json\/wp\/v2\/pages\/485\/revisions"}],"predecessor-version":[{"id":17911,"href":"https:\/\/agora.xtec.cat\/iescandelera\/wp-json\/wp\/v2\/pages\/485\/revisions\/17911"}],"up":[{"embeddable":true,"href":"https:\/\/agora.xtec.cat\/iescandelera\/wp-json\/wp\/v2\/pages\/17868"}],"wp:attachment":[{"href":"https:\/\/agora.xtec.cat\/iescandelera\/wp-json\/wp\/v2\/media?parent=485"}],"curies":[{"name":"wp","href":"https:\/\/api.w.org\/{rel}","templated":true}]}}