{"id":43,"date":"2014-09-17T16:45:07","date_gmt":"2014-09-17T16:45:07","guid":{"rendered":"http:\/\/agora.xtec.cat\/iescandelera\/?page_id=43"},"modified":"2025-10-30T13:02:39","modified_gmt":"2025-10-30T12:02:39","slug":"consell-escolar","status":"publish","type":"page","link":"https:\/\/agora.xtec.cat\/iescandelera\/linstitut\/consell-escolar\/","title":{"rendered":"Consell escolar"},"content":{"rendered":"<p>Podeu consultar el calendari a les eleccions per al proper consell escolar al seg\u00fcent <a href=\"https:\/\/agora.xtec.cat\/iescandelera\/wp-content\/uploads\/usu664\/2025\/10\/CE.pdf\" target=\"_blank\" rel=\"noopener\">enlla\u00e7<\/a><\/p>\n<p>&nbsp;<\/p>\n<p>Podeu consultar qui integra el consell escolar al seg\u00fcent enlla\u00e7:<\/p>\n<h3><a href=\"https:\/\/agora.xtec.cat\/iescandelera\/wp-content\/uploads\/usu664\/2025\/02\/MEMBRES_CE_2024_2025.pdf\">Relaci\u00f3 membres Consell Escolar i funcions<\/a><\/h3>\n<p><a href=\"https:\/\/agora.xtec.cat\/iescandelera\/logo-eleccions-ce\/\"><img loading=\"lazy\" decoding=\"async\" class=\"wp-image-12923 alignleft\" src=\"https:\/\/agora.xtec.cat\/iescandelera\/wp-content\/uploads\/usu664\/2021\/11\/LOGO-ELECCIONS-CE.png\" alt=\"\" width=\"350\" height=\"205\" srcset=\"https:\/\/agora.xtec.cat\/iescandelera\/wp-content\/uploads\/usu664\/2021\/11\/LOGO-ELECCIONS-CE.png 818w, https:\/\/agora.xtec.cat\/iescandelera\/wp-content\/uploads\/usu664\/2021\/11\/LOGO-ELECCIONS-CE-300x176.png 300w, https:\/\/agora.xtec.cat\/iescandelera\/wp-content\/uploads\/usu664\/2021\/11\/LOGO-ELECCIONS-CE-768x450.png 768w\" sizes=\"auto, (max-width: 350px) 100vw, 350px\" \/><\/a><\/p>\n<p>&nbsp;<\/p>\n","protected":false},"excerpt":{"rendered":"<p>Podeu consultar el calendari a les eleccions per al proper consell escolar al seg\u00fcent enlla\u00e7 &nbsp; Podeu consultar qui integra el consell escolar al seg\u00fcent enlla\u00e7: Relaci\u00f3 membres Consell Escolar i funcions &nbsp;<\/p>\n","protected":false},"author":1,"featured_media":0,"parent":19,"menu_order":40,"comment_status":"closed","ping_status":"closed","template":"page-templates\/side-menu.php","meta":{"_bbp_topic_count":0,"_bbp_reply_count":0,"_bbp_total_topic_count":0,"_bbp_total_reply_count":0,"_bbp_voice_count":0,"_bbp_anonymous_reply_count":0,"_bbp_topic_count_hidden":0,"_bbp_reply_count_hidden":0,"_bbp_forum_subforum_count":0,"site-sidebar-layout":"default","site-content-layout":"","ast-site-content-layout":"","site-content-style":"default","site-sidebar-style":"default","ast-global-header-display":"","ast-banner-title-visibility":"","ast-main-header-display":"","ast-hfb-above-header-display":"","ast-hfb-below-header-display":"","ast-hfb-mobile-header-display":"","site-post-title":"","ast-breadcrumbs-content":"","ast-featured-img":"","footer-sml-layout":"","theme-transparent-header-meta":"","adv-header-id-meta":"","stick-header-meta":"","header-above-stick-meta":"","header-main-stick-meta":"","header-below-stick-meta":"","astra-migrate-meta-layouts":"default","ast-page-background-enabled":"default","ast-page-background-meta":{"desktop":{"background-color":"var(--ast-global-color-4)","background-image":"","background-repeat":"repeat","background-position":"center center","background-size":"auto","background-attachment":"scroll","background-type":"","background-media":"","overlay-type":"","overlay-color":"","overlay-opacity":"","overlay-gradient":""},"tablet":{"background-color":"","background-image":"","background-repeat":"repeat","background-position":"center center","background-size":"auto","background-attachment":"scroll","background-type":"","background-media":"","overlay-type":"","overlay-color":"","overlay-opacity":"","overlay-gradient":""},"mobile":{"background-color":"","background-image":"","background-repeat":"repeat","background-position":"center center","background-size":"auto","background-attachment":"scroll","background-type":"","background-media":"","overlay-type":"","overlay-color":"","overlay-opacity":"","overlay-gradient":""}},"ast-content-background-meta":{"desktop":{"background-color":"var(--ast-global-color-5)","background-image":"","background-repeat":"repeat","background-position":"center center","background-size":"auto","background-attachment":"scroll","background-type":"","background-media":"","overlay-type":"","overlay-color":"","overlay-opacity":"","overlay-gradient":""},"tablet":{"background-color":"var(--ast-global-color-5)","background-image":"","background-repeat":"repeat","background-position":"center center","background-size":"auto","background-attachment":"scroll","background-type":"","background-media":"","overlay-type":"","overlay-color":"","overlay-opacity":"","overlay-gradient":""},"mobile":{"background-color":"var(--ast-global-color-5)","background-image":"","background-repeat":"repeat","background-position":"center center","background-size":"auto","background-attachment":"scroll","background-type":"","background-media":"","overlay-type":"","overlay-color":"","overlay-opacity":"","overlay-gradient":""}},"footnotes":""},"class_list":["post-43","page","type-page","status-publish","hentry"],"post_mailing_queue_ids":[],"_links":{"self":[{"href":"https:\/\/agora.xtec.cat\/iescandelera\/wp-json\/wp\/v2\/pages\/43","targetHints":{"allow":["GET"]}}],"collection":[{"href":"https:\/\/agora.xtec.cat\/iescandelera\/wp-json\/wp\/v2\/pages"}],"about":[{"href":"https:\/\/agora.xtec.cat\/iescandelera\/wp-json\/wp\/v2\/types\/page"}],"author":[{"embeddable":true,"href":"https:\/\/agora.xtec.cat\/iescandelera\/wp-json\/wp\/v2\/users\/1"}],"replies":[{"embeddable":true,"href":"https:\/\/agora.xtec.cat\/iescandelera\/wp-json\/wp\/v2\/comments?post=43"}],"version-history":[{"count":6,"href":"https:\/\/agora.xtec.cat\/iescandelera\/wp-json\/wp\/v2\/pages\/43\/revisions"}],"predecessor-version":[{"id":19473,"href":"https:\/\/agora.xtec.cat\/iescandelera\/wp-json\/wp\/v2\/pages\/43\/revisions\/19473"}],"up":[{"embeddable":true,"href":"https:\/\/agora.xtec.cat\/iescandelera\/wp-json\/wp\/v2\/pages\/19"}],"wp:attachment":[{"href":"https:\/\/agora.xtec.cat\/iescandelera\/wp-json\/wp\/v2\/media?parent=43"}],"curies":[{"name":"wp","href":"https:\/\/api.w.org\/{rel}","templated":true}]}}