{"id":21,"date":"2014-09-17T16:14:14","date_gmt":"2014-09-17T16:14:14","guid":{"rendered":"http:\/\/agora.xtec.cat\/iescandelera\/?page_id=21"},"modified":"2024-10-11T08:34:53","modified_gmt":"2024-10-11T06:34:53","slug":"on-som","status":"publish","type":"page","link":"https:\/\/agora.xtec.cat\/iescandelera\/linstitut\/on-som\/","title":{"rendered":"On som"},"content":{"rendered":"<p class=\"paragraph_style\">Avinguda de l\u2019U d&#8217;octubre, 2<\/p>\n<p class=\"paragraph_style\">43860 l\u2019Ametla de Mar<\/p>\n<p class=\"paragraph_style_3\">Tel\u00e8fon &gt; <span class=\"style_1\">977 45 64 42<br \/>\n<\/span><\/p>\n<p class=\"paragraph_style_3\">Fax &gt; <span class=\"style_1\">977 49 34 80 <\/span><\/p>\n<p class=\"paragraph_style_4\">Correu electr\u00f2nic: <a class=\"class1\" title=\"mailto:e3006976@xtec.cat?subject=CONSULTA\" href=\"mailto:e3006976@xtec.cat?subject=CONSULTA\"><span class=\"style_2\">e3006976@xtec.cat<\/span><\/a><\/p>\n<p>&nbsp;<\/p>\n<p><iframe loading=\"lazy\" style=\"border: 0;\" src=\"https:\/\/www.google.com\/maps\/embed?pb=!1m18!1m12!1m3!1d3016.517254654194!2d0.7962941151869465!3d40.88246717931371!2m3!1f0!2f0!3f0!3m2!1i1024!2i768!4f13.1!3m3!1m2!1s0x12a116d1aa73c20b%3A0x21379dae9d0a5389!2sINS+Mare+de+D%C3%A9u+de+la+Candelera!5e0!3m2!1sca!2ses!4v1484837128874\" width=\"600\" height=\"450\" frameborder=\"0\" allowfullscreen=\"allowfullscreen\"><\/iframe><\/p>\n<p><strong>Com arribar-hi:<br \/>\n<\/strong><\/p>\n<ul>\n<li>\n<p align=\"justify\">L\u2019institut Candelera es troba a la poblaci\u00f3 de l\u2019Ametlla de Mar (Baix Ebre):<\/p>\n<p align=\"justify\">Les comunicacions amb transport p\u00fablic m\u00e9s importants son principalment per mitj\u00e0 del tren ja que l\u2019<b>estaci\u00f3 es troba a escassos 500 m del centre educatiu<\/b> i hi ha una molt bona comunicaci\u00f3 amb les l\u00ednies <a href=\"http:\/\/rodalies.gencat.cat\/web\/.content\/02_Horaris\/horaris\/R16-R17.pdf\"><span style=\"color: #1155cc;\"><u>rodalies de Catalunya R16-R17<\/u><\/span><\/a>.<\/p>\n<p align=\"justify\"><b>Si vens del nord:<\/b><\/p>\n<p align=\"justify\">De dilluns a divendres hi ha un tren que surt de Barcelona direcci\u00f3 Tortosa i que efectua la seva parada a les 7:56h a l\u2019Ametlla de Mar, de manera que permet arribar abans de l\u2019inici de les classes. En sentit contrari surten trens a les 14:29h i a les 16:15h.<\/p>\n<p align=\"justify\"><b>Si vens del sud:<\/b><\/p>\n<p align=\"justify\">De dilluns a divendres circula un tren amb origen a Tortosa i direcci\u00f3 Barcelona (procedent de Val\u00e8ncia-Vinar\u00f2s-Ulldecona) que fa parada a l\u2019Ametlla de Mar a les 8:09h i en sentit contrari hi ha trens que acaben a Tortosa a les 14:56h i les 16:53h i tamb\u00e9 que continuen cap a Ulldecona-Vinar\u00f2s-Valencia a les 17:36h.<\/p>\n<\/li>\n<li>Amb cotxe: AP-7 sortida 39<\/li>\n<\/ul>\n","protected":false},"excerpt":{"rendered":"<p>Avinguda de l\u2019U d&#8217;octubre, 2 43860 l\u2019Ametla de Mar Tel\u00e8fon &gt; 977 45 64 42 Fax &gt; 977 49 34 80 Correu electr\u00f2nic: e3006976@xtec.cat &nbsp; Com arribar-hi: L\u2019institut Candelera es troba a la poblaci\u00f3 de l\u2019Ametlla de Mar (Baix Ebre): Les comunicacions amb transport p\u00fablic m\u00e9s importants son principalment per mitj\u00e0 del tren ja que [&hellip;]<\/p>\n","protected":false},"author":1,"featured_media":0,"parent":19,"menu_order":10,"comment_status":"closed","ping_status":"closed","template":"page-templates\/side-menu.php","meta":{"_bbp_topic_count":0,"_bbp_reply_count":0,"_bbp_total_topic_count":0,"_bbp_total_reply_count":0,"_bbp_voice_count":0,"_bbp_anonymous_reply_count":0,"_bbp_topic_count_hidden":0,"_bbp_reply_count_hidden":0,"_bbp_forum_subforum_count":0,"site-sidebar-layout":"default","site-content-layout":"","ast-site-content-layout":"","site-content-style":"default","site-sidebar-style":"default","ast-global-header-display":"","ast-banner-title-visibility":"","ast-main-header-display":"","ast-hfb-above-header-display":"","ast-hfb-below-header-display":"","ast-hfb-mobile-header-display":"","site-post-title":"","ast-breadcrumbs-content":"","ast-featured-img":"","footer-sml-layout":"","theme-transparent-header-meta":"","adv-header-id-meta":"","stick-header-meta":"","header-above-stick-meta":"","header-main-stick-meta":"","header-below-stick-meta":"","astra-migrate-meta-layouts":"default","ast-page-background-enabled":"default","ast-page-background-meta":{"desktop":{"background-color":"var(--ast-global-color-4)","background-image":"","background-repeat":"repeat","background-position":"center center","background-size":"auto","background-attachment":"scroll","background-type":"","background-media":"","overlay-type":"","overlay-color":"","overlay-opacity":"","overlay-gradient":""},"tablet":{"background-color":"","background-image":"","background-repeat":"repeat","background-position":"center center","background-size":"auto","background-attachment":"scroll","background-type":"","background-media":"","overlay-type":"","overlay-color":"","overlay-opacity":"","overlay-gradient":""},"mobile":{"background-color":"","background-image":"","background-repeat":"repeat","background-position":"center center","background-size":"auto","background-attachment":"scroll","background-type":"","background-media":"","overlay-type":"","overlay-color":"","overlay-opacity":"","overlay-gradient":""}},"ast-content-background-meta":{"desktop":{"background-color":"var(--ast-global-color-5)","background-image":"","background-repeat":"repeat","background-position":"center center","background-size":"auto","background-attachment":"scroll","background-type":"","background-media":"","overlay-type":"","overlay-color":"","overlay-opacity":"","overlay-gradient":""},"tablet":{"background-color":"var(--ast-global-color-5)","background-image":"","background-repeat":"repeat","background-position":"center center","background-size":"auto","background-attachment":"scroll","background-type":"","background-media":"","overlay-type":"","overlay-color":"","overlay-opacity":"","overlay-gradient":""},"mobile":{"background-color":"var(--ast-global-color-5)","background-image":"","background-repeat":"repeat","background-position":"center center","background-size":"auto","background-attachment":"scroll","background-type":"","background-media":"","overlay-type":"","overlay-color":"","overlay-opacity":"","overlay-gradient":""}},"footnotes":""},"class_list":["post-21","page","type-page","status-publish","hentry"],"post_mailing_queue_ids":[],"_links":{"self":[{"href":"https:\/\/agora.xtec.cat\/iescandelera\/wp-json\/wp\/v2\/pages\/21","targetHints":{"allow":["GET"]}}],"collection":[{"href":"https:\/\/agora.xtec.cat\/iescandelera\/wp-json\/wp\/v2\/pages"}],"about":[{"href":"https:\/\/agora.xtec.cat\/iescandelera\/wp-json\/wp\/v2\/types\/page"}],"author":[{"embeddable":true,"href":"https:\/\/agora.xtec.cat\/iescandelera\/wp-json\/wp\/v2\/users\/1"}],"replies":[{"embeddable":true,"href":"https:\/\/agora.xtec.cat\/iescandelera\/wp-json\/wp\/v2\/comments?post=21"}],"version-history":[{"count":4,"href":"https:\/\/agora.xtec.cat\/iescandelera\/wp-json\/wp\/v2\/pages\/21\/revisions"}],"predecessor-version":[{"id":14706,"href":"https:\/\/agora.xtec.cat\/iescandelera\/wp-json\/wp\/v2\/pages\/21\/revisions\/14706"}],"up":[{"embeddable":true,"href":"https:\/\/agora.xtec.cat\/iescandelera\/wp-json\/wp\/v2\/pages\/19"}],"wp:attachment":[{"href":"https:\/\/agora.xtec.cat\/iescandelera\/wp-json\/wp\/v2\/media?parent=21"}],"curies":[{"name":"wp","href":"https:\/\/api.w.org\/{rel}","templated":true}]}}