{"id":195,"date":"2014-09-22T10:39:39","date_gmt":"2014-09-22T10:39:39","guid":{"rendered":"http:\/\/agora.xtec.cat\/iescandelera\/?page_id=195"},"modified":"2025-06-26T10:37:27","modified_gmt":"2025-06-26T08:37:27","slug":"estudis","status":"publish","type":"page","link":"https:\/\/agora.xtec.cat\/iescandelera\/estudis\/","title":{"rendered":"Estudis"},"content":{"rendered":"<p>Podeu con\u00e8ixer els estudis que s&#8217;imparteixen a l&#8217;INS Candelera mitjan\u00e7ant els seg\u00fcents enlla\u00e7os:<\/p>\n<ul class=\"sub-menu menu-odd menu-depth-1\">\n<li id=\"nav-menu-item-18303\" class=\"sub-menu-item menu-item-odd menu-item-depth-1 menu-item menu-item-type-post_type menu-item-object-page\"><a class=\"menu-link sub-menu-link\" href=\"https:\/\/agora.xtec.cat\/iescandelera\/categoria\/batxibac\/\">Batxibac<\/a><\/li>\n<li id=\"nav-menu-item-18305\" class=\"sub-menu-item menu-item-odd menu-item-depth-1 menu-item menu-item-type-post_type menu-item-object-page\"><a class=\"menu-link sub-menu-link\" href=\"https:\/\/agora.xtec.cat\/iescandelera\/categoria\/batxillerat\/\">Batxillerat<\/a><\/li>\n<li id=\"nav-menu-item-16603\" class=\"sub-menu-item menu-item-odd menu-item-depth-1 menu-item menu-item-type-taxonomy menu-item-object-category current-menu-ancestor current-menu-parent menu-item-has-children\"><a class=\"menu-link sub-menu-link\" href=\"https:\/\/agora.xtec.cat\/iescandelera\/categoria\/eso\/\">ESO<\/a><\/li>\n<li id=\"nav-menu-item-16303\" class=\"sub-menu-item menu-item-odd menu-item-depth-1 menu-item menu-item-type-post_type menu-item-object-page menu-item-has-children\"><a class=\"menu-link sub-menu-link\" href=\"https:\/\/agora.xtec.cat\/iescandelera\/estudis\/formacio-professional\/\">Formaci\u00f3 Professional<\/a>\n<ul class=\"sub-menu menu-even sub-sub-menu menu-depth-2\">\n<li id=\"nav-menu-item-16677\" class=\"sub-menu-item sub-sub-menu-item menu-item-even menu-item-depth-2 menu-item menu-item-type-taxonomy menu-item-object-category\"><a class=\"menu-link sub-menu-link\" title=\"https:\/\/agora.xtec.cat\/iescandelera\/categoria\/cicles-formatius\/\" href=\"https:\/\/agora.xtec.cat\/iescandelera\/categoria\/cicles-formatius\/\">CFGM Gesti\u00f3 Administrativa<\/a><\/li>\n<li id=\"nav-menu-item-16305\" class=\"sub-menu-item sub-sub-menu-item menu-item-even menu-item-depth-2 menu-item menu-item-type-post_type menu-item-object-page\"><a class=\"menu-link sub-menu-link\" href=\"https:\/\/agora.xtec.cat\/iescandelera\/categoria\/pfi-auxiliar-dobres-dinterior-i-pintura\/\">PFI<\/a><\/li>\n<li id=\"nav-menu-item-16306\" class=\"sub-menu-item sub-sub-menu-item menu-item-even menu-item-depth-2 menu-item menu-item-type-post_type menu-item-object-page\"><a class=\"menu-link sub-menu-link\" href=\"https:\/\/agora.xtec.cat\/iescandelera\/estudis\/formacio-professional\/formacio-en-centres-de-treball\/\">Formaci\u00f3 en centres de treball<\/a><\/li>\n<li id=\"nav-menu-item-16307\" class=\"sub-menu-item sub-sub-menu-item menu-item-even menu-item-depth-2 menu-item menu-item-type-post_type menu-item-object-page\"><a class=\"menu-link sub-menu-link\" href=\"https:\/\/agora.xtec.cat\/iescandelera\/estudis\/formacio-professional\/empresa-i-fp\/\">Empresa i FP<\/a><\/li>\n<li id=\"nav-menu-item-16687\" class=\"sub-menu-item sub-sub-menu-item menu-item-even menu-item-depth-2 menu-item menu-item-type-custom menu-item-object-custom\"><a class=\"menu-link sub-menu-link\" href=\"https:\/\/sites.google.com\/inscandelera.cat\/jornada-promo-fp-dual\/inici?authuser=3&amp;pli=1\">Jornades de promoci\u00f3 de l\u2019FP<\/a><\/li>\n<\/ul>\n<\/li>\n<\/ul>\n","protected":false},"excerpt":{"rendered":"<p>Podeu con\u00e8ixer els estudis que s&#8217;imparteixen a l&#8217;INS Candelera mitjan\u00e7ant els seg\u00fcents enlla\u00e7os: Batxibac Batxillerat ESO Formaci\u00f3 Professional CFGM Gesti\u00f3 Administrativa PFI Formaci\u00f3 en centres de treball Empresa i FP Jornades de promoci\u00f3 de l\u2019FP<\/p>\n","protected":false},"author":1,"featured_media":0,"parent":0,"menu_order":0,"comment_status":"closed","ping_status":"closed","template":"page-templates\/side-menu.php","meta":{"_bbp_topic_count":0,"_bbp_reply_count":0,"_bbp_total_topic_count":0,"_bbp_total_reply_count":0,"_bbp_voice_count":0,"_bbp_anonymous_reply_count":0,"_bbp_topic_count_hidden":0,"_bbp_reply_count_hidden":0,"_bbp_forum_subforum_count":0,"site-sidebar-layout":"default","site-content-layout":"","ast-site-content-layout":"","site-content-style":"default","site-sidebar-style":"default","ast-global-header-display":"","ast-banner-title-visibility":"","ast-main-header-display":"","ast-hfb-above-header-display":"","ast-hfb-below-header-display":"","ast-hfb-mobile-header-display":"","site-post-title":"","ast-breadcrumbs-content":"","ast-featured-img":"","footer-sml-layout":"","theme-transparent-header-meta":"","adv-header-id-meta":"","stick-header-meta":"","header-above-stick-meta":"","header-main-stick-meta":"","header-below-stick-meta":"","astra-migrate-meta-layouts":"default","ast-page-background-enabled":"default","ast-page-background-meta":{"desktop":{"background-color":"var(--ast-global-color-4)","background-image":"","background-repeat":"repeat","background-position":"center center","background-size":"auto","background-attachment":"scroll","background-type":"","background-media":"","overlay-type":"","overlay-color":"","overlay-opacity":"","overlay-gradient":""},"tablet":{"background-color":"","background-image":"","background-repeat":"repeat","background-position":"center center","background-size":"auto","background-attachment":"scroll","background-type":"","background-media":"","overlay-type":"","overlay-color":"","overlay-opacity":"","overlay-gradient":""},"mobile":{"background-color":"","background-image":"","background-repeat":"repeat","background-position":"center center","background-size":"auto","background-attachment":"scroll","background-type":"","background-media":"","overlay-type":"","overlay-color":"","overlay-opacity":"","overlay-gradient":""}},"ast-content-background-meta":{"desktop":{"background-color":"var(--ast-global-color-5)","background-image":"","background-repeat":"repeat","background-position":"center center","background-size":"auto","background-attachment":"scroll","background-type":"","background-media":"","overlay-type":"","overlay-color":"","overlay-opacity":"","overlay-gradient":""},"tablet":{"background-color":"var(--ast-global-color-5)","background-image":"","background-repeat":"repeat","background-position":"center center","background-size":"auto","background-attachment":"scroll","background-type":"","background-media":"","overlay-type":"","overlay-color":"","overlay-opacity":"","overlay-gradient":""},"mobile":{"background-color":"var(--ast-global-color-5)","background-image":"","background-repeat":"repeat","background-position":"center center","background-size":"auto","background-attachment":"scroll","background-type":"","background-media":"","overlay-type":"","overlay-color":"","overlay-opacity":"","overlay-gradient":""}},"footnotes":""},"class_list":["post-195","page","type-page","status-publish","hentry"],"post_mailing_queue_ids":[],"_links":{"self":[{"href":"https:\/\/agora.xtec.cat\/iescandelera\/wp-json\/wp\/v2\/pages\/195","targetHints":{"allow":["GET"]}}],"collection":[{"href":"https:\/\/agora.xtec.cat\/iescandelera\/wp-json\/wp\/v2\/pages"}],"about":[{"href":"https:\/\/agora.xtec.cat\/iescandelera\/wp-json\/wp\/v2\/types\/page"}],"author":[{"embeddable":true,"href":"https:\/\/agora.xtec.cat\/iescandelera\/wp-json\/wp\/v2\/users\/1"}],"replies":[{"embeddable":true,"href":"https:\/\/agora.xtec.cat\/iescandelera\/wp-json\/wp\/v2\/comments?post=195"}],"version-history":[{"count":7,"href":"https:\/\/agora.xtec.cat\/iescandelera\/wp-json\/wp\/v2\/pages\/195\/revisions"}],"predecessor-version":[{"id":19058,"href":"https:\/\/agora.xtec.cat\/iescandelera\/wp-json\/wp\/v2\/pages\/195\/revisions\/19058"}],"wp:attachment":[{"href":"https:\/\/agora.xtec.cat\/iescandelera\/wp-json\/wp\/v2\/media?parent=195"}],"curies":[{"name":"wp","href":"https:\/\/api.w.org\/{rel}","templated":true}]}}