{"id":19,"date":"2014-09-17T14:56:56","date_gmt":"2014-09-17T14:56:56","guid":{"rendered":"http:\/\/agora.xtec.cat\/iescandelera\/?page_id=19"},"modified":"2024-10-22T13:50:14","modified_gmt":"2024-10-22T11:50:14","slug":"linstitut","status":"publish","type":"page","link":"https:\/\/agora.xtec.cat\/iescandelera\/linstitut\/","title":{"rendered":"L&#8217;institut"},"content":{"rendered":"<p style=\"color: #444444;\"><a style=\"color: #444444;\" href=\"http:\/\/agora.xtec.cat\/iescandelera\/wp-content\/uploads\/usu664\/2017\/01\/foto-insti.jpg\"><img loading=\"lazy\" decoding=\"async\" class=\"alignnone wp-image-603\" src=\"http:\/\/agora.xtec.cat\/iescandelera\/wp-content\/uploads\/usu664\/2017\/01\/foto-insti.jpg\" alt=\"foto-insti\" width=\"833\" height=\"193\" srcset=\"https:\/\/agora.xtec.cat\/iescandelera\/wp-content\/uploads\/usu664\/2017\/01\/foto-insti.jpg 466w, https:\/\/agora.xtec.cat\/iescandelera\/wp-content\/uploads\/usu664\/2017\/01\/foto-insti-300x70.jpg 300w\" sizes=\"auto, (max-width: 833px) 100vw, 833px\" \/><\/a><\/p>\n<ul class=\"sub-menu menu-odd  menu-depth-1\">\n<li id=\"nav-menu-item-16220\" class=\"sub-menu-item  menu-item-odd menu-item-depth-1 menu-item menu-item-type-post_type menu-item-object-page\"><a class=\"menu-link sub-menu-link\" href=\"https:\/\/agora.xtec.cat\/iescandelera\/linstitut\/on-som\/\">On som<\/a><\/li>\n<li id=\"nav-menu-item-17828\" class=\"sub-menu-item  menu-item-odd menu-item-depth-1 menu-item menu-item-type-post_type menu-item-object-page menu-item-has-children\"><a class=\"menu-link sub-menu-link\" href=\"https:\/\/agora.xtec.cat\/iescandelera\/linstitut\/documentacio-de-centre\/\">Documentaci\u00f3 de centre<\/a>\n<ul class=\"sub-menu menu-even sub-sub-menu menu-depth-2\">\n<li id=\"nav-menu-item-17832\" class=\"sub-menu-item sub-sub-menu-item menu-item-even menu-item-depth-2 menu-item menu-item-type-post_type menu-item-object-page\"><a class=\"menu-link sub-menu-link\" href=\"https:\/\/agora.xtec.cat\/iescandelera\/linstitut\/documentacio-de-centre\/normes-dorganitzacio-i-funcionament-de-centre-nofc\/\">Normes d\u2019organitzaci\u00f3 i funcionament de centre (NOFC)<\/a><\/li>\n<li id=\"nav-menu-item-16296\" class=\"sub-menu-item sub-sub-menu-item menu-item-even menu-item-depth-2 menu-item menu-item-type-post_type menu-item-object-page\"><a class=\"menu-link sub-menu-link\" href=\"https:\/\/agora.xtec.cat\/iescandelera\/linstitut\/documentacio-de-centre\/projecte-direccio-2016-17\/\">Projecte Direcci\u00f3<\/a><\/li>\n<li id=\"nav-menu-item-16297\" class=\"sub-menu-item sub-sub-menu-item menu-item-even menu-item-depth-2 menu-item menu-item-type-post_type menu-item-object-page\"><a class=\"menu-link sub-menu-link\" href=\"https:\/\/agora.xtec.cat\/iescandelera\/linstitut\/documentacio-de-centre\/projecte-educatiu-de-centre-pec\/\">Projecte Educatiu de Centre (PEC)<\/a><\/li>\n<li id=\"nav-menu-item-16960\" class=\"sub-menu-item sub-sub-menu-item menu-item-even menu-item-depth-2 menu-item menu-item-type-custom menu-item-object-custom\"><a class=\"menu-link sub-menu-link\" href=\"https:\/\/sites.google.com\/inscandelera.cat\/edc-ins-candelera\/p%C3%A0gina-dinici\">Pla d\u2019Estrat\u00e8gia Digital de Centre<\/a><\/li>\n<li id=\"nav-menu-item-17841\" class=\"sub-menu-item sub-sub-menu-item menu-item-even menu-item-depth-2 menu-item menu-item-type-post_type menu-item-object-page\"><a class=\"menu-link sub-menu-link\" href=\"https:\/\/agora.xtec.cat\/iescandelera\/linstitut\/documentacio-de-centre\/projecte-convivencia\/\">Projecte Conviv\u00e8ncia<\/a><\/li>\n<li id=\"nav-menu-item-16294\" class=\"sub-menu-item sub-sub-menu-item menu-item-even menu-item-depth-2 menu-item menu-item-type-post_type menu-item-object-page\"><a class=\"menu-link sub-menu-link\" href=\"https:\/\/agora.xtec.cat\/iescandelera\/projecte-linguistic\/\">Projecte Ling\u00fc\u00edstic de Centre (PLC)<\/a><\/li>\n<li id=\"nav-menu-item-17840\" class=\"sub-menu-item sub-sub-menu-item menu-item-even menu-item-depth-2 menu-item menu-item-type-post_type menu-item-object-page\"><a class=\"menu-link sub-menu-link\" href=\"https:\/\/agora.xtec.cat\/iescandelera\/linstitut\/documentacio-de-centre\/projecte-de-qualitat\/\">Projecte de Qualitat<\/a><\/li>\n<\/ul>\n<\/li>\n<li id=\"nav-menu-item-16221\" class=\"sub-menu-item  menu-item-odd menu-item-depth-1 menu-item menu-item-type-post_type menu-item-object-page\"><a class=\"menu-link sub-menu-link\" href=\"https:\/\/agora.xtec.cat\/iescandelera\/linstitut\/historia\/\">Hist\u00f2ria<\/a><\/li>\n<li id=\"nav-menu-item-16224\" class=\"sub-menu-item  menu-item-odd menu-item-depth-1 menu-item menu-item-type-post_type menu-item-object-page\"><a class=\"menu-link sub-menu-link\" href=\"https:\/\/agora.xtec.cat\/iescandelera\/linstitut\/horari-escolar-2017-18\/\">Horari Escolar<\/a><\/li>\n<li id=\"nav-menu-item-16223\" class=\"sub-menu-item  menu-item-odd menu-item-depth-1 menu-item menu-item-type-post_type menu-item-object-page\"><a class=\"menu-link sub-menu-link\" href=\"https:\/\/agora.xtec.cat\/iescandelera\/linstitut\/horaris-per-nivells-i-grups\/\">Horaris per nivells i grups<\/a><\/li>\n<li id=\"nav-menu-item-677\" class=\"sub-menu-item  menu-item-odd menu-item-depth-1 menu-item menu-item-type-post_type menu-item-object-page\"><a class=\"menu-link sub-menu-link\" href=\"https:\/\/agora.xtec.cat\/iescandelera\/linstitut\/calendari-del-curs\/\">Calendari del curs<\/a><\/li>\n<li id=\"nav-menu-item-9603\" class=\"sub-menu-item  menu-item-odd menu-item-depth-1 menu-item menu-item-type-post_type menu-item-object-page\"><a class=\"menu-link sub-menu-link\" href=\"https:\/\/agora.xtec.cat\/iescandelera\/linstitut\/organigrama\/\">Organigrama curs 2024-2025<\/a><\/li>\n<li id=\"nav-menu-item-9568\" class=\"sub-menu-item  menu-item-odd menu-item-depth-1 menu-item menu-item-type-post_type menu-item-object-page\"><a class=\"menu-link sub-menu-link\" href=\"https:\/\/agora.xtec.cat\/iescandelera\/linstitut\/departaments\/\">Departaments curs 2024-2025<\/a><\/li>\n<li id=\"nav-menu-item-675\" class=\"sub-menu-item  menu-item-odd menu-item-depth-1 menu-item menu-item-type-post_type menu-item-object-page\"><a class=\"menu-link sub-menu-link\" href=\"https:\/\/agora.xtec.cat\/iescandelera\/linstitut\/consell-escolar\/\">Consell escolar<\/a><\/li>\n<li id=\"nav-menu-item-16317\" class=\"sub-menu-item  menu-item-odd menu-item-depth-1 menu-item menu-item-type-post_type menu-item-object-page\"><a class=\"menu-link sub-menu-link\" href=\"https:\/\/agora.xtec.cat\/iescandelera\/ampa\/\">AMPA<\/a><\/li>\n<li id=\"nav-menu-item-16309\" class=\"sub-menu-item  menu-item-odd menu-item-depth-1 menu-item menu-item-type-post_type menu-item-object-page\"><a class=\"menu-link sub-menu-link\" href=\"https:\/\/agora.xtec.cat\/iescandelera\/linstitut\/serveis\/\">Serveis<\/a><\/li>\n<\/ul>\n","protected":false},"excerpt":{"rendered":"<p>On som Documentaci\u00f3 de centre Normes d\u2019organitzaci\u00f3 i funcionament de centre (NOFC) Projecte Direcci\u00f3 Projecte Educatiu de Centre (PEC) Pla d\u2019Estrat\u00e8gia Digital de Centre Projecte Conviv\u00e8ncia Projecte Ling\u00fc\u00edstic de Centre (PLC) Projecte de Qualitat Hist\u00f2ria Horari Escolar Horaris per nivells i grups Calendari del curs Organigrama curs 2024-2025 Departaments curs 2024-2025 Consell escolar AMPA Serveis<\/p>\n","protected":false},"author":1,"featured_media":0,"parent":0,"menu_order":0,"comment_status":"closed","ping_status":"closed","template":"page-templates\/side-menu.php","meta":{"_bbp_topic_count":0,"_bbp_reply_count":0,"_bbp_total_topic_count":0,"_bbp_total_reply_count":0,"_bbp_voice_count":0,"_bbp_anonymous_reply_count":0,"_bbp_topic_count_hidden":0,"_bbp_reply_count_hidden":0,"_bbp_forum_subforum_count":0,"site-sidebar-layout":"default","site-content-layout":"","ast-site-content-layout":"","site-content-style":"default","site-sidebar-style":"default","ast-global-header-display":"","ast-banner-title-visibility":"","ast-main-header-display":"","ast-hfb-above-header-display":"","ast-hfb-below-header-display":"","ast-hfb-mobile-header-display":"","site-post-title":"","ast-breadcrumbs-content":"","ast-featured-img":"","footer-sml-layout":"","theme-transparent-header-meta":"","adv-header-id-meta":"","stick-header-meta":"","header-above-stick-meta":"","header-main-stick-meta":"","header-below-stick-meta":"","astra-migrate-meta-layouts":"default","ast-page-background-enabled":"default","ast-page-background-meta":{"desktop":{"background-color":"var(--ast-global-color-4)","background-image":"","background-repeat":"repeat","background-position":"center center","background-size":"auto","background-attachment":"scroll","background-type":"","background-media":"","overlay-type":"","overlay-color":"","overlay-opacity":"","overlay-gradient":""},"tablet":{"background-color":"","background-image":"","background-repeat":"repeat","background-position":"center center","background-size":"auto","background-attachment":"scroll","background-type":"","background-media":"","overlay-type":"","overlay-color":"","overlay-opacity":"","overlay-gradient":""},"mobile":{"background-color":"","background-image":"","background-repeat":"repeat","background-position":"center center","background-size":"auto","background-attachment":"scroll","background-type":"","background-media":"","overlay-type":"","overlay-color":"","overlay-opacity":"","overlay-gradient":""}},"ast-content-background-meta":{"desktop":{"background-color":"var(--ast-global-color-5)","background-image":"","background-repeat":"repeat","background-position":"center center","background-size":"auto","background-attachment":"scroll","background-type":"","background-media":"","overlay-type":"","overlay-color":"","overlay-opacity":"","overlay-gradient":""},"tablet":{"background-color":"var(--ast-global-color-5)","background-image":"","background-repeat":"repeat","background-position":"center center","background-size":"auto","background-attachment":"scroll","background-type":"","background-media":"","overlay-type":"","overlay-color":"","overlay-opacity":"","overlay-gradient":""},"mobile":{"background-color":"var(--ast-global-color-5)","background-image":"","background-repeat":"repeat","background-position":"center center","background-size":"auto","background-attachment":"scroll","background-type":"","background-media":"","overlay-type":"","overlay-color":"","overlay-opacity":"","overlay-gradient":""}},"footnotes":""},"class_list":["post-19","page","type-page","status-publish","hentry"],"post_mailing_queue_ids":[],"_links":{"self":[{"href":"https:\/\/agora.xtec.cat\/iescandelera\/wp-json\/wp\/v2\/pages\/19","targetHints":{"allow":["GET"]}}],"collection":[{"href":"https:\/\/agora.xtec.cat\/iescandelera\/wp-json\/wp\/v2\/pages"}],"about":[{"href":"https:\/\/agora.xtec.cat\/iescandelera\/wp-json\/wp\/v2\/types\/page"}],"author":[{"embeddable":true,"href":"https:\/\/agora.xtec.cat\/iescandelera\/wp-json\/wp\/v2\/users\/1"}],"replies":[{"embeddable":true,"href":"https:\/\/agora.xtec.cat\/iescandelera\/wp-json\/wp\/v2\/comments?post=19"}],"version-history":[{"count":5,"href":"https:\/\/agora.xtec.cat\/iescandelera\/wp-json\/wp\/v2\/pages\/19\/revisions"}],"predecessor-version":[{"id":17851,"href":"https:\/\/agora.xtec.cat\/iescandelera\/wp-json\/wp\/v2\/pages\/19\/revisions\/17851"}],"wp:attachment":[{"href":"https:\/\/agora.xtec.cat\/iescandelera\/wp-json\/wp\/v2\/media?parent=19"}],"curies":[{"name":"wp","href":"https:\/\/api.w.org\/{rel}","templated":true}]}}