{"id":17838,"date":"2024-10-21T17:47:39","date_gmt":"2024-10-21T15:47:39","guid":{"rendered":"https:\/\/agora.xtec.cat\/iescandelera\/?page_id=17838"},"modified":"2026-01-19T10:09:29","modified_gmt":"2026-01-19T09:09:29","slug":"projecte-de-qualitat","status":"publish","type":"page","link":"https:\/\/agora.xtec.cat\/iescandelera\/linstitut\/documentacio-de-centre\/projecte-de-qualitat\/","title":{"rendered":"Projecte de Qualitat"},"content":{"rendered":"<p>En el seg\u00fcent document podeu consultar la <strong>Pol\u00edtica de Qualitat de l&#8217;INS Candelera<\/strong>:<\/p>\n<p><a href=\"https:\/\/agora.xtec.cat\/iescandelera\/wp-content\/uploads\/usu664\/2026\/01\/Politica-Qualitat-amb-8.3-definitiva.pdf\" target=\"_blank\" rel=\"noopener\">Pol\u00edtica Qualitat_ Institut Candelera<\/a><\/p>\n","protected":false},"excerpt":{"rendered":"<p>En el seg\u00fcent document podeu consultar la Pol\u00edtica de Qualitat de l&#8217;INS Candelera: Pol\u00edtica Qualitat_ Institut Candelera<\/p>\n","protected":false},"author":1,"featured_media":0,"parent":17823,"menu_order":0,"comment_status":"closed","ping_status":"closed","template":"page-templates\/side-menu.php","meta":{"_bbp_topic_count":0,"_bbp_reply_count":0,"_bbp_total_topic_count":0,"_bbp_total_reply_count":0,"_bbp_voice_count":0,"_bbp_anonymous_reply_count":0,"_bbp_topic_count_hidden":0,"_bbp_reply_count_hidden":0,"_bbp_forum_subforum_count":0,"site-sidebar-layout":"default","site-content-layout":"","ast-site-content-layout":"","site-content-style":"default","site-sidebar-style":"default","ast-global-header-display":"","ast-banner-title-visibility":"","ast-main-header-display":"","ast-hfb-above-header-display":"","ast-hfb-below-header-display":"","ast-hfb-mobile-header-display":"","site-post-title":"","ast-breadcrumbs-content":"","ast-featured-img":"","footer-sml-layout":"","theme-transparent-header-meta":"","adv-header-id-meta":"","stick-header-meta":"","header-above-stick-meta":"","header-main-stick-meta":"","header-below-stick-meta":"","astra-migrate-meta-layouts":"default","ast-page-background-enabled":"default","ast-page-background-meta":{"desktop":{"background-color":"var(--ast-global-color-4)","background-image":"","background-repeat":"repeat","background-position":"center center","background-size":"auto","background-attachment":"scroll","background-type":"","background-media":"","overlay-type":"","overlay-color":"","overlay-opacity":"","overlay-gradient":""},"tablet":{"background-color":"","background-image":"","background-repeat":"repeat","background-position":"center center","background-size":"auto","background-attachment":"scroll","background-type":"","background-media":"","overlay-type":"","overlay-color":"","overlay-opacity":"","overlay-gradient":""},"mobile":{"background-color":"","background-image":"","background-repeat":"repeat","background-position":"center center","background-size":"auto","background-attachment":"scroll","background-type":"","background-media":"","overlay-type":"","overlay-color":"","overlay-opacity":"","overlay-gradient":""}},"ast-content-background-meta":{"desktop":{"background-color":"var(--ast-global-color-5)","background-image":"","background-repeat":"repeat","background-position":"center center","background-size":"auto","background-attachment":"scroll","background-type":"","background-media":"","overlay-type":"","overlay-color":"","overlay-opacity":"","overlay-gradient":""},"tablet":{"background-color":"var(--ast-global-color-5)","background-image":"","background-repeat":"repeat","background-position":"center center","background-size":"auto","background-attachment":"scroll","background-type":"","background-media":"","overlay-type":"","overlay-color":"","overlay-opacity":"","overlay-gradient":""},"mobile":{"background-color":"var(--ast-global-color-5)","background-image":"","background-repeat":"repeat","background-position":"center center","background-size":"auto","background-attachment":"scroll","background-type":"","background-media":"","overlay-type":"","overlay-color":"","overlay-opacity":"","overlay-gradient":""}},"footnotes":""},"class_list":["post-17838","page","type-page","status-publish","hentry"],"post_mailing_queue_ids":[],"_links":{"self":[{"href":"https:\/\/agora.xtec.cat\/iescandelera\/wp-json\/wp\/v2\/pages\/17838","targetHints":{"allow":["GET"]}}],"collection":[{"href":"https:\/\/agora.xtec.cat\/iescandelera\/wp-json\/wp\/v2\/pages"}],"about":[{"href":"https:\/\/agora.xtec.cat\/iescandelera\/wp-json\/wp\/v2\/types\/page"}],"author":[{"embeddable":true,"href":"https:\/\/agora.xtec.cat\/iescandelera\/wp-json\/wp\/v2\/users\/1"}],"replies":[{"embeddable":true,"href":"https:\/\/agora.xtec.cat\/iescandelera\/wp-json\/wp\/v2\/comments?post=17838"}],"version-history":[{"count":4,"href":"https:\/\/agora.xtec.cat\/iescandelera\/wp-json\/wp\/v2\/pages\/17838\/revisions"}],"predecessor-version":[{"id":19708,"href":"https:\/\/agora.xtec.cat\/iescandelera\/wp-json\/wp\/v2\/pages\/17838\/revisions\/19708"}],"up":[{"embeddable":true,"href":"https:\/\/agora.xtec.cat\/iescandelera\/wp-json\/wp\/v2\/pages\/17823"}],"wp:attachment":[{"href":"https:\/\/agora.xtec.cat\/iescandelera\/wp-json\/wp\/v2\/media?parent=17838"}],"curies":[{"name":"wp","href":"https:\/\/api.w.org\/{rel}","templated":true}]}}