{"id":17823,"date":"2024-10-21T17:23:28","date_gmt":"2024-10-21T15:23:28","guid":{"rendered":"https:\/\/agora.xtec.cat\/iescandelera\/?page_id=17823"},"modified":"2024-10-21T17:40:09","modified_gmt":"2024-10-21T15:40:09","slug":"documentacio-de-centre","status":"publish","type":"page","link":"https:\/\/agora.xtec.cat\/iescandelera\/linstitut\/documentacio-de-centre\/","title":{"rendered":"Documentaci\u00f3 de centre"},"content":{"rendered":"<ul class=\"sub-menu menu-odd menu-depth-1\">\n<li><a class=\"menu-link sub-menu-link\" href=\"https:\/\/agora.xtec.cat\/iescandelera\/projectes\/projecte-educatiu-de-centre-pec\/\">Projecte Educatiu de Centre (PEC)\u00a0<\/a><\/li>\n<li><a class=\"menu-link sub-menu-link\" href=\"https:\/\/agora.xtec.cat\/iescandelera\/projectes\/projecte-direccio-2016-17\/\">Projecte Direcci\u00f3<\/a><\/li>\n<li><a href=\"https:\/\/agora.xtec.cat\/iescandelera\/?page_id=17829&amp;preview=true\">Normes d&#8217;organitzaci\u00f3 i funcionament de centre (NOFC)<\/a><\/li>\n<li id=\"nav-menu-item-16960\" class=\"sub-menu-item menu-item-odd menu-item-depth-1 menu-item menu-item-type-custom menu-item-object-custom\"><a class=\"menu-link sub-menu-link\" href=\"https:\/\/sites.google.com\/inscandelera.cat\/edc-ins-candelera\/p%C3%A0gina-dinici\">Pla d\u2019Estrat\u00e8gia Digital de Centre<\/a><\/li>\n<li id=\"nav-menu-item-16294\" class=\"sub-menu-item menu-item-odd menu-item-depth-1 menu-item menu-item-type-post_type menu-item-object-page\"><a class=\"menu-link sub-menu-link\" href=\"https:\/\/agora.xtec.cat\/iescandelera\/projecte-linguistic\/\">Projecte Ling\u00fc\u00edstic de Centre (PLC)<\/a><\/li>\n<li id=\"nav-menu-item-16295\" class=\"sub-menu-item menu-item-odd menu-item-depth-1 menu-item menu-item-type-post_type menu-item-object-page\">Projecte conviv\u00e8ncia<\/li>\n<li>Projecte qualitat<\/li>\n<\/ul>\n","protected":false},"excerpt":{"rendered":"<p>Projecte Educatiu de Centre (PEC)\u00a0 Projecte Direcci\u00f3 Normes d&#8217;organitzaci\u00f3 i funcionament de centre (NOFC) Pla d\u2019Estrat\u00e8gia Digital de Centre Projecte Ling\u00fc\u00edstic de Centre (PLC) Projecte conviv\u00e8ncia Projecte qualitat<\/p>\n","protected":false},"author":1,"featured_media":0,"parent":19,"menu_order":0,"comment_status":"closed","ping_status":"closed","template":"page-templates\/side-menu.php","meta":{"_bbp_topic_count":0,"_bbp_reply_count":0,"_bbp_total_topic_count":0,"_bbp_total_reply_count":0,"_bbp_voice_count":0,"_bbp_anonymous_reply_count":0,"_bbp_topic_count_hidden":0,"_bbp_reply_count_hidden":0,"_bbp_forum_subforum_count":0,"site-sidebar-layout":"default","site-content-layout":"","ast-site-content-layout":"","site-content-style":"default","site-sidebar-style":"default","ast-global-header-display":"","ast-banner-title-visibility":"","ast-main-header-display":"","ast-hfb-above-header-display":"","ast-hfb-below-header-display":"","ast-hfb-mobile-header-display":"","site-post-title":"","ast-breadcrumbs-content":"","ast-featured-img":"","footer-sml-layout":"","theme-transparent-header-meta":"","adv-header-id-meta":"","stick-header-meta":"","header-above-stick-meta":"","header-main-stick-meta":"","header-below-stick-meta":"","astra-migrate-meta-layouts":"default","ast-page-background-enabled":"default","ast-page-background-meta":{"desktop":{"background-color":"var(--ast-global-color-4)","background-image":"","background-repeat":"repeat","background-position":"center center","background-size":"auto","background-attachment":"scroll","background-type":"","background-media":"","overlay-type":"","overlay-color":"","overlay-opacity":"","overlay-gradient":""},"tablet":{"background-color":"","background-image":"","background-repeat":"repeat","background-position":"center center","background-size":"auto","background-attachment":"scroll","background-type":"","background-media":"","overlay-type":"","overlay-color":"","overlay-opacity":"","overlay-gradient":""},"mobile":{"background-color":"","background-image":"","background-repeat":"repeat","background-position":"center center","background-size":"auto","background-attachment":"scroll","background-type":"","background-media":"","overlay-type":"","overlay-color":"","overlay-opacity":"","overlay-gradient":""}},"ast-content-background-meta":{"desktop":{"background-color":"var(--ast-global-color-5)","background-image":"","background-repeat":"repeat","background-position":"center center","background-size":"auto","background-attachment":"scroll","background-type":"","background-media":"","overlay-type":"","overlay-color":"","overlay-opacity":"","overlay-gradient":""},"tablet":{"background-color":"var(--ast-global-color-5)","background-image":"","background-repeat":"repeat","background-position":"center center","background-size":"auto","background-attachment":"scroll","background-type":"","background-media":"","overlay-type":"","overlay-color":"","overlay-opacity":"","overlay-gradient":""},"mobile":{"background-color":"var(--ast-global-color-5)","background-image":"","background-repeat":"repeat","background-position":"center center","background-size":"auto","background-attachment":"scroll","background-type":"","background-media":"","overlay-type":"","overlay-color":"","overlay-opacity":"","overlay-gradient":""}},"footnotes":""},"class_list":["post-17823","page","type-page","status-publish","hentry"],"post_mailing_queue_ids":[],"_links":{"self":[{"href":"https:\/\/agora.xtec.cat\/iescandelera\/wp-json\/wp\/v2\/pages\/17823","targetHints":{"allow":["GET"]}}],"collection":[{"href":"https:\/\/agora.xtec.cat\/iescandelera\/wp-json\/wp\/v2\/pages"}],"about":[{"href":"https:\/\/agora.xtec.cat\/iescandelera\/wp-json\/wp\/v2\/types\/page"}],"author":[{"embeddable":true,"href":"https:\/\/agora.xtec.cat\/iescandelera\/wp-json\/wp\/v2\/users\/1"}],"replies":[{"embeddable":true,"href":"https:\/\/agora.xtec.cat\/iescandelera\/wp-json\/wp\/v2\/comments?post=17823"}],"version-history":[{"count":5,"href":"https:\/\/agora.xtec.cat\/iescandelera\/wp-json\/wp\/v2\/pages\/17823\/revisions"}],"predecessor-version":[{"id":17833,"href":"https:\/\/agora.xtec.cat\/iescandelera\/wp-json\/wp\/v2\/pages\/17823\/revisions\/17833"}],"up":[{"embeddable":true,"href":"https:\/\/agora.xtec.cat\/iescandelera\/wp-json\/wp\/v2\/pages\/19"}],"wp:attachment":[{"href":"https:\/\/agora.xtec.cat\/iescandelera\/wp-json\/wp\/v2\/media?parent=17823"}],"curies":[{"name":"wp","href":"https:\/\/api.w.org\/{rel}","templated":true}]}}