{"id":14440,"date":"2022-09-30T14:37:23","date_gmt":"2022-09-30T12:37:23","guid":{"rendered":"https:\/\/agora.xtec.cat\/iescandelera\/?page_id=14440"},"modified":"2025-07-22T11:31:59","modified_gmt":"2025-07-22T09:31:59","slug":"beques","status":"publish","type":"page","link":"https:\/\/agora.xtec.cat\/iescandelera\/secretaria\/beques\/","title":{"rendered":"Beques i Ajuts"},"content":{"rendered":"<p>Accedeix a l&#8217;enlla\u00e7 que necessitis:<\/p>\n<ul>\n<li><a href=\"http:\/\/agaur.gencat.cat\/ca\/lagaur\/\" target=\"_blank\" rel=\"noopener noreferrer\">Beques AGAUR (Ag\u00e8ncia de Gesti\u00f3 d&#8217;Ajuts Universitaris i de Recerca)<\/a><\/li>\n<li><a href=\"http:\/\/ensenyament.gencat.cat\/ca\/serveis-tramits\/beques\/\" target=\"_blank\" rel=\"noopener noreferrer\">Beques Departament d&#8217;Educaci\u00f3 i Formaci\u00f3 Professional<\/a><\/li>\n<li><a href=\"http:\/\/jovecat.gencat.cat\/ca\/temes\/educacio_i_formacio\/beques_i_ajuts_a_la_formacio\/#FW_bloc_855e9160-f87b-11e3-b7b7-000c29cdf219_3\" target=\"_blank\" rel=\"noopener noreferrer\">Beques i ajuts classificats per universitats<\/a><\/li>\n<li><a href=\"http:\/\/web.gencat.cat\/ca\/tramits\/tramits-temes\/247-beques-ministerio-postobligatoris\" target=\"_blank\" rel=\"noopener noreferrer\">Beques per ensenyaments postobligatoris no Universitaris<\/a><\/li>\n<li><a href=\"http:\/\/www.colegiosmundounido.es\/becas-y-plazas\/\" target=\"_blank\" rel=\"noopener noreferrer\">Beques per estudiar a l&#8217;estranger<\/a><\/li>\n<li title=\"Men\u00fa\u00a0Inici\" data-toggle=\"\"><a href=\"http:\/\/jovecat.gencat.cat\/ca\/temes\/vacances_i_estades\/intercanvis\/\" target=\"_blank\" rel=\"noopener noreferrer\">Intercanvis ling\u00fc\u00edstics a l&#8217;estranger<\/a><\/li>\n<\/ul>\n","protected":false},"excerpt":{"rendered":"<p>Accedeix a l&#8217;enlla\u00e7 que necessitis: Beques AGAUR (Ag\u00e8ncia de Gesti\u00f3 d&#8217;Ajuts Universitaris i de Recerca) Beques Departament d&#8217;Educaci\u00f3 i Formaci\u00f3 Professional Beques i ajuts classificats per universitats Beques per ensenyaments postobligatoris no Universitaris Beques per estudiar a l&#8217;estranger Intercanvis ling\u00fc\u00edstics a l&#8217;estranger<\/p>\n","protected":false},"author":1,"featured_media":0,"parent":81,"menu_order":1,"comment_status":"closed","ping_status":"closed","template":"page-templates\/side-menu.php","meta":{"_bbp_topic_count":0,"_bbp_reply_count":0,"_bbp_total_topic_count":0,"_bbp_total_reply_count":0,"_bbp_voice_count":0,"_bbp_anonymous_reply_count":0,"_bbp_topic_count_hidden":0,"_bbp_reply_count_hidden":0,"_bbp_forum_subforum_count":0,"site-sidebar-layout":"default","site-content-layout":"","ast-site-content-layout":"","site-content-style":"default","site-sidebar-style":"default","ast-global-header-display":"","ast-banner-title-visibility":"","ast-main-header-display":"","ast-hfb-above-header-display":"","ast-hfb-below-header-display":"","ast-hfb-mobile-header-display":"","site-post-title":"","ast-breadcrumbs-content":"","ast-featured-img":"","footer-sml-layout":"","theme-transparent-header-meta":"","adv-header-id-meta":"","stick-header-meta":"","header-above-stick-meta":"","header-main-stick-meta":"","header-below-stick-meta":"","astra-migrate-meta-layouts":"default","ast-page-background-enabled":"default","ast-page-background-meta":{"desktop":{"background-color":"var(--ast-global-color-4)","background-image":"","background-repeat":"repeat","background-position":"center center","background-size":"auto","background-attachment":"scroll","background-type":"","background-media":"","overlay-type":"","overlay-color":"","overlay-opacity":"","overlay-gradient":""},"tablet":{"background-color":"","background-image":"","background-repeat":"repeat","background-position":"center center","background-size":"auto","background-attachment":"scroll","background-type":"","background-media":"","overlay-type":"","overlay-color":"","overlay-opacity":"","overlay-gradient":""},"mobile":{"background-color":"","background-image":"","background-repeat":"repeat","background-position":"center center","background-size":"auto","background-attachment":"scroll","background-type":"","background-media":"","overlay-type":"","overlay-color":"","overlay-opacity":"","overlay-gradient":""}},"ast-content-background-meta":{"desktop":{"background-color":"var(--ast-global-color-5)","background-image":"","background-repeat":"repeat","background-position":"center center","background-size":"auto","background-attachment":"scroll","background-type":"","background-media":"","overlay-type":"","overlay-color":"","overlay-opacity":"","overlay-gradient":""},"tablet":{"background-color":"var(--ast-global-color-5)","background-image":"","background-repeat":"repeat","background-position":"center center","background-size":"auto","background-attachment":"scroll","background-type":"","background-media":"","overlay-type":"","overlay-color":"","overlay-opacity":"","overlay-gradient":""},"mobile":{"background-color":"var(--ast-global-color-5)","background-image":"","background-repeat":"repeat","background-position":"center center","background-size":"auto","background-attachment":"scroll","background-type":"","background-media":"","overlay-type":"","overlay-color":"","overlay-opacity":"","overlay-gradient":""}},"footnotes":""},"class_list":["post-14440","page","type-page","status-publish","hentry"],"post_mailing_queue_ids":[],"_links":{"self":[{"href":"https:\/\/agora.xtec.cat\/iescandelera\/wp-json\/wp\/v2\/pages\/14440","targetHints":{"allow":["GET"]}}],"collection":[{"href":"https:\/\/agora.xtec.cat\/iescandelera\/wp-json\/wp\/v2\/pages"}],"about":[{"href":"https:\/\/agora.xtec.cat\/iescandelera\/wp-json\/wp\/v2\/types\/page"}],"author":[{"embeddable":true,"href":"https:\/\/agora.xtec.cat\/iescandelera\/wp-json\/wp\/v2\/users\/1"}],"replies":[{"embeddable":true,"href":"https:\/\/agora.xtec.cat\/iescandelera\/wp-json\/wp\/v2\/comments?post=14440"}],"version-history":[{"count":6,"href":"https:\/\/agora.xtec.cat\/iescandelera\/wp-json\/wp\/v2\/pages\/14440\/revisions"}],"predecessor-version":[{"id":19185,"href":"https:\/\/agora.xtec.cat\/iescandelera\/wp-json\/wp\/v2\/pages\/14440\/revisions\/19185"}],"up":[{"embeddable":true,"href":"https:\/\/agora.xtec.cat\/iescandelera\/wp-json\/wp\/v2\/pages\/81"}],"wp:attachment":[{"href":"https:\/\/agora.xtec.cat\/iescandelera\/wp-json\/wp\/v2\/media?parent=14440"}],"curies":[{"name":"wp","href":"https:\/\/api.w.org\/{rel}","templated":true}]}}