{"id":46,"date":"2014-09-17T16:53:45","date_gmt":"2014-09-17T16:53:45","guid":{"rendered":"http:\/\/agora.xtec.cat\/iescampsblancs\/?page_id=46"},"modified":"2014-09-22T14:13:29","modified_gmt":"2014-09-22T14:13:29","slug":"organigrama","status":"publish","type":"page","link":"https:\/\/agora.xtec.cat\/iescampsblancs\/linstitut\/organigrama\/","title":{"rendered":"Organigrama"},"content":{"rendered":"<p>En aquesta secci\u00f3, els centres educatius publiquen la informaci\u00f3 relativa a la seva organitzaci\u00f3 interna. Es recomana que els centres educatius dissenyin el nivell d&#8217;exhaustivitat de la informaci\u00f3 publicada. Ser\u00e0 convenient que en el seu plantejament singular, els centres vertebrin el contingut tenint en compte els seg\u00fcents aspectes:<\/p>\n<ul>\n<li>direcci\u00f3<\/li>\n<li>coordinacions de cicle<\/li>\n<li>departaments (experimentals, matem\u00e0tiques, tecnologia, lleng\u00fces, m\u00fasica, visual i pl\u00e0stica, educaci\u00f3 f\u00edsica, socials, orientaci\u00f3 acad\u00e8mica,&#8230;)<\/li>\n<li>tutories<\/li>\n<li>consell escolar<\/li>\n<li>PAS<\/li>\n<\/ul>\n","protected":false},"excerpt":{"rendered":"<p>En aquesta secci\u00f3, els centres educatius publiquen la informaci\u00f3 relativa a la seva organitzaci\u00f3 interna. Es recomana que els centres educatius dissenyin el nivell d&#8217;exhaustivitat de la informaci\u00f3 publicada. Ser\u00e0 convenient que en el seu plantejament singular, els centres vertebrin el contingut tenint en compte&hellip;  <a href=\"https:\/\/agora.xtec.cat\/iescampsblancs\/linstitut\/organigrama\/\" title=\"Read Organigrama\">Llegeix m\u00e9s\u00bb<\/a><\/p>\n","protected":false},"author":1,"featured_media":0,"parent":19,"menu_order":50,"comment_status":"closed","ping_status":"closed","template":"page-templates\/side-menu.php","meta":{"_bbp_topic_count":0,"_bbp_reply_count":0,"_bbp_total_topic_count":0,"_bbp_total_reply_count":0,"_bbp_voice_count":0,"_bbp_anonymous_reply_count":0,"_bbp_topic_count_hidden":0,"_bbp_reply_count_hidden":0,"_bbp_forum_subforum_count":0,"footnotes":""},"class_list":["post-46","page","type-page","status-publish","hentry"],"post_mailing_queue_ids":[],"_links":{"self":[{"href":"https:\/\/agora.xtec.cat\/iescampsblancs\/wp-json\/wp\/v2\/pages\/46","targetHints":{"allow":["GET"]}}],"collection":[{"href":"https:\/\/agora.xtec.cat\/iescampsblancs\/wp-json\/wp\/v2\/pages"}],"about":[{"href":"https:\/\/agora.xtec.cat\/iescampsblancs\/wp-json\/wp\/v2\/types\/page"}],"author":[{"embeddable":true,"href":"https:\/\/agora.xtec.cat\/iescampsblancs\/wp-json\/wp\/v2\/users\/1"}],"replies":[{"embeddable":true,"href":"https:\/\/agora.xtec.cat\/iescampsblancs\/wp-json\/wp\/v2\/comments?post=46"}],"version-history":[{"count":0,"href":"https:\/\/agora.xtec.cat\/iescampsblancs\/wp-json\/wp\/v2\/pages\/46\/revisions"}],"up":[{"embeddable":true,"href":"https:\/\/agora.xtec.cat\/iescampsblancs\/wp-json\/wp\/v2\/pages\/19"}],"wp:attachment":[{"href":"https:\/\/agora.xtec.cat\/iescampsblancs\/wp-json\/wp\/v2\/media?parent=46"}],"curies":[{"name":"wp","href":"https:\/\/api.w.org\/{rel}","templated":true}]}}