{"id":19,"date":"2014-09-17T14:56:56","date_gmt":"2014-09-17T14:56:56","guid":{"rendered":"http:\/\/agora.xtec.cat\/iescampsblancs\/?page_id=19"},"modified":"2021-12-27T19:58:52","modified_gmt":"2021-12-27T18:58:52","slug":"linstitut","status":"publish","type":"page","link":"https:\/\/agora.xtec.cat\/iescampsblancs\/linstitut\/","title":{"rendered":"L&#8217;institut"},"content":{"rendered":"<p style=\"color: #444444;\">Aquesta secci\u00f3\u00a0pot contenir\u00a0totes les p\u00e0gines necess\u00e0ries per a oferir una descripci\u00f3 general de l\u2019institut: ubicaci\u00f3, hist\u00f2ria, instal\u00b7lacions, equip docent, consell escolar, pla de qualitat, calendari, salut, informacions pr\u00e0ctiques, normativa\u2026<\/p>\n<p style=\"color: #444444;\">En la maqueta inicial s\u2019inclouen algunes d\u2019aquestes p\u00e0gines amb contingut simulat. L\u2019administrador\/a pot\u00a0editar-les,\u00a0eliminar-les o crear-ne de noves des del tauler. \u00c9s important que\u00a0a la caixa\u00a0<em>Atributs\u00a0de la p\u00e0gina<\/em>\u00a0hi consti com a\u00a0<em>pare\/mare<\/em>\u00a0la p\u00e0gina \u201c<em>L\u2019institut<\/em>\u201c, i que tinguin\u00a0seleccionada la plantilla \u201c<em>Men\u00fa lateral<\/em>\u201c.<\/p>\n","protected":false},"excerpt":{"rendered":"<p>Aquesta secci\u00f3\u00a0pot contenir\u00a0totes les p\u00e0gines necess\u00e0ries per a oferir una descripci\u00f3 general de l\u2019institut: ubicaci\u00f3, hist\u00f2ria, instal\u00b7lacions, equip docent, consell escolar, pla de qualitat, calendari, salut, informacions pr\u00e0ctiques, normativa\u2026<br \/>\nEn la maqueta inicial s\u2019inclouen algunes d\u2019aquestes p\u00e0gines amb contingut simulat. L\u2019administrador\/a pot\u00a0editar-les,\u00a0eliminar-les o crear-ne de noves&hellip;  <a href=\"https:\/\/agora.xtec.cat\/iescampsblancs\/linstitut\/\" title=\"Read L&#8217;institut\">Llegeix m\u00e9s\u00bb<\/a><\/p>\n","protected":false},"author":1,"featured_media":0,"parent":0,"menu_order":0,"comment_status":"closed","ping_status":"closed","template":"","meta":{"_bbp_topic_count":0,"_bbp_reply_count":0,"_bbp_total_topic_count":0,"_bbp_total_reply_count":0,"_bbp_voice_count":0,"_bbp_anonymous_reply_count":0,"_bbp_topic_count_hidden":0,"_bbp_reply_count_hidden":0,"_bbp_forum_subforum_count":0,"footnotes":""},"class_list":["post-19","page","type-page","status-publish","hentry"],"post_mailing_queue_ids":[],"_links":{"self":[{"href":"https:\/\/agora.xtec.cat\/iescampsblancs\/wp-json\/wp\/v2\/pages\/19","targetHints":{"allow":["GET"]}}],"collection":[{"href":"https:\/\/agora.xtec.cat\/iescampsblancs\/wp-json\/wp\/v2\/pages"}],"about":[{"href":"https:\/\/agora.xtec.cat\/iescampsblancs\/wp-json\/wp\/v2\/types\/page"}],"author":[{"embeddable":true,"href":"https:\/\/agora.xtec.cat\/iescampsblancs\/wp-json\/wp\/v2\/users\/1"}],"replies":[{"embeddable":true,"href":"https:\/\/agora.xtec.cat\/iescampsblancs\/wp-json\/wp\/v2\/comments?post=19"}],"version-history":[{"count":1,"href":"https:\/\/agora.xtec.cat\/iescampsblancs\/wp-json\/wp\/v2\/pages\/19\/revisions"}],"predecessor-version":[{"id":516,"href":"https:\/\/agora.xtec.cat\/iescampsblancs\/wp-json\/wp\/v2\/pages\/19\/revisions\/516"}],"wp:attachment":[{"href":"https:\/\/agora.xtec.cat\/iescampsblancs\/wp-json\/wp\/v2\/media?parent=19"}],"curies":[{"name":"wp","href":"https:\/\/api.w.org\/{rel}","templated":true}]}}