{"id":63,"date":"2014-09-18T10:06:31","date_gmt":"2014-09-18T10:06:31","guid":{"rendered":"http:\/\/agora.xtec.cat\/iescambrils\/?page_id=63"},"modified":"2017-08-05T00:20:42","modified_gmt":"2017-08-04T22:20:42","slug":"serveis","status":"publish","type":"page","link":"https:\/\/agora.xtec.cat\/iescambrils\/serveis\/","title":{"rendered":"Serveis"},"content":{"rendered":"<ul style=\"list-style-type: disc;\">\n<li style=\"color: #444444;\">Biblioteca, aula d\u2019idiomes, laboratoris: ci\u00e8ncies naturals, f\u00edsica i qu\u00edmica, aules de tecnologia, aules d\u2019inform\u00e0tica, taller de serigrafia, aula de dibuix, gimn\u00e0s, pistes\u00a0 poliesportives, aula de m\u00fasica, aula d\u2019acollida, sala d\u2019actes, jardins, cafeteria, ascensor.<\/li>\n<li style=\"color: #444444;\">Activitats complement\u00e0ries a l\u2019hora de l\u2019esbarjo i fora de l\u2019horari escolar<\/li>\n<li style=\"color: #444444;\">Organitzaci\u00f3 d\u2019activitats esportives, culturals i l\u00fadiques, participaci\u00f3 en tot tipus d\u2019activitats organitzades per l\u2019Ajuntament i altres entitats&#8230;.<\/li>\n<li style=\"color: #444444;\">Orientaci\u00f3 psicopedag\u00f2gica, orientaci\u00f3 Universit\u00e0ria i Professional Associaci\u00f3 de pares i mares d\u2019alumnes&#8230;<\/li>\n<\/ul>\n","protected":false},"excerpt":{"rendered":"<ul style=\"list-style-type: disc;\">\n<li style=\"color: #444444;\">Biblioteca, aula d\u2019idiomes, laboratoris: ci\u00e8ncies naturals, f\u00edsica i qu\u00edmica, aules de tecnologia, aules d\u2019inform\u00e0tica, taller de serigrafia, aula de dibuix, gimn\u00e0s, pistes\u00a0 poliesportives, aula de m\u00fasica, aula d\u2019acollida, sala d\u2019actes, jardins, cafeteria, ascensor.<\/li>\n<li style=\"color: #444444;\">Activitats complement\u00e0ries a l\u2019hora de l\u2019esbarjo i&hellip;  <a href=\"https:\/\/agora.xtec.cat\/iescambrils\/serveis\/\" title=\"Read Serveis\">Llegeix m\u00e9s\u00bb<\/a><br \/>\n","protected":false},"author":1,"featured_media":0,"parent":0,"menu_order":0,"comment_status":"closed","ping_status":"closed","template":"page-templates\/side-menu.php","meta":{"_bbp_topic_count":0,"_bbp_reply_count":0,"_bbp_total_topic_count":0,"_bbp_total_reply_count":0,"_bbp_voice_count":0,"_bbp_anonymous_reply_count":0,"_bbp_topic_count_hidden":0,"_bbp_reply_count_hidden":0,"_bbp_forum_subforum_count":0,"footnotes":""},"class_list":["post-63","page","type-page","status-publish","hentry"],"post_mailing_queue_ids":[],"_links":{"self":[{"href":"https:\/\/agora.xtec.cat\/iescambrils\/wp-json\/wp\/v2\/pages\/63","targetHints":{"allow":["GET"]}}],"collection":[{"href":"https:\/\/agora.xtec.cat\/iescambrils\/wp-json\/wp\/v2\/pages"}],"about":[{"href":"https:\/\/agora.xtec.cat\/iescambrils\/wp-json\/wp\/v2\/types\/page"}],"author":[{"embeddable":true,"href":"https:\/\/agora.xtec.cat\/iescambrils\/wp-json\/wp\/v2\/users\/1"}],"replies":[{"embeddable":true,"href":"https:\/\/agora.xtec.cat\/iescambrils\/wp-json\/wp\/v2\/comments?post=63"}],"version-history":[{"count":2,"href":"https:\/\/agora.xtec.cat\/iescambrils\/wp-json\/wp\/v2\/pages\/63\/revisions"}],"predecessor-version":[{"id":893,"href":"https:\/\/agora.xtec.cat\/iescambrils\/wp-json\/wp\/v2\/pages\/63\/revisions\/893"}],"wp:attachment":[{"href":"https:\/\/agora.xtec.cat\/iescambrils\/wp-json\/wp\/v2\/media?parent=63"}],"curies":[{"name":"wp","href":"https:\/\/api.w.org\/{rel}","templated":true}]}}