{"id":55,"date":"2014-09-17T16:59:49","date_gmt":"2014-09-17T16:59:49","guid":{"rendered":"http:\/\/agora.xtec.cat\/iescambrils\/?page_id=55"},"modified":"2024-02-22T13:57:49","modified_gmt":"2024-02-22T12:57:49","slug":"horaris","status":"publish","type":"page","link":"https:\/\/agora.xtec.cat\/iescambrils\/linstitut\/horaris\/","title":{"rendered":"Les nostres agendes"},"content":{"rendered":"<p>L\u2019organitzaci\u00f3 \u00e9s clau per assolir bons resultats acad\u00e8mics i fomentar la consolidaci\u00f3 d\u2019h\u00e0bits de treball i estudi. Com a novetat d\u2019enguany, tot l\u2019alumnat t\u00e9 una agenda i una carpeta d\u2019\u00fas personal que facilitar\u00e0 la tasca acad\u00e8mica.<\/p>\n<p><a href=\"https:\/\/agora.xtec.cat\/iescambrils\/wp-content\/uploads\/usu1210\/2024\/02\/agendes.jpg\"><img loading=\"lazy\" decoding=\"async\" class=\"aligncenter size-full wp-image-5127\" src=\"https:\/\/agora.xtec.cat\/iescambrils\/wp-content\/uploads\/usu1210\/2024\/02\/agendes.jpg\" alt=\"\" width=\"772\" height=\"642\" srcset=\"https:\/\/agora.xtec.cat\/iescambrils\/wp-content\/uploads\/usu1210\/2024\/02\/agendes.jpg 772w, https:\/\/agora.xtec.cat\/iescambrils\/wp-content\/uploads\/usu1210\/2024\/02\/agendes-300x250.jpg 300w, https:\/\/agora.xtec.cat\/iescambrils\/wp-content\/uploads\/usu1210\/2024\/02\/agendes-768x639.jpg 768w\" sizes=\"auto, (max-width: 772px) 100vw, 772px\" \/><\/a><\/p>\n","protected":false},"excerpt":{"rendered":"<p>L\u2019organitzaci\u00f3 \u00e9s clau per assolir bons resultats acad\u00e8mics i fomentar la consolidaci\u00f3 d\u2019h\u00e0bits de treball i estudi. Com a novetat d\u2019enguany, tot l\u2019alumnat t\u00e9 una agenda i una carpeta d\u2019\u00fas personal que facilitar\u00e0 la tasca acad\u00e8mica.<br \/>\n<a href=\"https:\/\/agora.xtec.cat\/iescambrils\/wp-content\/uploads\/usu1210\/2024\/02\/agendes.jpg\"><\/a><\/p>\n","protected":false},"author":1,"featured_media":0,"parent":19,"menu_order":80,"comment_status":"closed","ping_status":"closed","template":"page-templates\/side-menu.php","meta":{"_bbp_topic_count":0,"_bbp_reply_count":0,"_bbp_total_topic_count":0,"_bbp_total_reply_count":0,"_bbp_voice_count":0,"_bbp_anonymous_reply_count":0,"_bbp_topic_count_hidden":0,"_bbp_reply_count_hidden":0,"_bbp_forum_subforum_count":0,"footnotes":""},"class_list":["post-55","page","type-page","status-publish","hentry"],"post_mailing_queue_ids":[],"_links":{"self":[{"href":"https:\/\/agora.xtec.cat\/iescambrils\/wp-json\/wp\/v2\/pages\/55","targetHints":{"allow":["GET"]}}],"collection":[{"href":"https:\/\/agora.xtec.cat\/iescambrils\/wp-json\/wp\/v2\/pages"}],"about":[{"href":"https:\/\/agora.xtec.cat\/iescambrils\/wp-json\/wp\/v2\/types\/page"}],"author":[{"embeddable":true,"href":"https:\/\/agora.xtec.cat\/iescambrils\/wp-json\/wp\/v2\/users\/1"}],"replies":[{"embeddable":true,"href":"https:\/\/agora.xtec.cat\/iescambrils\/wp-json\/wp\/v2\/comments?post=55"}],"version-history":[{"count":5,"href":"https:\/\/agora.xtec.cat\/iescambrils\/wp-json\/wp\/v2\/pages\/55\/revisions"}],"predecessor-version":[{"id":5128,"href":"https:\/\/agora.xtec.cat\/iescambrils\/wp-json\/wp\/v2\/pages\/55\/revisions\/5128"}],"up":[{"embeddable":true,"href":"https:\/\/agora.xtec.cat\/iescambrils\/wp-json\/wp\/v2\/pages\/19"}],"wp:attachment":[{"href":"https:\/\/agora.xtec.cat\/iescambrils\/wp-json\/wp\/v2\/media?parent=55"}],"curies":[{"name":"wp","href":"https:\/\/api.w.org\/{rel}","templated":true}]}}