{"id":46,"date":"2023-02-01T16:53:45","date_gmt":"2023-02-01T15:53:45","guid":{"rendered":"http:\/\/agora.xtec.cat\/iescambrils\/?page_id=46"},"modified":"2025-07-24T12:50:47","modified_gmt":"2025-07-24T10:50:47","slug":"organigrama","status":"publish","type":"page","link":"https:\/\/agora.xtec.cat\/iescambrils\/linstitut\/organigrama\/","title":{"rendered":"Organigrama"},"content":{"rendered":"<p><strong>Equip Directiu<br \/>\n<\/strong><\/p>\n<ul>\n<li>Directora: N\u00faria Badenes<\/li>\n<li>Cap d\u2019Estudis ESO i Batxillerat: Montserrat Hern\u00e1ndez<\/li>\n<li>Coordinadora Pedag\u00f2gica: Dolors Varea<\/li>\n<li>Secret\u00e0ria: Lydia Bayona<\/li>\n<\/ul>\n<p><strong>ESO Tutors<\/strong><\/p>\n<ul>\n<li>Tutor\/a ESO 1r A: Meritxell Sams\u00f3<\/li>\n<li>Tutor\/a ESO 1r B: Emma Martin<\/li>\n<li>Tutor\/a ESO 1r C: Sara Calatayud<\/li>\n<\/ul>\n<ul>\n<li>Tutor\/a ESO 2n A: Meritxell Torrelles<\/li>\n<li>Tutor\/a ESO 2n B: Arnau Toldr\u00e0<\/li>\n<li>Tutor\/a ESO 2n C: Vicent Reverter<\/li>\n<\/ul>\n<ul>\n<li>Tutor\/a ESO 3r A: Caterina L\u00f3pez<\/li>\n<li>Tutor\/a ESO 3r B: Laura Fumagalli<\/li>\n<li>Tutor\/a ESO 3r C: Elena Moragues<\/li>\n<\/ul>\n<ul>\n<li>Tutor\/a ESO 4t A: Rosa Poveda<\/li>\n<li>Tutor\/a ESO 4t B: Jordi Juli\u00e0<\/li>\n<li>Tutor\/a ESO 4t C: Clara Borja<\/li>\n<\/ul>\n<ul>\n<li>Coordinaci\u00f3 ESO: Meritxell Sams\u00f3 i Laura Fumagalli<\/li>\n<\/ul>\n<p><strong>BATXILLERAT tutors<br \/>\n<\/strong><\/p>\n<ul>\n<li>Tutor\/a 1r Batxillerat A: Belinda Tom\u00e0s<\/li>\n<li>Tutor\/a 1r Batxillerat B: Miguel \u00c1ngel Ru\u00edz<\/li>\n<li>Tutor\/a 1r Batxillerat C: Gemma Folch<\/li>\n<\/ul>\n<ul>\n<li>Tutor\/a 2n Batxillerat A: Eva Margalef<\/li>\n<li>Tutor\/a 2n Batxillerat B: Miquel Pons<\/li>\n<li>Tutor\/a 2n Batxillerat C: Nacho Aleixandre<\/li>\n<\/ul>\n<ul>\n<li>Coordinaci\u00f3 Batxillerat: Eva Margalef<\/li>\n<\/ul>\n<p><strong>CAPS D&#8217;\u00c0mbit<\/strong><\/p>\n<ul>\n<li>\u00c0mbit ling\u00fc\u00edstic: Belinda Tom\u00e0s<\/li>\n<li>\u00c0mbit ling\u00fc\u00edstic de lleng\u00fces estangeres: Cristina Pallar\u00e8s<\/li>\n<li>\u00c0mbit Tecnol\u00f2gic: Marga Bosch<\/li>\n<li>\u00c0mbit Art\u00edstic: Miquel Pons<\/li>\n<li>\u00c0mbit Matem\u00e0tic: Miguel \u00c1ngel Almi\u00f1ana<\/li>\n<li>\u00c0mbit Human\u00edstic: S\u00f2nia Garcia<\/li>\n<\/ul>\n<p><strong>ALTRES:<\/strong><\/p>\n<ul>\n<li>Coordinaci\u00f3 Activitats Extraescolars: Mary Luz Rodr\u00edguez<\/li>\n<li>Coordinaci\u00f3 de Riscos laborals: Nacho Aleixandre<\/li>\n<li>Coordinaci\u00f3 TIC\/TAC:<\/li>\n<li>Coordinaci\u00f3 LIC: Elena Queral<\/li>\n<li>Coordinaci\u00f3 Estada a l&#8217;Empresa: Nacho Aleixandre<\/li>\n<li>Coordinaci\u00f3 Erasmus+: Gemma Folch<\/li>\n<li>Coordinaci\u00f3 Escola Verda: Miquel Pons<\/li>\n<li>Coordinaci\u00f3 COCOBE: Silvestre Linares<\/li>\n<\/ul>\n","protected":false},"excerpt":{"rendered":"<p>Equip Directiu<\/p>\n<ul>\n<li>Directora: N\u00faria Badenes<\/li>\n<li>Cap d\u2019Estudis ESO i Batxillerat: Montserrat Hern\u00e1ndez<\/li>\n<li>Coordinadora Pedag\u00f2gica: Dolors Varea<\/li>\n<li>Secret\u00e0ria: Lydia Bayona<\/li>\n<\/ul>\n<p>ESO Tutors<\/p>\n<ul>\n<li>Tutor\/a ESO 1r A: Meritxell Sams\u00f3<\/li>\n<li>Tutor\/a ESO 1r B: Emma Martin<\/li>\n<li>Tutor\/a ESO 1r C: Sara Calatayud<\/li>\n<\/ul>\n<ul>\n<li>Tutor\/a ESO 2n A: Meritxell Torrelles<\/li>\n<li>Tutor\/a ESO 2n B: Arnau Toldr\u00e0<\/li>\n<li>Tutor\/a ESO 2n C: Vicent&hellip;  <a href=\"https:\/\/agora.xtec.cat\/iescambrils\/linstitut\/organigrama\/\" title=\"Read Organigrama\">Llegeix m\u00e9s\u00bb<\/a><br \/>\n","protected":false},"author":1,"featured_media":0,"parent":19,"menu_order":50,"comment_status":"closed","ping_status":"closed","template":"page-templates\/side-menu.php","meta":{"_bbp_topic_count":0,"_bbp_reply_count":0,"_bbp_total_topic_count":0,"_bbp_total_reply_count":0,"_bbp_voice_count":0,"_bbp_anonymous_reply_count":0,"_bbp_topic_count_hidden":0,"_bbp_reply_count_hidden":0,"_bbp_forum_subforum_count":0,"footnotes":""},"class_list":["post-46","page","type-page","status-publish","hentry"],"post_mailing_queue_ids":[],"_links":{"self":[{"href":"https:\/\/agora.xtec.cat\/iescambrils\/wp-json\/wp\/v2\/pages\/46","targetHints":{"allow":["GET"]}}],"collection":[{"href":"https:\/\/agora.xtec.cat\/iescambrils\/wp-json\/wp\/v2\/pages"}],"about":[{"href":"https:\/\/agora.xtec.cat\/iescambrils\/wp-json\/wp\/v2\/types\/page"}],"author":[{"embeddable":true,"href":"https:\/\/agora.xtec.cat\/iescambrils\/wp-json\/wp\/v2\/users\/1"}],"replies":[{"embeddable":true,"href":"https:\/\/agora.xtec.cat\/iescambrils\/wp-json\/wp\/v2\/comments?post=46"}],"version-history":[{"count":8,"href":"https:\/\/agora.xtec.cat\/iescambrils\/wp-json\/wp\/v2\/pages\/46\/revisions"}],"predecessor-version":[{"id":5964,"href":"https:\/\/agora.xtec.cat\/iescambrils\/wp-json\/wp\/v2\/pages\/46\/revisions\/5964"}],"up":[{"embeddable":true,"href":"https:\/\/agora.xtec.cat\/iescambrils\/wp-json\/wp\/v2\/pages\/19"}],"wp:attachment":[{"href":"https:\/\/agora.xtec.cat\/iescambrils\/wp-json\/wp\/v2\/media?parent=46"}],"curies":[{"name":"wp","href":"https:\/\/api.w.org\/{rel}","templated":true}]}}