{"id":27,"date":"2014-09-17T16:24:03","date_gmt":"2014-09-17T16:24:03","guid":{"rendered":"http:\/\/agora.xtec.cat\/iescambrils\/?page_id=27"},"modified":"2024-02-22T14:05:30","modified_gmt":"2024-02-22T13:05:30","slug":"historia","status":"publish","type":"page","link":"https:\/\/agora.xtec.cat\/iescambrils\/linstitut\/historia\/","title":{"rendered":"L&#8217;ess\u00e8ncia del nostre centre"},"content":{"rendered":"<p>L&#8217;Institut Cambrils \u00e9s una instituci\u00f3 educativa al servei de la comunitat des de 1982. Des de llavors, estem compromesos amb l&#8217;excel\u00b7l\u00e8ncia acad\u00e8mica i amb la creaci\u00f3 d&#8217;un entorn equitatiu per als nostres alumnes.<\/p>\n<p dir=\"ltr\">Cada estudiant t\u00e9 un potencial i talent \u00fanic. Treballem per crear un entorn inclusiu on puguin prosperar, acompanyant-los en aquest proc\u00e9s i ajudant a fer que siguin capa\u00e7os de trobar les seves fortaleses esdevenint els vertaders protagonistes del seu aprenentatge.<\/p>\n<p dir=\"ltr\">A l&#8217;Institut Cambrils, treballem per una\u00a0<b>educaci\u00f3 integral,<\/b>\u00a0cultivant valors com:<\/p>\n<ul>\n<li>La responsabilitat, el respecte per\u00a0l\u2019entorn, la col\u00b7laboraci\u00f3, el treball en equip i la cultura de\u00a0l\u2019esfor\u00e7.<\/li>\n<li>Prepararem els nostres alumnes amb les habilitats i els coneixements necessaris per afrontar els reptes de la vida.<\/li>\n<\/ul>\n<div>Els bons resultats acad\u00e8mics s\u00f3n un testimoni del nostre comprom\u00eds amb l&#8217;excel\u00b7l\u00e8ncia. Mitjan\u00e7ant programes d&#8217;ensenyament innovadors, el suport del nostre cos docent i la participaci\u00f3 activa dels alumnes, hem aconseguit resultats que es constaten amb els resultats dels nostres alumnes a les PAU i a la universitat i que ens fan sentir orgullosos.<\/div>\n<div><\/div>\n<div>\n<p dir=\"ltr\"><span style=\"font-family: tahoma, sans-serif;\">Us convidem a ser part de la nostra comunitat educativa, on la passi\u00f3 per l&#8217;aprenentatge i el creixement personal es converteixen en la base per a un futur brillant. A l&#8217;Institut Cambrils, continuem treballant per mantenir aquests est\u00e0ndards elevats,\u00a0forjant camins cap a l&#8217;\u00e8xit educatiu i personal.<\/span><\/p>\n<p><span style=\"font-family: tahoma, sans-serif;\">Ensenyaments que s&#8217;imparteixen:<\/span><\/p>\n<p><span style=\"font-family: tahoma, sans-serif;\">ESO: tres l\u00ednies de 1r a 4t.<\/span><\/p>\n<p><span style=\"color: #0d0d0d; font-family: tahoma, sans-serif;\">BATXILLERAT: Oferim les seg\u00fcents modalitats: Cient\u00edfic-tecnol\u00f2gic, Human\u00edstic i social (comptant amb tres l\u00ednies per nivell).<\/span><\/p>\n<p><span style=\"color: #0d0d0d; font-family: tahoma, sans-serif;\">HORARI: (Jornada continuada) de 8&#8217;30 A 15&#8217;00<\/span><\/p>\n<p><span style=\"color: #0d0d0d; font-family: tahoma, sans-serif;\">EQUIPAMENTS\u00a0<\/span><\/p>\n<ul>\n<li>Sala d&#8217;actes.<\/li>\n<li>2 Aules d&#8217;inform\u00e0tica, amb connexi\u00f3 a internet.<\/li>\n<li>Equipament inform\u00e0tic port\u00e0til.<\/li>\n<li>2 Laboratoris de Ci\u00e8ncies experimentals.<\/li>\n<li>Laboratori de F\u00edsica.<\/li>\n<li>Aules grups-classe amb equips multim\u00e8dia d&#8217;imatge i so.<\/li>\n<li>Aula de religi\u00f3.<\/li>\n<li>Biblioteca.<\/li>\n<li>Aula de m\u00fasica equipada amb instrumental Orff i Ukuleles.<\/li>\n<li>2 Tallers de tecnologia.<\/li>\n<li>Aula d&#8217;idiomes.<\/li>\n<li>Aula d&#8217;Educaci\u00f3 Visual i pl\u00e0stica.<\/li>\n<li>Aules per desdoblaments.<\/li>\n<li>Aula d&#8217;acollida.<\/li>\n<li>Gimn\u00e0s.<\/li>\n<li>Pistes esportives de futbol, b\u00e0squet, voleibol i b\u00e0dminton.<\/li>\n<li>Activitats de piscina.<\/li>\n<li>Zona de ping-pong.<\/li>\n<li>Zones enjardinades amb taules de fusta.<\/li>\n<li>Servei de cantina i cafeteria.<\/li>\n<li>Ascensor.<\/li>\n<li>Edifici adaptat a mobilitat redu\u00efda.<\/li>\n<li>Assessorament psicopedag\u00f2gic de l&#8217;alumnat.<\/li>\n<li>Servei d&#8217;orientaci\u00f3 acad\u00e8mica.<\/li>\n<li>Servei de pr\u00e9stec\u00a0i reutilitzaci\u00f3 de llibres.<\/li>\n<\/ul>\n<\/div>\n<p>&nbsp;<\/p>\n<div align=\"center\"><\/div>\n","protected":false},"excerpt":{"rendered":"<p>L&#8217;Institut Cambrils \u00e9s una instituci\u00f3 educativa al servei de la comunitat des de 1982. Des de llavors, estem compromesos amb l&#8217;excel\u00b7l\u00e8ncia acad\u00e8mica i amb la creaci\u00f3 d&#8217;un entorn equitatiu per als nostres alumnes.<br \/>\nCada estudiant t\u00e9 un potencial i talent \u00fanic. Treballem per crear un entorn&hellip;  <a href=\"https:\/\/agora.xtec.cat\/iescambrils\/linstitut\/historia\/\" title=\"Read L&#8217;ess\u00e8ncia del nostre centre\">Llegeix m\u00e9s\u00bb<\/a><\/p>\n","protected":false},"author":1,"featured_media":0,"parent":19,"menu_order":20,"comment_status":"closed","ping_status":"closed","template":"page-templates\/side-menu.php","meta":{"_bbp_topic_count":0,"_bbp_reply_count":0,"_bbp_total_topic_count":0,"_bbp_total_reply_count":0,"_bbp_voice_count":0,"_bbp_anonymous_reply_count":0,"_bbp_topic_count_hidden":0,"_bbp_reply_count_hidden":0,"_bbp_forum_subforum_count":0,"footnotes":""},"class_list":["post-27","page","type-page","status-publish","hentry"],"post_mailing_queue_ids":[],"_links":{"self":[{"href":"https:\/\/agora.xtec.cat\/iescambrils\/wp-json\/wp\/v2\/pages\/27","targetHints":{"allow":["GET"]}}],"collection":[{"href":"https:\/\/agora.xtec.cat\/iescambrils\/wp-json\/wp\/v2\/pages"}],"about":[{"href":"https:\/\/agora.xtec.cat\/iescambrils\/wp-json\/wp\/v2\/types\/page"}],"author":[{"embeddable":true,"href":"https:\/\/agora.xtec.cat\/iescambrils\/wp-json\/wp\/v2\/users\/1"}],"replies":[{"embeddable":true,"href":"https:\/\/agora.xtec.cat\/iescambrils\/wp-json\/wp\/v2\/comments?post=27"}],"version-history":[{"count":4,"href":"https:\/\/agora.xtec.cat\/iescambrils\/wp-json\/wp\/v2\/pages\/27\/revisions"}],"predecessor-version":[{"id":5129,"href":"https:\/\/agora.xtec.cat\/iescambrils\/wp-json\/wp\/v2\/pages\/27\/revisions\/5129"}],"up":[{"embeddable":true,"href":"https:\/\/agora.xtec.cat\/iescambrils\/wp-json\/wp\/v2\/pages\/19"}],"wp:attachment":[{"href":"https:\/\/agora.xtec.cat\/iescambrils\/wp-json\/wp\/v2\/media?parent=27"}],"curies":[{"name":"wp","href":"https:\/\/api.w.org\/{rel}","templated":true}]}}