{"id":2422,"date":"2019-01-15T10:38:29","date_gmt":"2019-01-15T09:38:29","guid":{"rendered":"http:\/\/agora.xtec.cat\/iescambrils\/?page_id=2422"},"modified":"2024-02-22T13:49:44","modified_gmt":"2024-02-22T12:49:44","slug":"documentacio-centre","status":"publish","type":"page","link":"https:\/\/agora.xtec.cat\/iescambrils\/linstitut\/documentacio-centre\/","title":{"rendered":"El nostre projecte"},"content":{"rendered":"<p>En aquest apartat us compartim el Projecte Educatiu de Centre (PEC), que plasma l&#8217;ess\u00e8ncia del nostre projecte, la nostra missi\u00f3 i els nostres valors. Tot i aix\u00f2, aquests documents s\u00f3n provisionals i es troben en revisi\u00f3.<\/p>\n<p><a href=\"https:\/\/agora.xtec.cat\/iescambrils\/wp-content\/uploads\/usu1210\/2024\/02\/Projecte-Educatiu-de-Centre.pdf\">Projecte Educatiu de Centre<\/a><\/p>\n<p>&nbsp;<\/p>\n<p>&nbsp;<\/p>\n","protected":false},"excerpt":{"rendered":"<p>En aquest apartat us compartim el Projecte Educatiu de Centre (PEC), que plasma l&#8217;ess\u00e8ncia del nostre projecte, la nostra missi\u00f3 i els nostres valors. Tot i aix\u00f2, aquests documents s\u00f3n provisionals i es troben en revisi\u00f3.<br \/>\n<a href=\"https:\/\/agora.xtec.cat\/iescambrils\/wp-content\/uploads\/usu1210\/2024\/02\/Projecte-Educatiu-de-Centre.pdf\">Projecte Educatiu de Centre<\/a><br \/>\n&nbsp;<br \/>\n&nbsp;<\/p>\n","protected":false},"author":1,"featured_media":0,"parent":19,"menu_order":0,"comment_status":"closed","ping_status":"closed","template":"","meta":{"_bbp_topic_count":0,"_bbp_reply_count":0,"_bbp_total_topic_count":0,"_bbp_total_reply_count":0,"_bbp_voice_count":0,"_bbp_anonymous_reply_count":0,"_bbp_topic_count_hidden":0,"_bbp_reply_count_hidden":0,"_bbp_forum_subforum_count":0,"footnotes":""},"class_list":["post-2422","page","type-page","status-publish","hentry"],"post_mailing_queue_ids":[],"_links":{"self":[{"href":"https:\/\/agora.xtec.cat\/iescambrils\/wp-json\/wp\/v2\/pages\/2422","targetHints":{"allow":["GET"]}}],"collection":[{"href":"https:\/\/agora.xtec.cat\/iescambrils\/wp-json\/wp\/v2\/pages"}],"about":[{"href":"https:\/\/agora.xtec.cat\/iescambrils\/wp-json\/wp\/v2\/types\/page"}],"author":[{"embeddable":true,"href":"https:\/\/agora.xtec.cat\/iescambrils\/wp-json\/wp\/v2\/users\/1"}],"replies":[{"embeddable":true,"href":"https:\/\/agora.xtec.cat\/iescambrils\/wp-json\/wp\/v2\/comments?post=2422"}],"version-history":[{"count":6,"href":"https:\/\/agora.xtec.cat\/iescambrils\/wp-json\/wp\/v2\/pages\/2422\/revisions"}],"predecessor-version":[{"id":5125,"href":"https:\/\/agora.xtec.cat\/iescambrils\/wp-json\/wp\/v2\/pages\/2422\/revisions\/5125"}],"up":[{"embeddable":true,"href":"https:\/\/agora.xtec.cat\/iescambrils\/wp-json\/wp\/v2\/pages\/19"}],"wp:attachment":[{"href":"https:\/\/agora.xtec.cat\/iescambrils\/wp-json\/wp\/v2\/media?parent=2422"}],"curies":[{"name":"wp","href":"https:\/\/api.w.org\/{rel}","templated":true}]}}