{"id":195,"date":"2023-01-01T10:39:39","date_gmt":"2023-01-01T09:39:39","guid":{"rendered":"http:\/\/agora.xtec.cat\/iescambrils\/?page_id=195"},"modified":"2023-02-02T10:02:08","modified_gmt":"2023-02-02T09:02:08","slug":"estudis","status":"publish","type":"page","link":"https:\/\/agora.xtec.cat\/iescambrils\/estudis\/","title":{"rendered":"Estudis"},"content":{"rendered":"<h1 class=\"entry-title\" style=\"font-weight: 400; color: #087eb6;\"><span style=\"font-size: 24pt;\">Oferta formativa<\/span><\/h1>\n<p>Des de 1982, l\u2019experi\u00e8ncia avala l&#8217;Institut Cambrils com a marc de refer\u00e8ncia de l\u2019educaci\u00f3 Secund\u00e0ria i de Batxillerat a Cambrils. L&#8217;<strong>Institut Cambrils<\/strong>\u00a0ofereix els estudis d&#8217;Educaci\u00f3 Secund\u00e0ria Obligat\u00f2ria i de Batxillerat:<\/p>\n<ul style=\"list-style-type: disc;\">\n<li>Tres l\u00ednies per cadascun dels cursos de l&#8217;ESO<\/li>\n<li>Tres l\u00ednies a 1r de BAT i tres l\u00ednies a 2n de BAT en els itineraris cient\u00edfic, tecnol\u00f2gic, d&#8217;humanitats i de ci\u00e8ncies socials.<\/li>\n<\/ul>\n<hr \/>\n<h1 class=\"entry-title\" style=\"font-weight: 400; color: #087eb6;\"><span style=\"font-size: 24pt;\"><a href=\"http:\/\/agora.xtec.cat\/iescambrils\/categoria\/eso\/\" target=\"_blank\" rel=\"noopener noreferrer\">ESO<\/a><\/span><\/h1>\n<p><strong>Graduat en educaci\u00f3 secund\u00e0ria obligat\u00f2ria<\/strong><br \/>\n<strong>Codi:<\/strong> ESO LOE<\/p>\n<p>L&#8217;educaci\u00f3 secund\u00e0ria obligat\u00f2ria (ESO) \u00e9s gratu\u00efta. Compr\u00e8n quatre cursos acad\u00e8mics. Generalment s&#8217;inicia l&#8217;any natural en qu\u00e8 es compleixen 12 anys i s&#8217;acaba als 16, tot i que els alumnes tenen dret a romandre en el centre amb r\u00e8gim ordinari fins als 18.<\/p>\n<p style=\"font-family: 'Helvetica Neue', Helvetica, Helvetica, Arial, sans-serif; font-size: 16px;\">En el seg\u00fcent enlla\u00e7 trobar\u00e0s informaci\u00f3 en general sobre l\u2019ESO (continguts, tr\u00e0mits, normativa\u2026) elaborada pel Departament d\u2019Educaci\u00f3 de Catalunya:<\/p>\n<ul>\n<li style=\"list-style-type: none;\">\n<ul>\n<li style=\"list-style-type: none;\">\n<ul>\n<li style=\"list-style-type: none;\">\n<ul>\n<li style=\"list-style-type: none;\">\n<ul style=\"list-style-type: disc;\">\n<li>\u00a0<a href=\"http:\/\/queestudiar.gencat.cat\/ca\/estudis\/secundaria\/\">INFORMACI\u00d3 GENERAL ESO<\/a><\/li>\n<\/ul>\n<\/li>\n<\/ul>\n<\/li>\n<\/ul>\n<\/li>\n<\/ul>\n<\/li>\n<\/ul>\n<p>El Centre organitza l\u2019atenci\u00f3 a cada alumne segons la seva capacitat d\u2019aprenentatge. Per aix\u00f2 posa a disposici\u00f3 de l\u2019alumnat diverses atencions individualitzades: Aula d\u2019 Acollida per alumnes nouvinguts, classes de Diversitat en les mat\u00e8ries instrumentals (adaptant el ritme, refor\u00e7ant continguts &#8230;), tutories individualitzades i\/o compartides, suport psicopedag\u00f2gic i de la Mestra Terapeuta &#8230;<\/p>\n<p>L&#8217;horari \u00e9s de 8:30 a 15:00 h.\u00a0(jornada compacta)<\/p>\n<ul style=\"list-style-type: disc;\">\n<li class=\"entry-header\" style=\"color: #444444;\">Projecte aules netes i boniques<\/li>\n<li class=\"entry-header\" style=\"color: #444444;\"><a href=\"http:\/\/agora.xtec.cat\/iescambrils\/linstitut\/horaris\/\" target=\"_blank\" rel=\"noopener noreferrer\">Agendes d&#8217;ESO<\/a><\/li>\n<\/ul>\n<hr \/>\n<div class=\"entry-content\" style=\"color: #444444;\">\n<header class=\"entry-header\">\n<h1 class=\"entry-title\" style=\"font-weight: 400; color: #087eb6;\"><span style=\"font-size: 24pt;\"><a href=\"http:\/\/agora.xtec.cat\/iescambrils\/categoria\/batxillerat\/\" target=\"_blank\" rel=\"noopener noreferrer\">BATXILLERAT<\/a><\/span><\/h1>\n<p>El batxillerat forma part de l&#8217;educaci\u00f3 secund\u00e0ria postobligat\u00f2ria i es distribueix en dos cursos acad\u00e8mics. Es desenvolupa en diverses modalitats, s&#8217;organitza de manera oberta i flexible i, si cal, en vies diferents dins de cada modalitat, per tal d&#8217;oferir un itinerari personalitzat a l&#8217;alumnat d&#8217;acord amb les seves perspectives i interessos de formaci\u00f3.<\/p>\n<p>El batxillerat \u00e9s l&#8217;etapa que es cursa normalment entre els 16 i els 18 anys, tot i que \u00e9s oberta a persones de qualsevol edat, ja sigui de manera presencial o telem\u00e0tica a trav\u00e9s de l&#8217;Institut Obert de Catalunya (IOC). \u00c9s un cicle format per dos cursos de trenta hores lectives setmanals.<\/p>\n<p>El batxillerat prepara els i les alumnes per a la seva incorporaci\u00f3 a estudis posteriors, tant professionals com universitaris, i per a l&#8217;acc\u00e9s al m\u00f3n laboral.<\/p>\n<p style=\"font-family: 'Helvetica Neue', Helvetica, Helvetica, Arial, sans-serif; font-size: 16px;\">En el seg\u00fcent enlla\u00e7 trobar\u00e0s informaci\u00f3 en general sobre el BATXILLERAT (continguts, tr\u00e0mits, normativa\u2026) elaborada pel Departament d\u2019Educaci\u00f3 de Catalunya:<\/p>\n<ul>\n<li style=\"list-style-type: none;\">\n<ul>\n<li style=\"list-style-type: none;\">\n<ul>\n<li style=\"list-style-type: none;\">\n<ul>\n<li style=\"list-style-type: none;\">\n<ul style=\"list-style-type: disc;\">\n<li>\u00a0<a href=\"https:\/\/triaeducativa.gencat.cat\/ca\/batxillerat\/\">INFORMACI\u00d3 GENERAL BATXILLERAT<\/a><\/li>\n<\/ul>\n<\/li>\n<\/ul>\n<\/li>\n<\/ul>\n<\/li>\n<\/ul>\n<\/li>\n<\/ul>\n<p>El Centre ofereix tots els itineraris de Batxillerat compatibles amb les modalitats que t\u00e9: Cient\u00edfico &#8211; tecnol\u00f2gic, Ci\u00e8ncies Socials i Human\u00edstic, impartits amb el rigor que proporciona el fet de ser, des dels or\u00edgens, Institut de Batxillerat exclusivament i el grau de professionalitat que aquest fet comporta i que es demostra amb els resultats dels nostres alumnes a les PAU i a la universitat.<\/p>\n<p>L&#8217;horari \u00e9s de jornada cont\u00ednua de 8:30 a 15:00 h.<\/p>\n<\/header>\n<div class=\"entry-content\">\n<ul>\n<li>Itineraris de BAT (publicaci\u00f3 en breu)<\/li>\n<\/ul>\n<p><span style=\"font-size: 18pt;\">Informaci\u00f3 addicional<\/span><\/p>\n<ul>\n<li style=\"list-style-type: none;\">\n<ul>\n<li style=\"list-style-type: none;\">\n<ul>\n<li><a href=\"https:\/\/triaeducativa.gencat.cat\/ca\/batxillerat\/treball-recerca\/index.html\">Treball de recerca<\/a><\/li>\n<li><a href=\"https:\/\/triaeducativa.gencat.cat\/ca\/batxillerat\/convalidacions\/index.html\">Convalidacions<\/a><\/li>\n<li>Si ja est\u00e0s cursant el Batxillerat en un\u00a0<span class=\"ioc-accent\">centre presencial<\/span>, <a href=\"https:\/\/ioc.xtec.cat\/educacio\/materies-batxillerat\">l\u2019IOC t\u2019ofereix<\/a> la possibilitat d\u2019estudiar a dist\u00e0ncia mat\u00e8ries que el teu centre no ofereixi.<\/li>\n<li><a href=\"https:\/\/universitats.gencat.cat\/ca\/preinscripcions\/sobre-preinscripcio\/ponderacions\/\" target=\"_blank\" rel=\"noopener noreferrer\">Ponderacions PAU <\/a><\/li>\n<li><a href=\"https:\/\/universitats.gencat.cat\/ca\/preinscripcions\/sobre-preinscripcio\/notes-tall\/\" target=\"_blank\" rel=\"noopener noreferrer\">Notes de tall<\/a><\/li>\n<\/ul>\n<\/li>\n<\/ul>\n<\/li>\n<\/ul>\n<\/div>\n<\/div>\n<header class=\"entry-header\" style=\"color: #444444;\"><\/header>\n","protected":false},"excerpt":{"rendered":"<p>Oferta formativa<br \/>\nDes de 1982, l\u2019experi\u00e8ncia avala l&#8217;Institut Cambrils com a marc de refer\u00e8ncia de l\u2019educaci\u00f3 Secund\u00e0ria i de Batxillerat a Cambrils. L&#8217;Institut Cambrils\u00a0ofereix els estudis d&#8217;Educaci\u00f3 Secund\u00e0ria Obligat\u00f2ria i de Batxillerat:<\/p>\n<ul style=\"list-style-type: disc;\">\n<li>Tres l\u00ednies per cadascun dels cursos de l&#8217;ESO<\/li>\n<li>Tres l\u00ednies a 1r de BAT&hellip;  <a href=\"https:\/\/agora.xtec.cat\/iescambrils\/estudis\/\" title=\"Read Estudis\">Llegeix m\u00e9s\u00bb<\/a><br \/>\n","protected":false},"author":1,"featured_media":0,"parent":0,"menu_order":0,"comment_status":"closed","ping_status":"closed","template":"","meta":{"_bbp_topic_count":0,"_bbp_reply_count":0,"_bbp_total_topic_count":0,"_bbp_total_reply_count":0,"_bbp_voice_count":0,"_bbp_anonymous_reply_count":0,"_bbp_topic_count_hidden":0,"_bbp_reply_count_hidden":0,"_bbp_forum_subforum_count":0,"footnotes":""},"class_list":["post-195","page","type-page","status-publish","hentry"],"post_mailing_queue_ids":[],"_links":{"self":[{"href":"https:\/\/agora.xtec.cat\/iescambrils\/wp-json\/wp\/v2\/pages\/195","targetHints":{"allow":["GET"]}}],"collection":[{"href":"https:\/\/agora.xtec.cat\/iescambrils\/wp-json\/wp\/v2\/pages"}],"about":[{"href":"https:\/\/agora.xtec.cat\/iescambrils\/wp-json\/wp\/v2\/types\/page"}],"author":[{"embeddable":true,"href":"https:\/\/agora.xtec.cat\/iescambrils\/wp-json\/wp\/v2\/users\/1"}],"replies":[{"embeddable":true,"href":"https:\/\/agora.xtec.cat\/iescambrils\/wp-json\/wp\/v2\/comments?post=195"}],"version-history":[{"count":4,"href":"https:\/\/agora.xtec.cat\/iescambrils\/wp-json\/wp\/v2\/pages\/195\/revisions"}],"predecessor-version":[{"id":4466,"href":"https:\/\/agora.xtec.cat\/iescambrils\/wp-json\/wp\/v2\/pages\/195\/revisions\/4466"}],"wp:attachment":[{"href":"https:\/\/agora.xtec.cat\/iescambrils\/wp-json\/wp\/v2\/media?parent=195"}],"curies":[{"name":"wp","href":"https:\/\/api.w.org\/{rel}","templated":true}]}}