{"id":19,"date":"2014-09-17T14:56:56","date_gmt":"2014-09-17T14:56:56","guid":{"rendered":"http:\/\/agora.xtec.cat\/iescambrils\/?page_id=19"},"modified":"2017-07-31T14:19:07","modified_gmt":"2017-07-31T12:19:07","slug":"linstitut","status":"publish","type":"page","link":"https:\/\/agora.xtec.cat\/iescambrils\/linstitut\/","title":{"rendered":"L&#8217;institut"},"content":{"rendered":"<p><span style=\"color: #000000;\">L&#8217;Institut Cambrils ha procurat, des de la seva creaci\u00f3 com institut de batxillerat l&#8217;any 1986, donar un servei com m\u00e9s efica\u00e7 millor al poble de Cambrils, adaptant-se a les noves realitats educatives d&#8217;acord amb all\u00f2 que la societat li demana i en contacte amb les fam\u00edlies del seu alumnat, \u00fanica ra\u00f3 de la seva exist\u00e8ncia. Aix\u00ed doncs, la seva tasca di\u00e0ria s&#8217;impregna de la filosofia de l&#8217;ensenyament p\u00fablic, concebut com un servei i com un dret que afavoreix la igualtat d&#8217;oportunitats per a tothom.<\/span><\/p>\n<p><a href=\"http:\/\/agora.xtec.cat\/iescambrils\/wp-content\/uploads\/usu1210\/2014\/09\/Captura-de-pantalla-2017-07-08-a-les-10.12.17.png\"><img loading=\"lazy\" decoding=\"async\" class=\" wp-image-491 aligncenter\" src=\"http:\/\/agora.xtec.cat\/iescambrils\/wp-content\/uploads\/usu1210\/2014\/09\/Captura-de-pantalla-2017-07-08-a-les-10.12.17-1024x677.png\" alt=\"\" width=\"507\" height=\"335\" \/><\/a><\/p>\n<div align=\"center\">\n<div id=\"Layer2\">\n<p><span style=\"color: #66ffff; font-family: Geneva,Arial,Helvetica,san-serif; font-size: small;\"><b><span style=\"color: #087eb6;\">I ensenyarem els fills<\/span><\/b><\/span><\/p>\n<p><span style=\"color: #087eb6;\"><b><span style=\"font-family: Geneva,Arial,Helvetica,san-serif; font-size: small;\">el com i el perqu\u00e8 de cada cosa<\/span><\/b><\/span><\/p>\n<p><span style=\"color: #087eb6;\"><b><span style=\"font-family: Geneva,Arial,Helvetica,san-serif; font-size: small;\">i els baixarem al carrer, sense temor,<\/span><\/b><\/span><\/p>\n<p><span style=\"color: #087eb6;\"><b><span style=\"font-family: Geneva,Arial,Helvetica,san-serif; font-size: small;\">i jugaran a construir pobles.<\/span><\/b><\/span><\/p>\n<p><span style=\"color: #087eb6;\"><b><span style=\"font-family: Geneva,Arial,Helvetica,san-serif; font-size: small;\">I tocaran la terra,<\/span><\/b><\/span><\/p>\n<p><span style=\"color: #087eb6;\"><b><span style=\"font-family: Geneva,Arial,Helvetica,san-serif; font-size: small;\">i la faran seva i de tots,<\/span><\/b><\/span><\/p>\n<p><span style=\"color: #087eb6;\"><b><span style=\"font-family: Geneva,Arial,Helvetica,san-serif; font-size: small;\">i escriuran, amb nous mots<\/span><\/b><\/span><\/p>\n<p><span style=\"color: #087eb6;\"><b><span style=\"font-family: Geneva,Arial,Helvetica,san-serif; font-size: small;\">noves lleis, hist\u00f2ria i vida<\/span><\/b><\/span><\/p>\n<p><span style=\"font-size: x-small;\"><strong><span style=\"color: #339933;\"><span style=\"color: #333333; font-family: Geneva,Arial,Helvetica,san-serif;\">Joaquim Horta: <\/span><\/span><\/strong><\/span><span style=\"color: #333333; font-size: x-small;\"><strong><span style=\"font-family: Geneva,Arial,Helvetica,san-serif;\">Paraules per a no dormir<\/span><\/strong><\/span><\/p>\n<\/div>\n<\/div>\n","protected":false},"excerpt":{"rendered":"<p>L&#8217;Institut Cambrils ha procurat, des de la seva creaci\u00f3 com institut de batxillerat l&#8217;any 1986, donar un servei com m\u00e9s efica\u00e7 millor al poble de Cambrils, adaptant-se a les noves realitats educatives d&#8217;acord amb all\u00f2 que la societat li demana i en contacte amb les&hellip;  <a href=\"https:\/\/agora.xtec.cat\/iescambrils\/linstitut\/\" title=\"Read L&#8217;institut\">Llegeix m\u00e9s\u00bb<\/a><\/p>\n","protected":false},"author":1,"featured_media":0,"parent":0,"menu_order":0,"comment_status":"closed","ping_status":"closed","template":"page-templates\/side-menu.php","meta":{"_bbp_topic_count":0,"_bbp_reply_count":0,"_bbp_total_topic_count":0,"_bbp_total_reply_count":0,"_bbp_voice_count":0,"_bbp_anonymous_reply_count":0,"_bbp_topic_count_hidden":0,"_bbp_reply_count_hidden":0,"_bbp_forum_subforum_count":0,"footnotes":""},"class_list":["post-19","page","type-page","status-publish","hentry"],"post_mailing_queue_ids":[],"_links":{"self":[{"href":"https:\/\/agora.xtec.cat\/iescambrils\/wp-json\/wp\/v2\/pages\/19","targetHints":{"allow":["GET"]}}],"collection":[{"href":"https:\/\/agora.xtec.cat\/iescambrils\/wp-json\/wp\/v2\/pages"}],"about":[{"href":"https:\/\/agora.xtec.cat\/iescambrils\/wp-json\/wp\/v2\/types\/page"}],"author":[{"embeddable":true,"href":"https:\/\/agora.xtec.cat\/iescambrils\/wp-json\/wp\/v2\/users\/1"}],"replies":[{"embeddable":true,"href":"https:\/\/agora.xtec.cat\/iescambrils\/wp-json\/wp\/v2\/comments?post=19"}],"version-history":[{"count":0,"href":"https:\/\/agora.xtec.cat\/iescambrils\/wp-json\/wp\/v2\/pages\/19\/revisions"}],"wp:attachment":[{"href":"https:\/\/agora.xtec.cat\/iescambrils\/wp-json\/wp\/v2\/media?parent=19"}],"curies":[{"name":"wp","href":"https:\/\/api.w.org\/{rel}","templated":true}]}}