{"id":818,"date":"2016-04-06T09:43:59","date_gmt":"2016-04-06T08:43:59","guid":{"rendered":"http:\/\/agora.xtec.cat\/iescamarles\/?page_id=818"},"modified":"2018-07-13T15:02:47","modified_gmt":"2018-07-13T13:02:47","slug":"bones-practiques","status":"publish","type":"page","link":"https:\/\/agora.xtec.cat\/iescamarles\/bones-practiques\/","title":{"rendered":"* Bones pr\u00e0ctiques"},"content":{"rendered":"<p>El nostre Institut t\u00e9 reconegudes els seg\u00fcents projectes de Bones pr\u00e0ctiques:<\/p>\n<p>&#8211; <a href=\"https:\/\/sites.google.com\/site\/bonespractiquesbaixebre\/bones-practiques\/padrins-d-aula\" target=\"_blank\" rel=\"noopener noreferrer\">Padrins d&#8217;aula.<\/a><br \/>\n&#8211; <a href=\"https:\/\/sites.google.com\/site\/bonespractiquesbaixebre\/bones-practiques\/pintem-les-aules-d-eso-amb-dissenys-propis\" target=\"_blank\" rel=\"noopener noreferrer\">Pintem<\/a><a href=\"https:\/\/sites.google.com\/site\/bonespractiquesbaixebre\/bones-practiques\/pintem-les-aules-d-eso-amb-dissenys-propis\" target=\"_blank\" rel=\"noopener noreferrer\"> les aules<\/a><a href=\"https:\/\/sites.google.com\/site\/bonespractiquesbaixebre\/bones-practiques\/pintem-les-aules-d-eso-amb-dissenys-propis\" target=\"_blank\" rel=\"noopener noreferrer\">.<\/a><br \/>\n&#8211; <a href=\"https:\/\/sites.google.com\/site\/bonespractiquesbaixebre\/bones-practiques\/fem-una-revista\" target=\"_blank\" rel=\"noopener noreferrer\">Fem una revista.<\/a><br \/>\n&#8211; <a href=\"https:\/\/sites.google.com\/site\/bonespractiquesbaixebre\/bones-practiques\/16-party-time\" target=\"_blank\" rel=\"noopener noreferrer\">Party Time.<br \/>\n<\/a>&#8211; <a href=\"https:\/\/sites.google.com\/site\/bonespractiquesbaixebre\/la-intraweb-del-centre\" target=\"_blank\" rel=\"noopener noreferrer\">La intraweb del centre.<\/a><\/p>\n","protected":false},"excerpt":{"rendered":"<p>El nostre Institut t\u00e9 reconegudes els seg\u00fcents projectes de Bones pr\u00e0ctiques:<br \/>\n&#8211; <a href=\"https:\/\/sites.google.com\/site\/bonespractiquesbaixebre\/bones-practiques\/padrins-d-aula\" target=\"_blank\" rel=\"noopener noreferrer\">Padrins d&#8217;aula.<\/a><br \/>\n&#8211; <a href=\"https:\/\/sites.google.com\/site\/bonespractiquesbaixebre\/bones-practiques\/pintem-les-aules-d-eso-amb-dissenys-propis\" target=\"_blank\" rel=\"noopener noreferrer\">Pintem<\/a><a href=\"https:\/\/sites.google.com\/site\/bonespractiquesbaixebre\/bones-practiques\/pintem-les-aules-d-eso-amb-dissenys-propis\" target=\"_blank\" rel=\"noopener noreferrer\"> les aules<\/a><a href=\"https:\/\/sites.google.com\/site\/bonespractiquesbaixebre\/bones-practiques\/pintem-les-aules-d-eso-amb-dissenys-propis\" target=\"_blank\" rel=\"noopener noreferrer\">.<\/a><br \/>\n&#8211; <a href=\"https:\/\/sites.google.com\/site\/bonespractiquesbaixebre\/bones-practiques\/fem-una-revista\" target=\"_blank\" rel=\"noopener noreferrer\">Fem una revista.<\/a><br \/>\n&#8211; <a href=\"https:\/\/sites.google.com\/site\/bonespractiquesbaixebre\/bones-practiques\/16-party-time\" target=\"_blank\" rel=\"noopener noreferrer\">Party Time.<br \/>\n<\/a>&#8211;&hellip;  <a href=\"https:\/\/agora.xtec.cat\/iescamarles\/bones-practiques\/\" title=\"Read * Bones pr\u00e0ctiques\">Llegeix m\u00e9s\u00bb<\/a><\/p>\n","protected":false},"author":1,"featured_media":0,"parent":0,"menu_order":0,"comment_status":"closed","ping_status":"closed","template":"","meta":{"_bbp_topic_count":0,"_bbp_reply_count":0,"_bbp_total_topic_count":0,"_bbp_total_reply_count":0,"_bbp_voice_count":0,"_bbp_anonymous_reply_count":0,"_bbp_topic_count_hidden":0,"_bbp_reply_count_hidden":0,"_bbp_forum_subforum_count":0,"footnotes":""},"class_list":["post-818","page","type-page","status-publish","hentry"],"post_mailing_queue_ids":[],"_links":{"self":[{"href":"https:\/\/agora.xtec.cat\/iescamarles\/wp-json\/wp\/v2\/pages\/818","targetHints":{"allow":["GET"]}}],"collection":[{"href":"https:\/\/agora.xtec.cat\/iescamarles\/wp-json\/wp\/v2\/pages"}],"about":[{"href":"https:\/\/agora.xtec.cat\/iescamarles\/wp-json\/wp\/v2\/types\/page"}],"author":[{"embeddable":true,"href":"https:\/\/agora.xtec.cat\/iescamarles\/wp-json\/wp\/v2\/users\/1"}],"replies":[{"embeddable":true,"href":"https:\/\/agora.xtec.cat\/iescamarles\/wp-json\/wp\/v2\/comments?post=818"}],"version-history":[{"count":4,"href":"https:\/\/agora.xtec.cat\/iescamarles\/wp-json\/wp\/v2\/pages\/818\/revisions"}],"predecessor-version":[{"id":2662,"href":"https:\/\/agora.xtec.cat\/iescamarles\/wp-json\/wp\/v2\/pages\/818\/revisions\/2662"}],"wp:attachment":[{"href":"https:\/\/agora.xtec.cat\/iescamarles\/wp-json\/wp\/v2\/media?parent=818"}],"curies":[{"name":"wp","href":"https:\/\/api.w.org\/{rel}","templated":true}]}}