{"id":746,"date":"2016-02-26T20:13:25","date_gmt":"2016-02-26T19:13:25","guid":{"rendered":"http:\/\/agora.xtec.cat\/iescamarles\/?page_id=746"},"modified":"2021-09-08T09:15:34","modified_gmt":"2021-09-08T07:15:34","slug":"equip-directiu","status":"publish","type":"page","link":"https:\/\/agora.xtec.cat\/iescamarles\/linstitut\/organs-de-govern\/equip-directiu\/","title":{"rendered":"Equip directiu"},"content":{"rendered":"<p>&#8211; Direcci\u00f3: <em>Felicitat Icart Miravalls<\/em><br \/>\n&#8211; Cap d&#8217;estudis: <em>N\u00faria Montserrat Grau<\/em><br \/>\n&#8211; Coordinaci\u00f3 pedag\u00f2gica: <em>Sandra Mauri Ca\u00f1ad\u00f3<\/em><br \/>\n&#8211; Secretaria: <em>Atenea Sauras Bielsa<\/em><\/p>\n","protected":false},"excerpt":{"rendered":"<p>&#8211; Direcci\u00f3: Felicitat Icart Miravalls<br \/>\n&#8211; Cap d&#8217;estudis: N\u00faria Montserrat Grau<br \/>\n&#8211; Coordinaci\u00f3 pedag\u00f2gica: Sandra Mauri Ca\u00f1ad\u00f3<br \/>\n&#8211; Secretaria: Atenea Sauras Bielsa<\/p>\n","protected":false},"author":1,"featured_media":0,"parent":742,"menu_order":10,"comment_status":"closed","ping_status":"closed","template":"page-templates\/side-menu.php","meta":{"_bbp_topic_count":0,"_bbp_reply_count":0,"_bbp_total_topic_count":0,"_bbp_total_reply_count":0,"_bbp_voice_count":0,"_bbp_anonymous_reply_count":0,"_bbp_topic_count_hidden":0,"_bbp_reply_count_hidden":0,"_bbp_forum_subforum_count":0,"footnotes":""},"class_list":["post-746","page","type-page","status-publish","hentry"],"post_mailing_queue_ids":[],"_links":{"self":[{"href":"https:\/\/agora.xtec.cat\/iescamarles\/wp-json\/wp\/v2\/pages\/746","targetHints":{"allow":["GET"]}}],"collection":[{"href":"https:\/\/agora.xtec.cat\/iescamarles\/wp-json\/wp\/v2\/pages"}],"about":[{"href":"https:\/\/agora.xtec.cat\/iescamarles\/wp-json\/wp\/v2\/types\/page"}],"author":[{"embeddable":true,"href":"https:\/\/agora.xtec.cat\/iescamarles\/wp-json\/wp\/v2\/users\/1"}],"replies":[{"embeddable":true,"href":"https:\/\/agora.xtec.cat\/iescamarles\/wp-json\/wp\/v2\/comments?post=746"}],"version-history":[{"count":4,"href":"https:\/\/agora.xtec.cat\/iescamarles\/wp-json\/wp\/v2\/pages\/746\/revisions"}],"predecessor-version":[{"id":4660,"href":"https:\/\/agora.xtec.cat\/iescamarles\/wp-json\/wp\/v2\/pages\/746\/revisions\/4660"}],"up":[{"embeddable":true,"href":"https:\/\/agora.xtec.cat\/iescamarles\/wp-json\/wp\/v2\/pages\/742"}],"wp:attachment":[{"href":"https:\/\/agora.xtec.cat\/iescamarles\/wp-json\/wp\/v2\/media?parent=746"}],"curies":[{"name":"wp","href":"https:\/\/api.w.org\/{rel}","templated":true}]}}