{"id":6320,"date":"2025-10-22T10:53:55","date_gmt":"2025-10-22T08:53:55","guid":{"rendered":"https:\/\/agora.xtec.cat\/iescamarles\/?page_id=6320"},"modified":"2025-10-22T13:20:13","modified_gmt":"2025-10-22T11:20:13","slug":"certificats","status":"publish","type":"page","link":"https:\/\/agora.xtec.cat\/iescamarles\/certificats\/","title":{"rendered":"Certificats"},"content":{"rendered":"<p><b>INFORMACI\u00d3 PER A LA SOL\u00b7LICITUD DE CERTIFICATS i\/o DOCUMENTACI\u00d3 ACAD\u00c8MICA<\/b><\/p>\n<p><span style=\"font-weight: 400;\">Si has de sol\u00b7licitar un certificat a la secretaria del nostre centre has d\u2019emplenar el seg\u00fcent formulari: (el nom ha d\u2019estar complet segons consti al teu DNI\/NIE i la resta de dades emplenades correctament).<\/span><\/p>\n<p><b>El certificat s\u2019emetr\u00e0 en 10 dies despr\u00e9s d\u2019haver-lo sol\u00b7licitat. En cap cas ser\u00e0 immediat.<\/b><\/p>\n<p><span style=\"font-weight: 400;\">La documentaci\u00f3, tant originals com c\u00f2pies, s\u2019ha de lliurar\/mostrar presencialment a la secretaria del centre.<\/span><\/p>\n<p><span style=\"font-weight: 400;\">Lliurar\/mostrar la documentaci\u00f3 i\/o recollir el certificat pot fer-ho una altra persona diferent del sol\u00b7licitant sempre que s\u2019acompanyi de l\u2019autoritzaci\u00f3 corresponent.<\/span><\/p>\n<p><b>CERTIFICATS DE CATAL\u00c0 B2 i C1<\/b><\/p>\n<p><span style=\"font-weight: 400;\">Requisits:<\/span><\/p>\n<ul>\n<li style=\"font-weight: 400;\" aria-level=\"1\"><span style=\"font-weight: 400;\">Haver nascut l\u2019any 1972 o posteriors<\/span><\/li>\n<li style=\"font-weight: 400;\" aria-level=\"1\"><span style=\"font-weight: 400;\">Inici escolaritzaci\u00f3 a partir del curs 1978-1979 (incl\u00f2s)<\/span><\/li>\n<li style=\"font-weight: 400;\" aria-level=\"1\"><span style=\"font-weight: 400;\">Escolaritzaci\u00f3 completa a Catalunya (des de l\u2019EGB o Prim\u00e0ria)<\/span><\/li>\n<li style=\"font-weight: 400;\" aria-level=\"1\"><span style=\"font-weight: 400;\">No haver estat exempt de la mat\u00e8ria de llengua catalana<\/span><\/li>\n<\/ul>\n<p><span style=\"font-weight: 400;\">Quadre d\u2019equival\u00e8ncies:<\/span><\/p>\n<p><span style=\"font-weight: 400;\">Nivell B2 del MECR (Intermedi)<\/span><\/p>\n<table>\n<tbody>\n<tr>\n<td><span style=\"font-weight: 400;\">Titulaci\u00f3<\/span><\/td>\n<td><span style=\"font-weight: 400;\">Estudis<\/span><\/td>\n<td><span style=\"font-weight: 400;\">Documentaci\u00f3 a presentar<\/span><b>*<\/b><\/td>\n<\/tr>\n<tr>\n<td><span style=\"font-weight: 400;\">T\u00edtol de graduat escolar (EGB)<\/span><\/td>\n<td><span style=\"font-weight: 400;\">Tota l\u2019EGB a Catalunya i cursat la mat\u00e8ria de llengua catalana en la totalitat dels estudis esmentats a partir del curs 1978\/1979.<\/span><\/td>\n<td><span style=\"font-weight: 400;\">Original i fotoc\u00f2pia de:<\/span><\/p>\n<p><span style=\"font-weight: 400;\">-DNI<\/span><\/p>\n<p><span style=\"font-weight: 400;\">-Llibre escolaritat\/certificat acreditatiu EGB<\/span><b>**<\/b><\/p>\n<p><span style=\"font-weight: 400;\">-T\u00edtol EGB<\/span><\/td>\n<\/tr>\n<tr>\n<td><span style=\"font-weight: 400;\">T\u00edtol de t\u00e8cnic auxiliar (FP1)<\/span><\/p>\n<p><span style=\"font-weight: 400;\">(Els t\u00edtols de cicles formatius de grau mitj\u00e0 NO)<\/span><\/td>\n<td><span style=\"font-weight: 400;\">Tota l\u2019EGB i FP1 a Catalunya i cursat la mat\u00e8ria de llengua catalana en la totalitat dels estudis esmentats a partir del curs 1978\/1979 (curs d\u2019inici EGB).<\/span><\/td>\n<td><span style=\"font-weight: 400;\">Original i fotoc\u00f2pia de:<\/span><\/p>\n<p><span style=\"font-weight: 400;\">-DNI<\/span><\/p>\n<p><span style=\"font-weight: 400;\">-Llibre escolaritat\/certificat acreditatiu EGB<\/span><b>**<\/b><\/p>\n<p><span style=\"font-weight: 400;\">-Certificat acad\u00e8mic FP1<\/span><b>**<\/b><\/p>\n<p><span style=\"font-weight: 400;\">-T\u00edtol EGB i FP1<\/span><\/td>\n<\/tr>\n<\/tbody>\n<\/table>\n<p><b>*<\/b><span style=\"font-weight: 400;\"> Els originals i fotoc\u00f2pies de tots els documents s\u2019han de presentar a la secretaria del centre presencialment.<\/span><\/p>\n<p><b>**<\/b><span style=\"font-weight: 400;\">Certificat acreditatiu: en cas de no tenir el llibre d\u2019escolaritat d\u2019EGB, heu d\u2019anar a l\u2019escola on vau estudiar i sol\u00b7licitar un certificat que indiqui els anys i els cursos d\u2019escolaritat i es faci constar que es va cursar la mat\u00e8ria de llengua catalana en la totalitat d\u2019aquests estudis.<\/span><\/p>\n<p><span style=\"font-weight: 400;\">Nivell C1 del MECR (Sufici\u00e8ncia)<\/span><\/p>\n<table>\n<tbody>\n<tr>\n<td><span style=\"font-weight: 400;\">Titulaci\u00f3<\/span><\/td>\n<td><span style=\"font-weight: 400;\">Estudis<\/span><\/td>\n<td><span style=\"font-weight: 400;\">Documentaci\u00f3 a presentar<\/span><b>*<\/b><\/td>\n<\/tr>\n<tr>\n<td><span style=\"font-weight: 400;\">T\u00edtol BUP<\/span><\/td>\n<td><span style=\"font-weight: 400;\">Tota l\u2019EGB i BUP a Catalunya i s\u2019hagi cursat de manera oficial la mat\u00e8ria de llengua catalana en la totalitat dels estudis esmentats a partir del curs 1978\/1979 (curs d\u2019inici EGB)<\/span><\/td>\n<td><span style=\"font-weight: 400;\">Original i fotoc\u00f2pia de:<\/span><\/p>\n<p><span style=\"font-weight: 400;\">-DNI<\/span><\/p>\n<p><span style=\"font-weight: 400;\">-Llibre escolaritat\/certificat acreditatiu EGB<\/span><b>**<\/b><\/p>\n<p><span style=\"font-weight: 400;\">-Llibre\/Certificat BUP<\/span><\/p>\n<p><span style=\"font-weight: 400;\">-T\u00edtol EGB i BUP<\/span><\/td>\n<\/tr>\n<tr>\n<td><span style=\"font-weight: 400;\">T\u00edtol FP2<\/span><\/p>\n<p><span style=\"font-weight: 400;\">(Els t\u00edtols de cicles formatius de grau superior NO)<\/span><\/td>\n<td><span style=\"font-weight: 400;\">Tota l\u2019EGB, FP1 i FP2 a Catalunya i s\u2019hagi cursat de manera oficial la mat\u00e8ria de llengua catalana en la totalitat dels estudis esmentats a partir del curs 1978\/1979 (curs d\u2019inici EGB)<\/span><\/td>\n<td><span style=\"font-weight: 400;\">Original i fotoc\u00f2pia de:<\/span><\/p>\n<p><span style=\"font-weight: 400;\">-DNI<\/span><\/p>\n<p><span style=\"font-weight: 400;\">-Llibre escolaritat\/certificat acreditatiu EGB<\/span><b>**<\/b><\/p>\n<p><span style=\"font-weight: 400;\">&#8211; Certificat FP1 i FP2<\/span><b>**<\/b><\/p>\n<p><span style=\"font-weight: 400;\">-T\u00edtol EGB, FP1 i FP2<\/span><\/td>\n<\/tr>\n<tr>\n<td><span style=\"font-weight: 400;\">T\u00edtol Batxillerat<\/span><\/p>\n<p><span style=\"font-weight: 400;\">(LOGSE 1990-2003)<\/span><\/td>\n<td><span style=\"font-weight: 400;\">Almenys 3 cursos de prim\u00e0ria i 5 entre ESO i BAT (LOGSE)\u00a0 a Catalunya i cursat la mat\u00e8ria de llengua catalana en la totalitat dels estudis esmentats.<\/span><\/td>\n<td><span style=\"font-weight: 400;\">Original i fotoc\u00f2pia de:<\/span><\/p>\n<p><span style=\"font-weight: 400;\">-DNI<\/span><\/p>\n<p><span style=\"font-weight: 400;\">-Llibre\/certificat de PRIM\u00c0RIA, ESO i BATXILLERAT<\/span><\/p>\n<p><span style=\"font-weight: 400;\">-T\u00edtol ESO i BATXILLERAT<\/span><\/td>\n<\/tr>\n<tr>\n<td><span style=\"font-weight: 400;\">T\u00edtol ESO<\/span><\/td>\n<td><span style=\"font-weight: 400;\">Almenys 3 cursos de prim\u00e0ria i tota l\u2019ESO a Catalunya i cursat i aprovat la mat\u00e8ria de llengua catalana en la totalitat dels estudis esmentats. El requisit d\u2019acreditaci\u00f3 d\u2019haver aprovat la mat\u00e8ria de llengua catalana \u00e9s d\u2019aplicaci\u00f3 als t\u00edtols de graduat en educaci\u00f3 secund\u00e0ria obtinguts a partir del curs 2007\/2008.<\/span><\/td>\n<td><span style=\"font-weight: 400;\">Original i fotoc\u00f2pia de:<\/span><\/p>\n<p><span style=\"font-weight: 400;\">-DNI<\/span><\/p>\n<p><span style=\"font-weight: 400;\">-Llibre\/certificat de PRIM\u00c0RIA, ESO <\/span><b>***<\/b><\/p>\n<p><span style=\"font-weight: 400;\">-T\u00edtol ESO\u00a0<\/span><\/td>\n<\/tr>\n<\/tbody>\n<\/table>\n<p><b>*<\/b><span style=\"font-weight: 400;\"> Els originals i fotoc\u00f2pies de tots els documents s\u2019han de presentar a la secretaria del centre presencialment.<\/span><\/p>\n<p><b>**<\/b><span style=\"font-weight: 400;\">Certificat acreditatiu: en cas de no tenir el llibre d\u2019escolaritat d\u2019EGB, heu d\u2019anar a l\u2019escola on vau estudiar i sol\u00b7licitar un certificat que indiqui els anys i els cursos d\u2019escolaritat i es faci constar que es va cursar la mat\u00e8ria de llengua catalana en la totalitat d\u2019aquests estudis.<\/span><\/p>\n<p><b>***<\/b><span style=\"font-weight: 400;\">Certificat acreditatiu: en cas de no tenir el llibre d\u2019escolaritat PRIM\u00c0RIA i\/o ESO, heu d\u2019anar a l\u2019escola o institut on vau estudiar i sol\u00b7licitar un certificat que indiqui els anys i els cursos d\u2019escolaritat i es faci constar que es va cursar la mat\u00e8ria de llengua catalana en la totalitat d\u2019aquests estudis. L\u2019alumnat que van obtenir el t\u00edtol d\u2019ESO a partir del curs <\/span><b>2007\/2008 al certificat haur\u00e0 de constar la frase: \u201cl\u2019alumne ha cursat i aprovat la mat\u00e8ria de llengua catalana en la totalitat dels estudis\u201d.<\/b><\/p>\n<p><span style=\"font-weight: 400;\">Per a m\u00e9s informaci\u00f3 consulteu l\u2019Ordre VCP\/491\/2009 modificada per l\u2019Ordre VCP\/233\/2010, de 12 d\u2019abril de 2010 (DOGC n\u00fam.5610, de 19\/04\/2010).<\/span><\/p>\n<p>Aquelles persones que no compleixin els requisits anteriors s\u2019han d\u2019adre\u00e7ar a:<br \/>\nDepartament d\u2019Educaci\u00f3 i Formaci\u00f3 Professional<br \/>\nVia Augusta, 202-223 Barcelona<br \/>\nTel\u00e8fon 934 006 900<\/p>\n<p><a href=\"https:\/\/docs.google.com\/forms\/d\/e\/1FAIpQLScSR0pXD6tD5eKgNyu3SxRnQXb7y3MUgp_gWoh5u6XwDRSsMA\/viewform?usp=sharing&amp;ouid=111459347093382593414\" target=\"_blank\" rel=\"noopener\">PODEU RESPONDRE EL Q\u00dcESTIONARI A SOTA O DES D&#8217;AQUEST ENLLA\u00c7<\/a><\/p>\n<p><iframe loading=\"lazy\" src=\"https:\/\/docs.google.com\/forms\/d\/e\/1FAIpQLScSR0pXD6tD5eKgNyu3SxRnQXb7y3MUgp_gWoh5u6XwDRSsMA\/viewform?embedded=true\" width=\"640\" height=\"1873\" frameborder=\"0\" marginwidth=\"0\" marginheight=\"0\">S&#8217;est\u00e0 carregant\u2026<\/iframe><\/p>\n<p>&nbsp;<\/p>\n<p>&nbsp;<\/p>\n<p>&nbsp;<\/p>\n<p>&nbsp;<\/p>\n","protected":false},"excerpt":{"rendered":"<p>INFORMACI\u00d3 PER A LA SOL\u00b7LICITUD DE CERTIFICATS i\/o DOCUMENTACI\u00d3 ACAD\u00c8MICA<br \/>\nSi has de sol\u00b7licitar un certificat a la secretaria del nostre centre has d\u2019emplenar el seg\u00fcent formulari: (el nom ha d\u2019estar complet segons consti al teu DNI\/NIE i la resta de dades emplenades correctament).<br \/>\nEl certificat s\u2019emetr\u00e0&hellip;  <a href=\"https:\/\/agora.xtec.cat\/iescamarles\/certificats\/\" title=\"Read Certificats\">Llegeix m\u00e9s\u00bb<\/a><\/p>\n","protected":false},"author":1,"featured_media":0,"parent":0,"menu_order":0,"comment_status":"closed","ping_status":"closed","template":"","meta":{"_bbp_topic_count":0,"_bbp_reply_count":0,"_bbp_total_topic_count":0,"_bbp_total_reply_count":0,"_bbp_voice_count":0,"_bbp_anonymous_reply_count":0,"_bbp_topic_count_hidden":0,"_bbp_reply_count_hidden":0,"_bbp_forum_subforum_count":0,"footnotes":""},"class_list":["post-6320","page","type-page","status-publish","hentry"],"post_mailing_queue_ids":[],"_links":{"self":[{"href":"https:\/\/agora.xtec.cat\/iescamarles\/wp-json\/wp\/v2\/pages\/6320","targetHints":{"allow":["GET"]}}],"collection":[{"href":"https:\/\/agora.xtec.cat\/iescamarles\/wp-json\/wp\/v2\/pages"}],"about":[{"href":"https:\/\/agora.xtec.cat\/iescamarles\/wp-json\/wp\/v2\/types\/page"}],"author":[{"embeddable":true,"href":"https:\/\/agora.xtec.cat\/iescamarles\/wp-json\/wp\/v2\/users\/1"}],"replies":[{"embeddable":true,"href":"https:\/\/agora.xtec.cat\/iescamarles\/wp-json\/wp\/v2\/comments?post=6320"}],"version-history":[{"count":6,"href":"https:\/\/agora.xtec.cat\/iescamarles\/wp-json\/wp\/v2\/pages\/6320\/revisions"}],"predecessor-version":[{"id":6330,"href":"https:\/\/agora.xtec.cat\/iescamarles\/wp-json\/wp\/v2\/pages\/6320\/revisions\/6330"}],"wp:attachment":[{"href":"https:\/\/agora.xtec.cat\/iescamarles\/wp-json\/wp\/v2\/media?parent=6320"}],"curies":[{"name":"wp","href":"https:\/\/api.w.org\/{rel}","templated":true}]}}