{"id":6029,"date":"2025-02-11T19:56:09","date_gmt":"2025-02-11T18:56:09","guid":{"rendered":"https:\/\/agora.xtec.cat\/iescamarles\/?page_id=6029"},"modified":"2025-06-11T13:21:32","modified_gmt":"2025-06-11T11:21:32","slug":"projecte-linguistic","status":"publish","type":"page","link":"https:\/\/agora.xtec.cat\/iescamarles\/linstitut\/projecte-linguistic\/","title":{"rendered":"Projecte ling\u00fc\u00edstic"},"content":{"rendered":"<p>En aquest enlla\u00e7 podeu consultar el Projecte Ling\u00fc\u00edstic del nostre centre.<\/p>\n<p style=\"padding-left: 40px;\"><a href=\"https:\/\/drive.google.com\/file\/d\/1dUHtzaEKL4KQCsUReWqShmjVx9gIFHVr\/view?usp=drive_link\" target=\"_blank\" rel=\"noopener\"><span style=\"color: #000000;\"><span style=\"color: #3366ff;\">Projecte Ling\u00fc\u00edstic de Centre<\/span><\/span><\/a><\/p>\n","protected":false},"excerpt":{"rendered":"<p>En aquest enlla\u00e7 podeu consultar el Projecte Ling\u00fc\u00edstic del nostre centre.<br \/>\n<a href=\"https:\/\/drive.google.com\/file\/d\/1dUHtzaEKL4KQCsUReWqShmjVx9gIFHVr\/view?usp=drive_link\" target=\"_blank\" rel=\"noopener\">Projecte Ling\u00fc\u00edstic de Centre<\/a><\/p>\n","protected":false},"author":1,"featured_media":0,"parent":19,"menu_order":50,"comment_status":"closed","ping_status":"closed","template":"page-templates\/side-menu.php","meta":{"_bbp_topic_count":0,"_bbp_reply_count":0,"_bbp_total_topic_count":0,"_bbp_total_reply_count":0,"_bbp_voice_count":0,"_bbp_anonymous_reply_count":0,"_bbp_topic_count_hidden":0,"_bbp_reply_count_hidden":0,"_bbp_forum_subforum_count":0,"footnotes":""},"class_list":["post-6029","page","type-page","status-publish","hentry"],"post_mailing_queue_ids":[],"_links":{"self":[{"href":"https:\/\/agora.xtec.cat\/iescamarles\/wp-json\/wp\/v2\/pages\/6029","targetHints":{"allow":["GET"]}}],"collection":[{"href":"https:\/\/agora.xtec.cat\/iescamarles\/wp-json\/wp\/v2\/pages"}],"about":[{"href":"https:\/\/agora.xtec.cat\/iescamarles\/wp-json\/wp\/v2\/types\/page"}],"author":[{"embeddable":true,"href":"https:\/\/agora.xtec.cat\/iescamarles\/wp-json\/wp\/v2\/users\/1"}],"replies":[{"embeddable":true,"href":"https:\/\/agora.xtec.cat\/iescamarles\/wp-json\/wp\/v2\/comments?post=6029"}],"version-history":[{"count":5,"href":"https:\/\/agora.xtec.cat\/iescamarles\/wp-json\/wp\/v2\/pages\/6029\/revisions"}],"predecessor-version":[{"id":6174,"href":"https:\/\/agora.xtec.cat\/iescamarles\/wp-json\/wp\/v2\/pages\/6029\/revisions\/6174"}],"up":[{"embeddable":true,"href":"https:\/\/agora.xtec.cat\/iescamarles\/wp-json\/wp\/v2\/pages\/19"}],"wp:attachment":[{"href":"https:\/\/agora.xtec.cat\/iescamarles\/wp-json\/wp\/v2\/media?parent=6029"}],"curies":[{"name":"wp","href":"https:\/\/api.w.org\/{rel}","templated":true}]}}