{"id":581,"date":"2015-12-20T10:27:35","date_gmt":"2015-12-20T09:27:35","guid":{"rendered":"http:\/\/agora.xtec.cat\/iescamarles\/?page_id=581"},"modified":"2019-12-19T10:07:03","modified_gmt":"2019-12-19T09:07:03","slug":"perfil-del-contractant","status":"publish","type":"page","link":"https:\/\/agora.xtec.cat\/iescamarles\/secretaria\/perfil-del-contractant\/","title":{"rendered":"Perfil del contractant"},"content":{"rendered":"<p><strong>LICITACI\u00d3 DEL CONTRACTE DE NETEJA 2019<\/strong><\/p>\n<p>Podeu trobar l&#8217;anunci de licitaci\u00f3 del contracte de neteja de l&#8217;Institut pels anys 2020 i 2021 i els documents relacionats al seg\u00fcent enlla\u00e7. El termini per presentar les ofertes acaba el dia 13\/11\/2019 a les 14.00 h.<\/p>\n<p><a href=\"https:\/\/contractaciopublica.gencat.cat\/ecofin_pscp\/AppJava\/notice.pscp?reqCode=viewCn&amp;idDoc=54006159&amp;lawType=2\" target=\"_blank\" rel=\"noopener noreferrer\">https:\/\/contractaciopublica.gencat.cat\/ecofin_pscp\/AppJava\/notice.pscp?reqCode=viewCn&amp;idDoc=54006159&amp;lawType=2<\/a><\/p>\n<ul>\n<li><a href=\"https:\/\/drive.google.com\/open?id=1Fpx0c0EJY5S9cRge0XYRb24fmzmdliun\" target=\"_blank\" rel=\"noopener noreferrer\">Plec de cl\u00e0usules administratives<\/a><\/li>\n<li><a href=\"https:\/\/drive.google.com\/open?id=1tGEEWoFo2VjeTqT5cxc6qgRz65TzQICl\" target=\"_blank\" rel=\"noopener noreferrer\">Plec de prescripcions t\u00e8cniques<\/a><\/li>\n<\/ul>\n<p><strong>OBERTURA DEL SOBRE B<\/strong><\/p>\n<p>L&#8217;obertura del sobre B es realitzar\u00e0 el dijous 21 de novembre de 2019, a les 11.30 h, a les depend\u00e8ncies de l&#8217;Institut.<\/p>\n<p><strong>ADJUDICACI\u00d3 DEL CONTRACTE<\/strong><\/p>\n<p>Trobareu la informaci\u00f3 sobre l&#8217;adjudicaci\u00f3 del servei de neteja al seg\u00fcent enlla\u00e7:<\/p>\n<p><a href=\"https:\/\/contractaciopublica.gencat.cat\/ecofin_pscp\/AppJava\/ca_ES\/awardnotice.pscp?idDoc=56725102&amp;reqCode=viewPcan\">https:\/\/contractaciopublica.gencat.cat\/ecofin_pscp\/AppJava\/ca_ES\/awardnotice.pscp?idDoc=56725102&amp;reqCode=viewPcan<\/a><\/p>\n<hr \/>\n<p><strong>Institut de Camarles<\/strong><br \/>\nC\/ de l&#8217;IES s\/n\u00a043894 Camarles (Tarragona)<\/p>\n<p><span style=\"display: inline !important; float: none; background-color: transparent; color: #222222; cursor: text; direction: ltr; font-family: 'Helvetica Neue','Helvetica',Helvetica,Arial,sans-serif; font-size: 16px; font-style: normal; font-variant: normal; font-weight: 400; letter-spacing: normal; orphans: 2; text-align: left; text-decoration: none; text-indent: 0px; text-transform: none; -webkit-text-stroke-width: 0px; white-space: normal; word-spacing: 0px;\"><strong>Tel\u00e8fon:<\/strong> 977 471 748 <strong>Fax:<\/strong> 977 470 413<\/span><\/p>\n<p><span style=\"display: inline !important; float: none; background-color: transparent; color: #222222; cursor: text; direction: ltr; font-family: 'Helvetica Neue','Helvetica',Helvetica,Arial,sans-serif; font-size: 16px; font-style: normal; font-variant: normal; font-weight: 400; letter-spacing: normal; orphans: 2; text-align: left; text-decoration: none; text-indent: 0px; text-transform: none; -webkit-text-stroke-width: 0px; white-space: normal; word-spacing: 0px;\"><strong>Correu electr\u00f2nic:<\/strong> <a href=\"mailto:iescamarles@xtec.cat\">iescamarles@xtec.cat<\/a><\/span><\/p>\n<p><strong>Horari de registre:<\/strong> 8.00-15.00 h.<\/p>\n<p><strong>Horari d&#8217;atenci\u00f3 al p\u00fablic:<\/strong> 8.00-15.00 h.<\/p>\n<p><strong>Persona de contacte:<\/strong> Sonia Velamaz\u00e1n (Secret\u00e0ria)<\/p>\n<p>&nbsp;<\/p>\n<p>&nbsp;<\/p>\n","protected":false},"excerpt":{"rendered":"<p>LICITACI\u00d3 DEL CONTRACTE DE NETEJA 2019<br \/>\nPodeu trobar l&#8217;anunci de licitaci\u00f3 del contracte de neteja de l&#8217;Institut pels anys 2020 i 2021 i els documents relacionats al seg\u00fcent enlla\u00e7. El termini per presentar les ofertes acaba el dia 13\/11\/2019 a les 14.00 h.<br \/>\n<a href=\"https:\/\/contractaciopublica.gencat.cat\/ecofin_pscp\/AppJava\/notice.pscp?reqCode=viewCn&amp;idDoc=54006159&amp;lawType=2\" target=\"_blank\" rel=\"noopener&hellip;  <a href=\"https:\/\/agora.xtec.cat\/iescamarles\/secretaria\/perfil-del-contractant\/\" title=\"Read Perfil del contractant\">Llegeix m\u00e9s\u00bb<\/a><\/p>\n","protected":false},"author":1,"featured_media":0,"parent":81,"menu_order":40,"comment_status":"closed","ping_status":"closed","template":"page-templates\/side-menu.php","meta":{"_bbp_topic_count":0,"_bbp_reply_count":0,"_bbp_total_topic_count":0,"_bbp_total_reply_count":0,"_bbp_voice_count":0,"_bbp_anonymous_reply_count":0,"_bbp_topic_count_hidden":0,"_bbp_reply_count_hidden":0,"_bbp_forum_subforum_count":0,"footnotes":""},"class_list":["post-581","page","type-page","status-publish","hentry"],"post_mailing_queue_ids":[],"_links":{"self":[{"href":"https:\/\/agora.xtec.cat\/iescamarles\/wp-json\/wp\/v2\/pages\/581","targetHints":{"allow":["GET"]}}],"collection":[{"href":"https:\/\/agora.xtec.cat\/iescamarles\/wp-json\/wp\/v2\/pages"}],"about":[{"href":"https:\/\/agora.xtec.cat\/iescamarles\/wp-json\/wp\/v2\/types\/page"}],"author":[{"embeddable":true,"href":"https:\/\/agora.xtec.cat\/iescamarles\/wp-json\/wp\/v2\/users\/1"}],"replies":[{"embeddable":true,"href":"https:\/\/agora.xtec.cat\/iescamarles\/wp-json\/wp\/v2\/comments?post=581"}],"version-history":[{"count":4,"href":"https:\/\/agora.xtec.cat\/iescamarles\/wp-json\/wp\/v2\/pages\/581\/revisions"}],"predecessor-version":[{"id":3486,"href":"https:\/\/agora.xtec.cat\/iescamarles\/wp-json\/wp\/v2\/pages\/581\/revisions\/3486"}],"up":[{"embeddable":true,"href":"https:\/\/agora.xtec.cat\/iescamarles\/wp-json\/wp\/v2\/pages\/81"}],"wp:attachment":[{"href":"https:\/\/agora.xtec.cat\/iescamarles\/wp-json\/wp\/v2\/media?parent=581"}],"curies":[{"name":"wp","href":"https:\/\/api.w.org\/{rel}","templated":true}]}}