{"id":46,"date":"2014-09-17T16:53:45","date_gmt":"2014-09-17T15:53:45","guid":{"rendered":"http:\/\/agora.xtec.cat\/iescamarles\/?page_id=46"},"modified":"2025-09-20T23:07:52","modified_gmt":"2025-09-20T21:07:52","slug":"organigrama","status":"publish","type":"page","link":"https:\/\/agora.xtec.cat\/iescamarles\/linstitut\/organigrama\/","title":{"rendered":"Equip docent"},"content":{"rendered":"<p>\u25cf<strong> Departament de Llengua i Literatura:<\/strong><br \/>\n<strong>Catal\u00e0:<\/strong><br \/>\n&#8211; Lorena Benaiges Gabriel<br \/>\n&#8211; Montse Bordes (Tutora 2n Bat)<br \/>\n&#8211; Blanca Ona Cugat Bayerri (Tutora 3C)<br \/>\n&#8211; Sandra Mauri (Coordinadora Pedag\u00f2gica)<br \/>\n&#8211; Vanessa Monterde Curto<\/p>\n<p><strong>Castell\u00e0:<\/strong><br \/>\n&#8211; Tamara Barea Acin<br \/>\n&#8211; Ana Borb\u00f3n (Tutora 1 Bat)<br \/>\n&#8211; M\u00f2nica Borr\u00e0s<br \/>\n&#8211; Ferran Zamora (Cap)<\/p>\n<p>\u25cf<strong>Departament de Lleng\u00fces estrangeres:<\/strong><br \/>\n<strong>Angl\u00e8s:<\/strong><br \/>\n&#8211; Laura Barrau (Tutora 2C)<br \/>\n&#8211; Olga Bertomeu (Cap)<br \/>\n&#8211; Eva Cervera<br \/>\n&#8211; Nerea Latur Lasala<\/p>\n<p><strong>Franc\u00e8s:<\/strong><br \/>\n&#8211; Irene Furi\u00f3<\/p>\n<p>\u25cf<strong> Departament de Ci\u00e8ncies Socials:<\/strong><br \/>\n&#8211; Angela Josefa Cabrera (orientadora)<br \/>\n&#8211; Elena Colomines (orientadora)<br \/>\n&#8211; Santi Carb\u00f3 (Tutor 4B)<br \/>\n&#8211; N\u00faria Cunyat (Cap)<br \/>\n&#8211; Alicia Ferre (Tutora 1B)<br \/>\n&#8211; Xavi Margalef (Religi\u00f3)<br \/>\n&#8211; Ruben Pi\u00f1ana (Llat\u00ed)<br \/>\n&#8211; Narc\u00eds Ponce Callarisa<br \/>\n&#8211; Anna Verge (Tutora 1C)<\/p>\n<p>\u25cf <strong>Departament de Matem\u00e0tiques:<\/strong><br \/>\n<strong>Matem\u00e0tiques:<\/strong><br \/>\n&#8211; Maria Jos\u00e9 Beltran Ferr\u00e9<br \/>\n&#8211; N\u00faria Montserrat (Cap d&#8217;Estudis)<br \/>\n&#8211; Herme Jaques (Tutor 4A, Cap)<br \/>\n&#8211; Eros Robledo Moreno<br \/>\n&#8211; Atenea Sauras (Secret\u00e0ria)<br \/>\n&#8211; T\u00e0nia Tom\u00e0s Ripoll\u00e9s<br \/>\n&#8211; \u00c1lvaro Torres Ba\u00f1\u00f3 (Tutor 3A)<\/p>\n<p><strong>Economia:<\/strong><br \/>\n&#8211; Santiago Mor S\u00e1enz<\/p>\n<p>\u25cf <strong>Departament d&#8217;Experimentals:<\/strong><br \/>\n&#8211; Laura Garc\u00eda M\u00e1rquez (Tutora 1A)<br \/>\n&#8211; Vicky Gim\u00e9nez (Tutora 2B, Cap)<br \/>\n&#8211; Feli Icart (Directora)<br \/>\n&#8211; Marta Martos Pujol (Tutora 3B)<br \/>\n&#8211; X\u00e8nia Redondo (Tutora 3D)<br \/>\n&#8211; Carme Sabater<br \/>\n&#8211; Maria Serral Membrado (Tutora 1D)<\/p>\n<p>\u25cf <strong>Departament de Tecnologia:<\/strong><br \/>\n&#8211; Joaquim Crisol\u00a0 (Coordinaci\u00f3 Digital)<br \/>\n&#8211; Pili G\u00f3mez Minu\u00e9<br \/>\n&#8211; Gerard Lab\u00e8rnia (Cap)<br \/>\n&#8211; S\u00f2nia Siurana (Tutora 2A)<\/p>\n<p>\u25cf<strong> Departament d&#8217;Expressi\u00f3:<\/strong><br \/>\n<strong>ViP:<\/strong><br \/>\n&#8211; Laura Lla\u00f3<br \/>\n<strong>M\u00fasica:<\/strong><br \/>\n&#8211; Leo P\u00e9rez (Cap)<br \/>\n<strong>Educaci\u00f3 F\u00edsica:<\/strong><br \/>\n&#8211; Imma Rius Fernandez<br \/>\n&#8211; Rafel Vidal Valldep\u00e9rez (Tutor 4C)<\/p>\n<p>\u25cf <strong>Aula Acollida:<\/strong><br \/>\n&#8211; Ana Maria Michavila<\/p>\n","protected":false},"excerpt":{"rendered":"<p>\u25cf Departament de Llengua i Literatura:<br \/>\nCatal\u00e0:<br \/>\n&#8211; Lorena Benaiges Gabriel<br \/>\n&#8211; Montse Bordes (Tutora 2n Bat)<br \/>\n&#8211; Blanca Ona Cugat Bayerri (Tutora 3C)<br \/>\n&#8211; Sandra Mauri (Coordinadora Pedag\u00f2gica)<br \/>\n&#8211; Vanessa Monterde Curto<br \/>\nCastell\u00e0:<br \/>\n&#8211; Tamara Barea Acin<br \/>\n&#8211; Ana Borb\u00f3n (Tutora 1 Bat)<br \/>\n&#8211; M\u00f2nica Borr\u00e0s<br \/>\n&#8211; Ferran Zamora (Cap)<br \/>\n\u25cfDepartament de Lleng\u00fces estrangeres:<br \/>\nAngl\u00e8s:<br \/>\n&#8211; Laura Barrau&hellip;  <a href=\"https:\/\/agora.xtec.cat\/iescamarles\/linstitut\/organigrama\/\" title=\"Read Equip docent\">Llegeix m\u00e9s\u00bb<\/a><\/p>\n","protected":false},"author":1,"featured_media":0,"parent":19,"menu_order":70,"comment_status":"closed","ping_status":"closed","template":"page-templates\/side-menu.php","meta":{"_bbp_topic_count":0,"_bbp_reply_count":0,"_bbp_total_topic_count":0,"_bbp_total_reply_count":0,"_bbp_voice_count":0,"_bbp_anonymous_reply_count":0,"_bbp_topic_count_hidden":0,"_bbp_reply_count_hidden":0,"_bbp_forum_subforum_count":0,"footnotes":""},"class_list":["post-46","page","type-page","status-publish","hentry"],"post_mailing_queue_ids":[],"_links":{"self":[{"href":"https:\/\/agora.xtec.cat\/iescamarles\/wp-json\/wp\/v2\/pages\/46","targetHints":{"allow":["GET"]}}],"collection":[{"href":"https:\/\/agora.xtec.cat\/iescamarles\/wp-json\/wp\/v2\/pages"}],"about":[{"href":"https:\/\/agora.xtec.cat\/iescamarles\/wp-json\/wp\/v2\/types\/page"}],"author":[{"embeddable":true,"href":"https:\/\/agora.xtec.cat\/iescamarles\/wp-json\/wp\/v2\/users\/1"}],"replies":[{"embeddable":true,"href":"https:\/\/agora.xtec.cat\/iescamarles\/wp-json\/wp\/v2\/comments?post=46"}],"version-history":[{"count":6,"href":"https:\/\/agora.xtec.cat\/iescamarles\/wp-json\/wp\/v2\/pages\/46\/revisions"}],"predecessor-version":[{"id":6271,"href":"https:\/\/agora.xtec.cat\/iescamarles\/wp-json\/wp\/v2\/pages\/46\/revisions\/6271"}],"up":[{"embeddable":true,"href":"https:\/\/agora.xtec.cat\/iescamarles\/wp-json\/wp\/v2\/pages\/19"}],"wp:attachment":[{"href":"https:\/\/agora.xtec.cat\/iescamarles\/wp-json\/wp\/v2\/media?parent=46"}],"curies":[{"name":"wp","href":"https:\/\/api.w.org\/{rel}","templated":true}]}}