{"id":43,"date":"2014-09-17T16:45:07","date_gmt":"2014-09-17T16:45:07","guid":{"rendered":"http:\/\/agora.xtec.cat\/iescamarles\/?page_id=43"},"modified":"2024-12-18T09:09:22","modified_gmt":"2024-12-18T08:09:22","slug":"consell-escolar","status":"publish","type":"page","link":"https:\/\/agora.xtec.cat\/iescamarles\/linstitut\/organs-de-govern\/consell-escolar\/","title":{"rendered":"Consell escolar"},"content":{"rendered":"<ul>\n<li><a href=\"http:\/\/ensenyament.gencat.cat\/ca\/arees-actuacio\/centres-serveis-educatius\/centres\/consells-escolars-centres\/centres-publics\/\" target=\"_blank\" rel=\"noopener noreferrer\">Funcions i compet\u00e8ncies.<\/a><\/li>\n<li>Composici\u00f3:<br \/>\n&#8211; Presidenta: <em>Felicitat Icart Miravalls<\/em>.<br \/>\n&#8211; Cap d&#8217;Estudis: <em>N\u00faria Montserrat Grau<\/em>.<br \/>\n&#8211; Secret\u00e0ria: <em>Atenea Sauras Bielsa.<\/em><br \/>\n&#8211; Representant de l&#8217;Ajuntament: <em>Laia Bertomeu Gil<\/em>.<br \/>\n&#8211; Representants dels pares\/mares: <em>\u00c0ngels Arruego Cazorro, Clara Esmel Ferrando.<\/em><br \/>\n&#8211; Representant de l&#8217;AMPA:<br \/>\n&#8211; Representants dels alumnes:<em> Ivan Alegre Codorniu, Ibtissam Talsi Talsi.<\/em><br \/>\n&#8211; Representants dels professors: <em>Felip Moncl\u00fas i Arasa, S\u00f2nia Siurana Melich, Anna Verge Eiximeno,<\/em> <em>Victoria M. Gim\u00e9nez Ismael<\/em>, M\u00f2nica Borr\u00e0s Homedes, Hermenegildo Jaques Cl\u00faa.<br \/>\n&#8211; Representant del PAS: <em>Griselda Nicolau Blanch<\/em>.<\/li>\n<\/ul>\n<p>&nbsp;<\/p>\n","protected":false},"excerpt":{"rendered":"<ul>\n<li><a href=\"http:\/\/ensenyament.gencat.cat\/ca\/arees-actuacio\/centres-serveis-educatius\/centres\/consells-escolars-centres\/centres-publics\/\" target=\"_blank\" rel=\"noopener noreferrer\">Funcions i compet\u00e8ncies.<\/a><\/li>\n<li>Composici\u00f3:<br \/>\n&#8211; Presidenta: Felicitat Icart Miravalls.<br \/>\n&#8211; Cap d&#8217;Estudis: N\u00faria Montserrat Grau.<br \/>\n&#8211; Secret\u00e0ria: Atenea Sauras Bielsa.<br \/>\n&#8211; Representant de l&#8217;Ajuntament: Laia Bertomeu Gil.<br \/>\n&#8211; Representants dels pares\/mares: \u00c0ngels Arruego Cazorro, Clara Esmel Ferrando.<br \/>\n&#8211; Representant de l&#8217;AMPA:<br \/>\n&#8211; Representants dels alumnes: Ivan Alegre Codorniu, Ibtissam&hellip;  <a href=\"https:\/\/agora.xtec.cat\/iescamarles\/linstitut\/organs-de-govern\/consell-escolar\/\" title=\"Read Consell escolar\">Llegeix m\u00e9s\u00bb<\/a><\/p>\n","protected":false},"author":1,"featured_media":0,"parent":742,"menu_order":20,"comment_status":"closed","ping_status":"closed","template":"page-templates\/side-menu.php","meta":{"_bbp_topic_count":0,"_bbp_reply_count":0,"_bbp_total_topic_count":0,"_bbp_total_reply_count":0,"_bbp_voice_count":0,"_bbp_anonymous_reply_count":0,"_bbp_topic_count_hidden":0,"_bbp_reply_count_hidden":0,"_bbp_forum_subforum_count":0,"footnotes":""},"class_list":["post-43","page","type-page","status-publish","hentry"],"post_mailing_queue_ids":[],"_links":{"self":[{"href":"https:\/\/agora.xtec.cat\/iescamarles\/wp-json\/wp\/v2\/pages\/43","targetHints":{"allow":["GET"]}}],"collection":[{"href":"https:\/\/agora.xtec.cat\/iescamarles\/wp-json\/wp\/v2\/pages"}],"about":[{"href":"https:\/\/agora.xtec.cat\/iescamarles\/wp-json\/wp\/v2\/types\/page"}],"author":[{"embeddable":true,"href":"https:\/\/agora.xtec.cat\/iescamarles\/wp-json\/wp\/v2\/users\/1"}],"replies":[{"embeddable":true,"href":"https:\/\/agora.xtec.cat\/iescamarles\/wp-json\/wp\/v2\/comments?post=43"}],"version-history":[{"count":7,"href":"https:\/\/agora.xtec.cat\/iescamarles\/wp-json\/wp\/v2\/pages\/43\/revisions"}],"predecessor-version":[{"id":5974,"href":"https:\/\/agora.xtec.cat\/iescamarles\/wp-json\/wp\/v2\/pages\/43\/revisions\/5974"}],"up":[{"embeddable":true,"href":"https:\/\/agora.xtec.cat\/iescamarles\/wp-json\/wp\/v2\/pages\/742"}],"wp:attachment":[{"href":"https:\/\/agora.xtec.cat\/iescamarles\/wp-json\/wp\/v2\/media?parent=43"}],"curies":[{"name":"wp","href":"https:\/\/api.w.org\/{rel}","templated":true}]}}