{"id":3620,"date":"2020-03-11T16:46:53","date_gmt":"2020-03-11T15:46:53","guid":{"rendered":"http:\/\/agora.xtec.cat\/iescamarles\/?page_id=3620"},"modified":"2021-03-11T09:26:15","modified_gmt":"2021-03-11T08:26:15","slug":"informacio-pressupostaria","status":"publish","type":"page","link":"https:\/\/agora.xtec.cat\/iescamarles\/secretaria\/informacio-pressupostaria\/","title":{"rendered":"Informaci\u00f3 pressupost\u00e0ria"},"content":{"rendered":"<p>En la sessi\u00f3 ordin\u00e0ria del Consell Escolar del dia 25 de gener de 2021 es va aprovar la liquidaci\u00f3 del pressupost de l&#8217;any 2020 aix\u00ed com el pressupost del centre per l&#8217;any 2021. Els enlla\u00e7os als documents s\u00f3n els seg\u00fcents:<\/p>\n<ul>\n<li style=\"list-style-type: none;\">\n<ul>\n<li><a href=\"https:\/\/agora.xtec.cat\/iescamarles\/wp-content\/uploads\/usu868\/2021\/03\/Liquidaci\u00f3-del-pressupost-2020.pdf\" target=\"_blank\" rel=\"noopener noreferrer\">Liquidaci\u00f3 del pressupost 2020<\/a><\/li>\n<li><a href=\"https:\/\/agora.xtec.cat\/iescamarles\/wp-content\/uploads\/usu868\/2021\/03\/Dades-del-pressupost-2021.pdf\" target=\"_blank\" rel=\"noopener noreferrer\">Pressupost 2021<\/a><\/li>\n<\/ul>\n<\/li>\n<\/ul>\n","protected":false},"excerpt":{"rendered":"<p>En la sessi\u00f3 ordin\u00e0ria del Consell Escolar del dia 25 de gener de 2021 es va aprovar la liquidaci\u00f3 del pressupost de l&#8217;any 2020 aix\u00ed com el pressupost del centre per l&#8217;any 2021. Els enlla\u00e7os als documents s\u00f3n els seg\u00fcents:<\/p>\n<ul>\n<li style=\"list-style-type: none;\">\n<ul>\n<li><a href=\"https:\/\/agora.xtec.cat\/iescamarles\/wp-content\/uploads\/usu868\/2021\/03\/Liquidaci\u00f3-del-pressupost-2020.pdf\" target=\"_blank\" rel=\"noopener&hellip;  <a href=\"https:\/\/agora.xtec.cat\/iescamarles\/secretaria\/informacio-pressupostaria\/\" title=\"Read Informaci\u00f3 pressupost\u00e0ria\">Llegeix m\u00e9s\u00bb<\/a><br \/>\n","protected":false},"author":51,"featured_media":0,"parent":81,"menu_order":0,"comment_status":"closed","ping_status":"closed","template":"","meta":{"_bbp_topic_count":0,"_bbp_reply_count":0,"_bbp_total_topic_count":0,"_bbp_total_reply_count":0,"_bbp_voice_count":0,"_bbp_anonymous_reply_count":0,"_bbp_topic_count_hidden":0,"_bbp_reply_count_hidden":0,"_bbp_forum_subforum_count":0,"footnotes":""},"class_list":["post-3620","page","type-page","status-publish","hentry"],"post_mailing_queue_ids":[],"_links":{"self":[{"href":"https:\/\/agora.xtec.cat\/iescamarles\/wp-json\/wp\/v2\/pages\/3620","targetHints":{"allow":["GET"]}}],"collection":[{"href":"https:\/\/agora.xtec.cat\/iescamarles\/wp-json\/wp\/v2\/pages"}],"about":[{"href":"https:\/\/agora.xtec.cat\/iescamarles\/wp-json\/wp\/v2\/types\/page"}],"author":[{"embeddable":true,"href":"https:\/\/agora.xtec.cat\/iescamarles\/wp-json\/wp\/v2\/users\/51"}],"replies":[{"embeddable":true,"href":"https:\/\/agora.xtec.cat\/iescamarles\/wp-json\/wp\/v2\/comments?post=3620"}],"version-history":[{"count":3,"href":"https:\/\/agora.xtec.cat\/iescamarles\/wp-json\/wp\/v2\/pages\/3620\/revisions"}],"predecessor-version":[{"id":4432,"href":"https:\/\/agora.xtec.cat\/iescamarles\/wp-json\/wp\/v2\/pages\/3620\/revisions\/4432"}],"up":[{"embeddable":true,"href":"https:\/\/agora.xtec.cat\/iescamarles\/wp-json\/wp\/v2\/pages\/81"}],"wp:attachment":[{"href":"https:\/\/agora.xtec.cat\/iescamarles\/wp-json\/wp\/v2\/media?parent=3620"}],"curies":[{"name":"wp","href":"https:\/\/api.w.org\/{rel}","templated":true}]}}