{"id":1709,"date":"2017-05-16T12:03:57","date_gmt":"2017-05-16T10:03:57","guid":{"rendered":"http:\/\/agora.xtec.cat\/iescamarles\/?page_id=1709"},"modified":"2019-06-18T13:15:18","modified_gmt":"2019-06-18T11:15:18","slug":"gep-2","status":"publish","type":"page","link":"https:\/\/agora.xtec.cat\/iescamarles\/gep-2\/","title":{"rendered":"GEP (pluriling\u00fcisme)"},"content":{"rendered":"<p>L&#8217;Institut de Camarles participa per primer cop el curs 16-17 en el GEP (grup experimental de pluriling\u00fcisme). Aquest projecte t\u00e9 per objectiu augmentar el contacte de l&#8217;alumnat amb una segona llengua estrangera dins d&#8217;altres mat\u00e8ries del curr\u00edculum. Aix\u00ed, durant el curs 16-17 els alumnes de 1r i 4t d&#8217;ESO fan M\u00fasica en angl\u00e8s i els de 3r d&#8217;ESO EF, tamb\u00e9 en angl\u00e8s. Els alumnes de Qu\u00edmica de 1r\u00a0han fet un projecte de <em><strong>pr\u00e0ctiques de laboratori &#8220;a casa &#8220;<\/strong><\/em> en angl\u00e8s i franc\u00e8s. Aqu\u00ed podeu veure les pr\u00e0ctiques editades<\/p>\n<p><a href=\"https:\/\/drive.google.com\/open?id=0B5ZRdZ8W0AV4eDJMTUVoSkVTOVU\" target=\"_blank\" rel=\"noopener noreferrer\">Osmosis<\/a><\/p>\n<p><a href=\"https:\/\/drive.google.com\/open?id=0B5ZRdZ8W0AV4emkwSWVmTUROWUU\" target=\"_blank\" rel=\"noopener noreferrer\">Reaction between HCl and Al<\/a><\/p>\n<p><a href=\"https:\/\/drive.google.com\/open?id=0B73v_6Baiji7MU1OdXl4czI0Y2M\" target=\"_blank\" rel=\"noopener noreferrer\">Extincteur fait a maison<\/a><\/p>\n<p>&nbsp;<\/p>\n<p>Curs 17-18 :es preveu incrementar progressivament les hores d&#8217;exposici\u00f3 dels alumnes a una segona llengua estrangera, per tal de millorar la seva compet\u00e8ncia ling\u00fc\u00edstica. Aix\u00ed, a m\u00e9s de les mat\u00e8ries que ja s&#8217;han fet en angl\u00e8s el curs passat, s&#8217;incorporen les seg\u00fcents :<\/p>\n<p>1r ESO : Socials i Mates en angl\u00e8s (la introducci\u00f3 s&#8217;anir\u00e0 fent de forma progressiva al llarg del curs).<\/p>\n<p>3r ESO : F\u00edsica i Qu\u00edmica en angl\u00e8s i franc\u00e8s (a ra\u00f3 d&#8217;una hora setmanal).<\/p>\n<p>1r BAT : Qu\u00edmica, projecte de <em><strong>pr\u00e0ctiques de laboratori &#8220;a casa &#8220;<\/strong><\/em> en angl\u00e8s i franc\u00e8s. Aqu\u00ed podeu veure les pr\u00e0ctiques editades<\/p>\n<p><a href=\"https:\/\/youtu.be\/O-CVzYZmucg\" target=\"_blank\" rel=\"noopener noreferrer\">Sugar Combustion<\/a><\/p>\n<p><a href=\"https:\/\/youtu.be\/T9rPX3kypyY\" target=\"_blank\" rel=\"noopener noreferrer\">Lava Lamp<\/a><\/p>\n<p><a href=\"https:\/\/youtu.be\/y3_dZLh-U_c\" target=\"_blank\" rel=\"noopener noreferrer\">Apple&#8217;s\u00a0Oxidation Reaction<\/a><\/p>\n<p><a href=\"https:\/\/youtu.be\/zZKRt1mNObQ\" target=\"_blank\" rel=\"noopener noreferrer\">Soulever un gla\u00e7on<\/a><\/p>\n<p><a href=\"https:\/\/youtu.be\/CFfxXJWEq84\" target=\"_blank\" rel=\"noopener noreferrer\">The paper that doesn&#8217;t burn<\/a><\/p>\n<p><a href=\"https:\/\/www.youtube.com\/watch?v=KnYX6SLIQsw\" target=\"_blank\" rel=\"noopener noreferrer\">How to prepare solutions<\/a><\/p>\n<p><a href=\"https:\/\/www.youtube.com\/watch?v=UUJxoA6GKQ8&amp;feature=youtu.be\" target=\"_blank\" rel=\"noopener noreferrer\">Pr\u00e9paration de solutions<\/a><\/p>\n<p><strong>Curs 18-19<\/strong> : Mat\u00e8ries que es treballen en llengua estrangera .<\/p>\n<p>1r ESO :\u00a0 Mates i M\u00fasica (ANG)<\/p>\n<p>2n ESO : Mates i Socials (ANG).<\/p>\n<p>3r ESO : FiQ es fan acivitats als desdoblaments en angl\u00e8s i franc\u00e8s .<\/p>\n<p>4t d&#8217;ESO, EF i M\u00fasica (ANG).<\/p>\n<p>1r BAT : Qu\u00edmica, projecte de <em><strong>pr\u00e0ctiques de laboratori &#8220;a casa &#8220;<\/strong><\/em> en angl\u00e8s i franc\u00e8s. Aqu\u00ed podeu veure les pr\u00e0ctiques editades:<\/p>\n<p><a href=\"https:\/\/youtu.be\/Pv9dRhzspjc\">Influence of Temperature on difussion&#8217;s speed<\/a><\/p>\n<p><em><strong>*PdR 4t ESO<\/strong><\/em> : Aquest curs s&#8217;ha treballat en entorn col.laboratius el projecte de recerca, mitjan\u00e7ant el google classroom. Una de les activitats de FiQ consistia en la construcci\u00f3 d&#8217;una depuradora &#8220;casolana&#8221; d&#8217;aig\u00fces residuals, i la posterior edici\u00f3 en v\u00eddeo del proc\u00e8s, utilitzant la llengua estrangera (angl\u00e8s \/ franc\u00e8s). Aqu\u00ed teniu alguns dels v\u00eddeos presentats :<\/p>\n<p><strong><a href=\"https:\/\/drive.google.com\/file\/d\/1pI0Z-91ghqcLd5DlEDzTjzipj6YBIRhc\/view\">1.Construction d&#8217;une station d&#8217;\u00e9puration manuelle (grup Arnau Vila)<\/a><\/strong><b><br \/>\n<\/b><\/p>\n<p><a href=\"https:\/\/drive.google.com\/file\/d\/1rXHFeTuaNVCyXgTirdKDvc4wJqw8EH1P\/view\"><strong>2. Construction d&#8217;une station d&#8217;\u00e9puration (grup Alba Franch)<\/strong><\/a><\/p>\n<p><strong><a href=\"https:\/\/drive.google.com\/a\/inscamarles.cat\/file\/d\/1RGm1HHUVkK96G7liV2VbueiROl2eCosV\/view?usp=drive_web\">3. Waste water treatment plant (grup Paula Xin)<\/a><\/strong><\/p>\n<p><a href=\"https:\/\/drive.google.com\/file\/d\/1drsdlC-gHx03K4MtC6uUNDa8EoBjqKIz\/view\"><strong>4. Construction of waste water treatment plant (grup Ram\u00f3n Bertomeu)<\/strong><\/a><\/p>\n<p><a href=\"https:\/\/drive.google.com\/file\/d\/1kskml0jO83TcpPML079r5j-h4QyIxQAv\/view\"><strong>5. Construction waste water treatment plant (grup Artur Andr\u00e9s)<\/strong><\/a><\/p>\n<p><a href=\"https:\/\/classroom.google.com\/u\/1\/g\/tg\/MzYzODkzNzAxNzJa\/MzY1Mzc1OTgyNDha#NTM4ODUwMjI2M1pa\"><strong>6. Waste water treatment plant (grup Mariona Llosa)<\/strong><\/a><\/p>\n<p><a href=\"https:\/\/drive.google.com\/open?id=16eCUfkx0fflFDskrV7bhJ-HacfE273X7\"><strong>7. A handmade water treatment plant (grup Ainhoa Pascua)<\/strong><\/a><\/p>\n<p><a href=\"https:\/\/drive.google.com\/file\/d\/17GEopLU64hdTq-cwlJs-xLfr3J4dfqHK\/view\"><strong>8. Water treatment plant (grup Juanma Guerrera)<\/strong><\/a><\/p>\n<p><a href=\"https:\/\/drive.google.com\/file\/d\/1SXALAfh0-dweWmdd2JNPMJUnzJg3Kmci\/view\"><strong>9. A handmade water treatment plant (grup Felip Mu\u00f1oz)<\/strong><\/a><\/p>\n<p><a href=\"https:\/\/drive.google.com\/file\/d\/18pCaVfnp2cQXFoiJgXhOf78JtFiayoBy\/view\"><strong>10. Station d&#8217;\u00e9puration manuelle (grup Alfie Crawshaw)<\/strong><\/a><\/p>\n<p><a href=\"https:\/\/drive.google.com\/file\/d\/1J4uErESA0BprsGC6tJr2Pu6kw6kr8EST\/view\"><strong>11. Water treatment plant (grup Ana Svorak)<\/strong><\/a><\/p>\n<p>Per acabar la producci\u00f3 del curs 18-19, tenim una <a href=\"https:\/\/prezi.com\/5y6h1p6dn10_\/l039hamburger\/\">recepta de cuina<\/a> elaborada pels alumnes de 4t ESO.<\/p>\n","protected":false},"excerpt":{"rendered":"<p>L&#8217;Institut de Camarles participa per primer cop el curs 16-17 en el GEP (grup experimental de pluriling\u00fcisme). Aquest projecte t\u00e9 per objectiu augmentar el contacte de l&#8217;alumnat amb una segona llengua estrangera dins d&#8217;altres mat\u00e8ries del curr\u00edculum. Aix\u00ed, durant el curs 16-17 els alumnes de&hellip;  <a href=\"https:\/\/agora.xtec.cat\/iescamarles\/gep-2\/\" title=\"Read GEP (pluriling\u00fcisme)\">Llegeix m\u00e9s\u00bb<\/a><\/p>\n","protected":false},"author":1,"featured_media":0,"parent":0,"menu_order":0,"comment_status":"closed","ping_status":"closed","template":"","meta":{"_bbp_topic_count":0,"_bbp_reply_count":0,"_bbp_total_topic_count":0,"_bbp_total_reply_count":0,"_bbp_voice_count":0,"_bbp_anonymous_reply_count":0,"_bbp_topic_count_hidden":0,"_bbp_reply_count_hidden":0,"_bbp_forum_subforum_count":0,"footnotes":""},"class_list":["post-1709","page","type-page","status-publish","hentry"],"post_mailing_queue_ids":[],"_links":{"self":[{"href":"https:\/\/agora.xtec.cat\/iescamarles\/wp-json\/wp\/v2\/pages\/1709","targetHints":{"allow":["GET"]}}],"collection":[{"href":"https:\/\/agora.xtec.cat\/iescamarles\/wp-json\/wp\/v2\/pages"}],"about":[{"href":"https:\/\/agora.xtec.cat\/iescamarles\/wp-json\/wp\/v2\/types\/page"}],"author":[{"embeddable":true,"href":"https:\/\/agora.xtec.cat\/iescamarles\/wp-json\/wp\/v2\/users\/1"}],"replies":[{"embeddable":true,"href":"https:\/\/agora.xtec.cat\/iescamarles\/wp-json\/wp\/v2\/comments?post=1709"}],"version-history":[{"count":4,"href":"https:\/\/agora.xtec.cat\/iescamarles\/wp-json\/wp\/v2\/pages\/1709\/revisions"}],"predecessor-version":[{"id":3131,"href":"https:\/\/agora.xtec.cat\/iescamarles\/wp-json\/wp\/v2\/pages\/1709\/revisions\/3131"}],"wp:attachment":[{"href":"https:\/\/agora.xtec.cat\/iescamarles\/wp-json\/wp\/v2\/media?parent=1709"}],"curies":[{"name":"wp","href":"https:\/\/api.w.org\/{rel}","templated":true}]}}