{"id":39,"date":"2014-09-17T16:36:44","date_gmt":"2014-09-17T16:36:44","guid":{"rendered":"http:\/\/agora.xtec.cat\/iescalgravat\/?page_id=39"},"modified":"2023-11-02T17:56:43","modified_gmt":"2023-11-02T16:56:43","slug":"instal%c2%b7lacions","status":"publish","type":"page","link":"https:\/\/agora.xtec.cat\/iescalgravat\/linstitut\/instal%c2%b7lacions\/","title":{"rendered":"Instal\u00b7lacions"},"content":{"rendered":"<p style=\"text-align: justify;\">El centre consta de <em><strong>dos edificis<\/strong><\/em> diferenciats. Un primer edifici \u00e9s l\u2019<em><strong>edifici principal,<\/strong><\/em> on s\u2019imparteixen els estudis, i gaudeix d\u2019aules especials de Tecnologia, Inform\u00e0tica, Dibuix i Biblioteca i amplis Laboratoris de F\u00edsica i Qu\u00edmica, Biologia i Geologia. El segon edifici \u00e9s el <em><strong>Gimn\u00e0s<\/strong><\/em> destinat a Educaci\u00f3 F\u00edsica, per\u00f2 tamb\u00e9 s\u2019utilitza com a Sala d\u2019Actes. El pati est\u00e0 format per una gran pista poliesportiva on es pot practicar el b\u00e0squet i el futbol sala, a m\u00e9s una zona de taules per esmorzar i taules per jugar ping-pong. La cafeteria del centre es troba a l&#8217;edifici principal. A partir del curs 2021-22 tamb\u00e9 s&#8217;ha ampliat amb un m\u00f2dul prefabricat de 150 metres (4 aules redu\u00efdes)<\/p>\n<p>L\u2019Institut Cal Gravat, a part de les aules de grup-classe, disposa de les aules espec\u00edfiques seg\u00fcents:<\/p>\n<p>2 tallers de Tecnologia, 3 laboratoris de Ci\u00e8ncies, 1 aula d&#8217;arts i 1 aula d&#8217;acollida.<\/p>\n","protected":false},"excerpt":{"rendered":"<p>El centre consta de dos edificis diferenciats. Un primer edifici \u00e9s l\u2019edifici principal, on s\u2019imparteixen els estudis, i gaudeix d\u2019aules especials de Tecnologia, Inform\u00e0tica, Dibuix i Biblioteca i amplis Laboratoris de F\u00edsica i Qu\u00edmica, Biologia i Geologia. El segon edifici \u00e9s el Gimn\u00e0s destinat a&hellip;  <a href=\"https:\/\/agora.xtec.cat\/iescalgravat\/linstitut\/instal%c2%b7lacions\/\" title=\"Read Instal\u00b7lacions\">Llegeix m\u00e9s\u00bb<\/a><\/p>\n","protected":false},"author":1,"featured_media":0,"parent":19,"menu_order":30,"comment_status":"closed","ping_status":"closed","template":"page-templates\/side-menu.php","meta":{"_bbp_topic_count":0,"_bbp_reply_count":0,"_bbp_total_topic_count":0,"_bbp_total_reply_count":0,"_bbp_voice_count":0,"_bbp_anonymous_reply_count":0,"_bbp_topic_count_hidden":0,"_bbp_reply_count_hidden":0,"_bbp_forum_subforum_count":0,"footnotes":""},"class_list":["post-39","page","type-page","status-publish","hentry"],"post_mailing_queue_ids":[],"_links":{"self":[{"href":"https:\/\/agora.xtec.cat\/iescalgravat\/wp-json\/wp\/v2\/pages\/39","targetHints":{"allow":["GET"]}}],"collection":[{"href":"https:\/\/agora.xtec.cat\/iescalgravat\/wp-json\/wp\/v2\/pages"}],"about":[{"href":"https:\/\/agora.xtec.cat\/iescalgravat\/wp-json\/wp\/v2\/types\/page"}],"author":[{"embeddable":true,"href":"https:\/\/agora.xtec.cat\/iescalgravat\/wp-json\/wp\/v2\/users\/1"}],"replies":[{"embeddable":true,"href":"https:\/\/agora.xtec.cat\/iescalgravat\/wp-json\/wp\/v2\/comments?post=39"}],"version-history":[{"count":5,"href":"https:\/\/agora.xtec.cat\/iescalgravat\/wp-json\/wp\/v2\/pages\/39\/revisions"}],"predecessor-version":[{"id":5945,"href":"https:\/\/agora.xtec.cat\/iescalgravat\/wp-json\/wp\/v2\/pages\/39\/revisions\/5945"}],"up":[{"embeddable":true,"href":"https:\/\/agora.xtec.cat\/iescalgravat\/wp-json\/wp\/v2\/pages\/19"}],"wp:attachment":[{"href":"https:\/\/agora.xtec.cat\/iescalgravat\/wp-json\/wp\/v2\/media?parent=39"}],"curies":[{"name":"wp","href":"https:\/\/api.w.org\/{rel}","templated":true}]}}