{"id":195,"date":"2014-09-22T10:39:39","date_gmt":"2014-09-22T10:39:39","guid":{"rendered":"http:\/\/agora.xtec.cat\/iescalgravat\/?page_id=195"},"modified":"2022-03-05T22:40:16","modified_gmt":"2022-03-05T21:40:16","slug":"estudis","status":"publish","type":"page","link":"https:\/\/agora.xtec.cat\/iescalgravat\/estudis\/","title":{"rendered":"Estudis"},"content":{"rendered":"<p>El centre ofereix estudis d&#8217;ESO i Batxillerat.<\/p>\n<p>En quan a l&#8217;ESO (estudis d&#8217;Educaci\u00f3 Secund\u00e0ria) s\u00f3n estudis obligatoris que tenen com a finalitat donar els elements b\u00e0sics de la cultura en el marc del desenvolupament personal.<br \/>\nEls estudis s\u2019organitzen, fins a 3r ESO, en mat\u00e8ries comunes obligat\u00f2ries (Catal\u00e0, Castell\u00e0, Angl\u00e8s, Matem\u00e8tiques, C. Naturals, C. Socials, Tecnologia, E. F\u00edsica, Visual i Pl\u00e0stica, Musica); mat\u00e8ries optatives (Alemany i Revista) i unes mat\u00e8ries rotatives trimestrals (Rob\u00f2tica, La Meva Manresa i Esport Saludable). A partir de 4t d\u2019ESO es treballa per itineraris segons orientaci\u00f3.<\/p>\n<header class=\"entry-header\" style=\"color: #444444;\">\n<h1 class=\"entry-title\" style=\"font-weight: 400; color: #087eb6;\">ESO<\/h1>\n<\/header>\n<div class=\"entry-content\" style=\"color: #444444;\">\n<p><iframe loading=\"lazy\" src=\"\/\/www.youtube.com\/embed\/Sftq4nacxUs\" width=\"560\" height=\"314\" allowfullscreen=\"allowfullscreen\"><\/iframe><\/p>\n<header class=\"entry-header\">\n<h1 class=\"entry-title\" style=\"font-weight: 400; color: #087eb6;\">Batxillerat<\/h1>\n<\/header>\n<div class=\"entry-content\">\n<ul>\n<li>llibres de text i lectures obligat\u00f2ries<\/li>\n<li>PAU (notes de tall, calendari, ponderacions, exemples ex\u00e0mens, itineraris universitaris,\u2026)<\/li>\n<\/ul>\n<\/div>\n<\/div>\n<header class=\"entry-header\" style=\"color: #444444;\"><\/header>\n<div class=\"entry-content\" style=\"color: #444444;\">\n<div class=\"entry-content\"><\/div>\n<\/div>\n","protected":false},"excerpt":{"rendered":"<p>El centre ofereix estudis d&#8217;ESO i Batxillerat.<br \/>\nEn quan a l&#8217;ESO (estudis d&#8217;Educaci\u00f3 Secund\u00e0ria) s\u00f3n estudis obligatoris que tenen com a finalitat donar els elements b\u00e0sics de la cultura en el marc del desenvolupament personal.<br \/>\nEls estudis s\u2019organitzen, fins a 3r ESO, en mat\u00e8ries comunes obligat\u00f2ries (Catal\u00e0,&hellip;  <a href=\"https:\/\/agora.xtec.cat\/iescalgravat\/estudis\/\" title=\"Read Estudis\">Llegeix m\u00e9s\u00bb<\/a><\/p>\n","protected":false},"author":1,"featured_media":0,"parent":0,"menu_order":0,"comment_status":"closed","ping_status":"closed","template":"","meta":{"_bbp_topic_count":0,"_bbp_reply_count":0,"_bbp_total_topic_count":0,"_bbp_total_reply_count":0,"_bbp_voice_count":0,"_bbp_anonymous_reply_count":0,"_bbp_topic_count_hidden":0,"_bbp_reply_count_hidden":0,"_bbp_forum_subforum_count":0,"footnotes":""},"class_list":["post-195","page","type-page","status-publish","hentry"],"post_mailing_queue_ids":[],"_links":{"self":[{"href":"https:\/\/agora.xtec.cat\/iescalgravat\/wp-json\/wp\/v2\/pages\/195","targetHints":{"allow":["GET"]}}],"collection":[{"href":"https:\/\/agora.xtec.cat\/iescalgravat\/wp-json\/wp\/v2\/pages"}],"about":[{"href":"https:\/\/agora.xtec.cat\/iescalgravat\/wp-json\/wp\/v2\/types\/page"}],"author":[{"embeddable":true,"href":"https:\/\/agora.xtec.cat\/iescalgravat\/wp-json\/wp\/v2\/users\/1"}],"replies":[{"embeddable":true,"href":"https:\/\/agora.xtec.cat\/iescalgravat\/wp-json\/wp\/v2\/comments?post=195"}],"version-history":[{"count":3,"href":"https:\/\/agora.xtec.cat\/iescalgravat\/wp-json\/wp\/v2\/pages\/195\/revisions"}],"predecessor-version":[{"id":4553,"href":"https:\/\/agora.xtec.cat\/iescalgravat\/wp-json\/wp\/v2\/pages\/195\/revisions\/4553"}],"wp:attachment":[{"href":"https:\/\/agora.xtec.cat\/iescalgravat\/wp-json\/wp\/v2\/media?parent=195"}],"curies":[{"name":"wp","href":"https:\/\/api.w.org\/{rel}","templated":true}]}}