{"id":19,"date":"2014-09-17T14:56:56","date_gmt":"2014-09-17T14:56:56","guid":{"rendered":"http:\/\/agora.xtec.cat\/iescalgravat\/?page_id=19"},"modified":"2016-11-17T21:30:07","modified_gmt":"2016-11-17T20:30:07","slug":"linstitut","status":"publish","type":"page","link":"https:\/\/agora.xtec.cat\/iescalgravat\/linstitut\/","title":{"rendered":"L&#8217;institut"},"content":{"rendered":"<p style=\"text-align: justify;\"><strong>L\u2019Institut Cal Gravat<\/strong> \u00e9s un institut p\u00fablic catal\u00e0 que creu en el sistema d\u2019immersi\u00f3 ling\u00fc\u00edstica com eina de cohesi\u00f3 social del nostre pa\u00eds i que pret\u00e9n potenciar el desenvolupament intel\u00b7lectual i personal dels nostres alumnes, donant especial import\u00e0ncia a l\u2019\u00fas de les noves tecnologies, l\u2019aprenentatge d\u2019idiomes, la curiositat per la investigaci\u00f3 cient\u00edfica i matem\u00e0tica, el gust per la lectura i l\u2019art, la pr\u00e0ctica de l\u2019esport, l\u2019estima a l\u2019entorn i el pa\u00eds, el respecte a les tradicions&#8230; posant especial \u00e8mfasi en el trametre als nostres alumnes el fet que per assolir un objectiu a la vida cal molt de treball i esfor\u00e7.<\/p>\n","protected":false},"excerpt":{"rendered":"<p>L\u2019Institut Cal Gravat \u00e9s un institut p\u00fablic catal\u00e0 que creu en el sistema d\u2019immersi\u00f3 ling\u00fc\u00edstica com eina de cohesi\u00f3 social del nostre pa\u00eds i que pret\u00e9n potenciar el desenvolupament intel\u00b7lectual i personal dels nostres alumnes, donant especial import\u00e0ncia a l\u2019\u00fas de les noves tecnologies, l\u2019aprenentatge&hellip;  <a href=\"https:\/\/agora.xtec.cat\/iescalgravat\/linstitut\/\" title=\"Read L&#8217;institut\">Llegeix m\u00e9s\u00bb<\/a><\/p>\n","protected":false},"author":1,"featured_media":0,"parent":0,"menu_order":0,"comment_status":"closed","ping_status":"closed","template":"page-templates\/side-menu.php","meta":{"_bbp_topic_count":0,"_bbp_reply_count":0,"_bbp_total_topic_count":0,"_bbp_total_reply_count":0,"_bbp_voice_count":0,"_bbp_anonymous_reply_count":0,"_bbp_topic_count_hidden":0,"_bbp_reply_count_hidden":0,"_bbp_forum_subforum_count":0,"footnotes":""},"class_list":["post-19","page","type-page","status-publish","hentry"],"post_mailing_queue_ids":[],"_links":{"self":[{"href":"https:\/\/agora.xtec.cat\/iescalgravat\/wp-json\/wp\/v2\/pages\/19","targetHints":{"allow":["GET"]}}],"collection":[{"href":"https:\/\/agora.xtec.cat\/iescalgravat\/wp-json\/wp\/v2\/pages"}],"about":[{"href":"https:\/\/agora.xtec.cat\/iescalgravat\/wp-json\/wp\/v2\/types\/page"}],"author":[{"embeddable":true,"href":"https:\/\/agora.xtec.cat\/iescalgravat\/wp-json\/wp\/v2\/users\/1"}],"replies":[{"embeddable":true,"href":"https:\/\/agora.xtec.cat\/iescalgravat\/wp-json\/wp\/v2\/comments?post=19"}],"version-history":[{"count":3,"href":"https:\/\/agora.xtec.cat\/iescalgravat\/wp-json\/wp\/v2\/pages\/19\/revisions"}],"predecessor-version":[{"id":528,"href":"https:\/\/agora.xtec.cat\/iescalgravat\/wp-json\/wp\/v2\/pages\/19\/revisions\/528"}],"wp:attachment":[{"href":"https:\/\/agora.xtec.cat\/iescalgravat\/wp-json\/wp\/v2\/media?parent=19"}],"curies":[{"name":"wp","href":"https:\/\/api.w.org\/{rel}","templated":true}]}}