{"id":57,"date":"2014-09-17T17:01:07","date_gmt":"2014-09-17T17:01:07","guid":{"rendered":"http:\/\/agora.xtec.cat\/iescabrils\/?page_id=57"},"modified":"2020-03-02T20:56:43","modified_gmt":"2020-03-02T19:56:43","slug":"projecte-educatiu","status":"publish","type":"page","link":"https:\/\/agora.xtec.cat\/iescabrils\/centre\/projecte-educatiu\/","title":{"rendered":"Projecte educatiu"},"content":{"rendered":"<h5><a name=\"_Toc24467070\"><\/a><\/h5>\n<h4><a name=\"_Toc24467070\"><\/a>Ensenyaments i escolaritzaci\u00f3<\/h4>\n<p>El nostre centre imparteix els ensenyaments d\u2019Educaci\u00f3 Secund\u00e0ria Obligat\u00f2ria i t\u00e9 assignades tres l\u00ednies d\u2019acord amb el mapa escolar actual de manera que t\u00e9 una previsi\u00f3 d\u2019acollir un total de 12 grups.<\/p>\n<p>Els alumnes provenen majorit\u00e0riament dels dos centres p\u00fablics de prim\u00e0ria adscrits: Escola l\u2019Olivera i Escola Mas Maria.<\/p>\n<p>Disposem d\u2019una Unitat de Suport Intensiu per a l\u2019Escolaritzaci\u00f3 Inclusiva (SIEI) que acull alumnes de Cabrils o de poblacions properes assignats pels Serveis Territorials del Maresme \u2013 Vall\u00e8s Oriental.<\/p>\n<p>D\u2019altra banda, tenim una relaci\u00f3 d\u2019adscripci\u00f3 amb l\u2019Institut Jaume Almera de Vilassar de Dalt perqu\u00e8 els alumnes que acrediten l\u2019ESO puguin seguir estudis de Batxillerat.<\/p>\n<h4><a name=\"_Toc24467071\"><\/a>Missi\u00f3<\/h4>\n<p>L\u2019Institut Cabrils, com a centre p\u00fablic catal\u00e0, es defineix com inclusiu, laic i respectu\u00f3s amb la pluralitat.<\/p>\n<p>La nostra finalitat principal \u00e9s la formaci\u00f3 de persones que puguin viure, con\u00e8ixer i integrar-se al m\u00f3n de manera aut\u00f2noma, amb criteri propi i d\u2019acord amb els valors de la llibertat, la toler\u00e0ncia i la solidaritat.<\/p>\n<p>Per aquesta finalitat cercarem sempre la formaci\u00f3 integral de la persona, tant en l\u2019aspecte instructiu d\u2019adquisici\u00f3 de coneixements i compet\u00e8ncies com en l\u2019aspecte formatiu de desenvolupament personal.<\/p>\n<h4><a name=\"_Toc24467072\"><\/a>Visi\u00f3<\/h4>\n<p>L\u2019Institut Cabrils vol ser un centre on:<\/p>\n<ol>\n<li>S\u2019ofereixi un ensenyament de qualitat per aconseguir uns bons resultats educatius i acad\u00e8mics que permetin que els alumnes es puguin orientar cap a estudis posteriors i\/o cap a una inserci\u00f3 laboral amb garanties.<\/li>\n<li>Es doni una correcta atenci\u00f3 a la diversitat dels alumnes atenent els seus diferents ritmes d\u2019aprenentatge i potenciant les seves capacitats.<\/li>\n<li>Es fomentin els h\u00e0bits de treball i estudi aut\u00f2noms de l\u2019alumnat que els permetin adquirir i consolidar nous aprenentatges.<\/li>\n<li>Es desenvolupin estrat\u00e8gies de treball cooperatiu que permeti als alumnes abordar tasques complexes treballant en grup.<\/li>\n<li>Es promogui una actitud cr\u00edtica, dialogant i responsable davant de la realitat que ens envolta per aconseguir formar persones lliures, tolerants i solid\u00e0ries essent coneixedors dels seus drets i de les seves obligacions.<\/li>\n<li>S\u2019utilitzin les noves tecnologies com a eina d\u2019aprenentatge, garantint l\u2019adquisici\u00f3 i actualitzaci\u00f3 constant de la compet\u00e8ncia digital tant per part de l\u2019alumnat i com del professorat.<\/li>\n<li>Existeixi un entorn de treball agradable, participatiu i motivador que faciliti la implicaci\u00f3 del professorat en el funcionament del centre, que l\u2019ajudi en la seva tasca docent i que afavoreixi els processos d\u2019actualitzaci\u00f3 i millora cont\u00ednua necessaris per assolir els objectius proposats.<\/li>\n<li>S\u2019ofereixi formaci\u00f3 i eines al professorat per estimular la innovaci\u00f3 pedag\u00f2gica.<\/li>\n<li>Es valori la pluralitat ling\u00fc\u00edstica i es potenci\u00ef l\u2019aprenentatge de les lleng\u00fces estrangeres.<\/li>\n<li>Es potenci\u00ef el valor de la cultura i de les cultures tant com el de la innovaci\u00f3 i la creativitat.<\/li>\n<\/ol>\n<h4><a name=\"_Toc24467073\"><\/a>Valors<\/h4>\n<p>Els principis que configuren la nostra activitat s\u00f3n:<\/p>\n<ol>\n<li>Qualitat pedag\u00f2gica i cerca de l\u2019excel\u00b7l\u00e8ncia.<\/li>\n<li>Direcci\u00f3 responsable, avaluaci\u00f3 i retiment de comptes.<\/li>\n<li>Dedicaci\u00f3 i professionalitat docents.<\/li>\n<li>Implicaci\u00f3 de les fam\u00edlies en l\u2019educaci\u00f3 de l\u2019alumnat i en el funcionament del centre.<\/li>\n<li>Respecte de les idees i creences dels alumnes i de llurs pares, mares o tutors.<\/li>\n<li>Foment de la cultura de l\u2019esfor\u00e7 i del plaer pel coneixement.<\/li>\n<li>Transpar\u00e8ncia i participaci\u00f3 de tota la comunitat educativa en la gesti\u00f3 del centre.<\/li>\n<li>Foment de la cultura de la mediaci\u00f3 per afavorir relacions positives i sentiment de pertinen\u00e7a.<\/li>\n<li>Foment de la igualtat de g\u00e8nere a trav\u00e9s de la coeducaci\u00f3.<\/li>\n<li>Promoci\u00f3 de l\u2019inter\u00e8s, del coneixement i del respecte pel patrimoni natural i cultural.<\/li>\n<\/ol>\n<p><a href=\"https:\/\/agora.xtec.cat\/iescabrils\/wp-content\/uploads\/usu1031\/2019\/11\/PEC_INS_Cabrils_v2.pdf\">Versi\u00f3 completa<\/a><\/p>\n","protected":false},"excerpt":{"rendered":"<p><a name=\"_Toc24467070\"><\/a><br \/>\n<a name=\"_Toc24467070\"><\/a>Ensenyaments i escolaritzaci\u00f3<br \/>\nEl nostre centre imparteix els ensenyaments d\u2019Educaci\u00f3 Secund\u00e0ria Obligat\u00f2ria i t\u00e9 assignades tres l\u00ednies d\u2019acord amb el mapa escolar actual de manera que t\u00e9 una previsi\u00f3 d\u2019acollir un total de 12 grups.<br \/>\nEls alumnes provenen majorit\u00e0riament dels dos centres p\u00fablics de prim\u00e0ria&hellip;  <a href=\"https:\/\/agora.xtec.cat\/iescabrils\/centre\/projecte-educatiu\/\" title=\"Read Projecte educatiu\">Llegeix m\u00e9s\u00bb<\/a><\/p>\n","protected":false},"author":1,"featured_media":0,"parent":2677,"menu_order":3,"comment_status":"closed","ping_status":"closed","template":"","meta":{"_bbp_topic_count":0,"_bbp_reply_count":0,"_bbp_total_topic_count":0,"_bbp_total_reply_count":0,"_bbp_voice_count":0,"_bbp_anonymous_reply_count":0,"_bbp_topic_count_hidden":0,"_bbp_reply_count_hidden":0,"_bbp_forum_subforum_count":0,"footnotes":""},"class_list":["post-57","page","type-page","status-publish","hentry"],"post_mailing_queue_ids":[],"_links":{"self":[{"href":"https:\/\/agora.xtec.cat\/iescabrils\/wp-json\/wp\/v2\/pages\/57","targetHints":{"allow":["GET"]}}],"collection":[{"href":"https:\/\/agora.xtec.cat\/iescabrils\/wp-json\/wp\/v2\/pages"}],"about":[{"href":"https:\/\/agora.xtec.cat\/iescabrils\/wp-json\/wp\/v2\/types\/page"}],"author":[{"embeddable":true,"href":"https:\/\/agora.xtec.cat\/iescabrils\/wp-json\/wp\/v2\/users\/1"}],"replies":[{"embeddable":true,"href":"https:\/\/agora.xtec.cat\/iescabrils\/wp-json\/wp\/v2\/comments?post=57"}],"version-history":[{"count":3,"href":"https:\/\/agora.xtec.cat\/iescabrils\/wp-json\/wp\/v2\/pages\/57\/revisions"}],"predecessor-version":[{"id":2911,"href":"https:\/\/agora.xtec.cat\/iescabrils\/wp-json\/wp\/v2\/pages\/57\/revisions\/2911"}],"up":[{"embeddable":true,"href":"https:\/\/agora.xtec.cat\/iescabrils\/wp-json\/wp\/v2\/pages\/2677"}],"wp:attachment":[{"href":"https:\/\/agora.xtec.cat\/iescabrils\/wp-json\/wp\/v2\/media?parent=57"}],"curies":[{"name":"wp","href":"https:\/\/api.w.org\/{rel}","templated":true}]}}