{"id":5244,"date":"2024-07-08T10:44:23","date_gmt":"2024-07-08T08:44:23","guid":{"rendered":"https:\/\/agora.xtec.cat\/iescabrils\/?page_id=5244"},"modified":"2026-02-09T12:39:19","modified_gmt":"2026-02-09T11:39:19","slug":"comanda-dels-llibres-de-text-curs-2024-25","status":"publish","type":"page","link":"https:\/\/agora.xtec.cat\/iescabrils\/comanda-dels-llibres-de-text-curs-2024-25\/","title":{"rendered":"Comanda dels llibres de text curs 2025-26"},"content":{"rendered":"<p><strong>Comanda dels llibres de text (curs 2025-26)<\/strong><\/p>\n<p>En aquest apartat disposeu d\u2019un document sobre COM COMPRAR a IDDINK adre\u00e7at als alumnes i fam\u00edlies, especialment als que entren nous aquest curs 25-26. Tamb\u00e9 hi ha penjades les instruccions sobre com utilitzar el val escolar en la compra de llibres:<\/p>\n<p><a href=\"https:\/\/agora.xtec.cat\/iescabrils\/wp-content\/uploads\/usu1031\/2025\/05\/393_CC_2025.pdf\">393_CC_2025<\/a><\/p>\n<p><a href=\"https:\/\/agora.xtec.cat\/iescabrils\/wp-content\/uploads\/usu1031\/2025\/06\/2025-Val-escolar.pdf\">2025 Val escolar<\/a><\/p>\n<p><strong>Important:<\/strong>\u00a0per\u00a0<strong>tots<\/strong>\u00a0aquells que compreu els llibres de<strong>\u00a04t d&#8217;ESO<\/strong>, heu de seleccionar com a &#8220;<em>mat\u00e8ries optatives i de modalitat a escollir<\/em>&#8221; l&#8217;assignatura d'&#8221;<em>\u00c8tica-C\u00edvica&#8221;<\/em>\u00a0(<strong>\u00e9s obligat\u00f2ria per a tots els itineraris<\/strong>, en la web d&#8217;Iddink est\u00e0 mal posat) i &#8220;<em>Llic\u00e8ncies digitals ins cabrils itinerari<\/em>&#8221; (recordeu que per defecte estan tots els itineraris seleccionats i que heu d&#8217;anar desseleccionant totes les opcions excepte la que trieu).<\/p>\n<p>Si volgu\u00e9ssiu c\u00f2pies impreses per adjuntar amb la matr\u00edcula o enviar per correu postal nom\u00e9s les heu de demanar la quantitat i us les farem arribar.<\/p>\n<p>Us recordem que el lliurament de les comandes del curs vinent es far\u00e0 a domicili dels alumnes directament.<\/p>\n<p><a href=\"https:\/\/agora.xtec.cat\/iescabrils\/wp-content\/uploads\/usu1031\/2024\/05\/IMG_5596.png\"><img loading=\"lazy\" decoding=\"async\" class=\"size-medium wp-image-5131 alignnone\" src=\"https:\/\/agora.xtec.cat\/iescabrils\/wp-content\/uploads\/usu1031\/2024\/05\/IMG_5596-300x106.png\" sizes=\"auto, (max-width: 300px) 100vw, 300px\" srcset=\"https:\/\/agora.xtec.cat\/iescabrils\/wp-content\/uploads\/usu1031\/2024\/05\/IMG_5596-300x106.png 300w, https:\/\/agora.xtec.cat\/iescabrils\/wp-content\/uploads\/usu1031\/2024\/05\/IMG_5596-1024x364.png 1024w, https:\/\/agora.xtec.cat\/iescabrils\/wp-content\/uploads\/usu1031\/2024\/05\/IMG_5596-768x273.png 768w, https:\/\/agora.xtec.cat\/iescabrils\/wp-content\/uploads\/usu1031\/2024\/05\/IMG_5596-1536x545.png 1536w, https:\/\/agora.xtec.cat\/iescabrils\/wp-content\/uploads\/usu1031\/2024\/05\/IMG_5596-2048x727.png 2048w\" alt=\"\" width=\"300\" height=\"106\" \/><\/a><\/p>\n","protected":false},"excerpt":{"rendered":"<p>Comanda dels llibres de text (curs 2025-26)<br \/>\nEn aquest apartat disposeu d\u2019un document sobre COM COMPRAR a IDDINK adre\u00e7at als alumnes i fam\u00edlies, especialment als que entren nous aquest curs 25-26. Tamb\u00e9 hi ha penjades les instruccions sobre com utilitzar el val escolar en la compra&hellip;  <a href=\"https:\/\/agora.xtec.cat\/iescabrils\/comanda-dels-llibres-de-text-curs-2024-25\/\" title=\"Read Comanda dels llibres de text curs 2025-26\">Llegeix m\u00e9s\u00bb<\/a><\/p>\n","protected":false},"author":7,"featured_media":0,"parent":0,"menu_order":0,"comment_status":"closed","ping_status":"closed","template":"","meta":{"_bbp_topic_count":0,"_bbp_reply_count":0,"_bbp_total_topic_count":0,"_bbp_total_reply_count":0,"_bbp_voice_count":0,"_bbp_anonymous_reply_count":0,"_bbp_topic_count_hidden":0,"_bbp_reply_count_hidden":0,"_bbp_forum_subforum_count":0,"footnotes":""},"class_list":["post-5244","page","type-page","status-publish","hentry"],"post_mailing_queue_ids":[],"_links":{"self":[{"href":"https:\/\/agora.xtec.cat\/iescabrils\/wp-json\/wp\/v2\/pages\/5244","targetHints":{"allow":["GET"]}}],"collection":[{"href":"https:\/\/agora.xtec.cat\/iescabrils\/wp-json\/wp\/v2\/pages"}],"about":[{"href":"https:\/\/agora.xtec.cat\/iescabrils\/wp-json\/wp\/v2\/types\/page"}],"author":[{"embeddable":true,"href":"https:\/\/agora.xtec.cat\/iescabrils\/wp-json\/wp\/v2\/users\/7"}],"replies":[{"embeddable":true,"href":"https:\/\/agora.xtec.cat\/iescabrils\/wp-json\/wp\/v2\/comments?post=5244"}],"version-history":[{"count":6,"href":"https:\/\/agora.xtec.cat\/iescabrils\/wp-json\/wp\/v2\/pages\/5244\/revisions"}],"predecessor-version":[{"id":5508,"href":"https:\/\/agora.xtec.cat\/iescabrils\/wp-json\/wp\/v2\/pages\/5244\/revisions\/5508"}],"wp:attachment":[{"href":"https:\/\/agora.xtec.cat\/iescabrils\/wp-json\/wp\/v2\/media?parent=5244"}],"curies":[{"name":"wp","href":"https:\/\/api.w.org\/{rel}","templated":true}]}}