{"id":5229,"date":"2024-07-08T09:46:50","date_gmt":"2024-07-08T07:46:50","guid":{"rendered":"https:\/\/agora.xtec.cat\/iescabrils\/?page_id=5229"},"modified":"2024-07-08T10:04:18","modified_gmt":"2024-07-08T08:04:18","slug":"imt-lazarus","status":"publish","type":"page","link":"https:\/\/agora.xtec.cat\/iescabrils\/imt-lazarus\/","title":{"rendered":"IMT Lazarus"},"content":{"rendered":"<p>La plataforma IMT Lazarus <a href=\"https:\/\/manager.imtlazarus.com\/\">(enlla\u00e7)<\/a> \u00e9s una eina Cloud senzilla que permet als centres educatius, professorat i fam\u00edlies protegir i filtrar el contingut que visita l&#8217;alumnat evitant que accedeixin a p\u00e0gines malicioses, inadequades i no aptes per a la seva edat. Aquest sistema \u00e9s compatible amb dispositius Apple (iPad, Mac), Chromebook, Windows i Linux.<\/p>\n<p style=\"text-align: center;\"><img loading=\"lazy\" decoding=\"async\" class=\"\" src=\"https:\/\/www.imtlazarus.com\/wp-content\/uploads\/Logo_Web_IMTLazarus.svg\" alt=\"IMTLazarus\" width=\"479\" height=\"190\" \/><\/p>\n<p>Les seves prestacions, caracter\u00edstiques i avantatges s\u00f3n:<\/p>\n<ul>\n<li>Acc\u00e9s al control de navegaci\u00f3 als Chromebooks dels alumnes per part del professorat (horari lectiu) i fam\u00edlies (horari no lectiu).<\/li>\n<li>Creaci\u00f3 de filtres de continguts.<\/li>\n<li>Enregistrament de l&#8217;historial de navegaci\u00f3.<\/li>\n<li>Estad\u00edstiques sobre els continguts de navegaci\u00f3.<\/li>\n<\/ul>\n<p>Les fam\u00edlies, posteriorment a la matr\u00edcula, en reben les credencials d&#8217;acc\u00e9s.<\/p>\n<h5>Documentaci\u00f3<\/h5>\n<ul>\n<li>Videototurials:\u00a0<a href=\"https:\/\/www.youtube.com\/c\/IMTLazarus\/videos\">https:\/\/www.youtube.com\/c\/IMTLazarus\/videos<\/a><\/li>\n<\/ul>\n","protected":false},"excerpt":{"rendered":"<p>La plataforma IMT Lazarus <a href=\"https:\/\/manager.imtlazarus.com\/\">(enlla\u00e7)<\/a> \u00e9s una eina Cloud senzilla que permet als centres educatius, professorat i fam\u00edlies protegir i filtrar el contingut que visita l&#8217;alumnat evitant que accedeixin a p\u00e0gines malicioses, inadequades i no aptes per a la seva edat. Aquest sistema \u00e9s&hellip;  <a href=\"https:\/\/agora.xtec.cat\/iescabrils\/imt-lazarus\/\" title=\"Read IMT Lazarus\">Llegeix m\u00e9s\u00bb<\/a><\/p>\n","protected":false},"author":7,"featured_media":0,"parent":0,"menu_order":0,"comment_status":"closed","ping_status":"closed","template":"","meta":{"_bbp_topic_count":0,"_bbp_reply_count":0,"_bbp_total_topic_count":0,"_bbp_total_reply_count":0,"_bbp_voice_count":0,"_bbp_anonymous_reply_count":0,"_bbp_topic_count_hidden":0,"_bbp_reply_count_hidden":0,"_bbp_forum_subforum_count":0,"footnotes":""},"class_list":["post-5229","page","type-page","status-publish","hentry"],"post_mailing_queue_ids":[],"_links":{"self":[{"href":"https:\/\/agora.xtec.cat\/iescabrils\/wp-json\/wp\/v2\/pages\/5229","targetHints":{"allow":["GET"]}}],"collection":[{"href":"https:\/\/agora.xtec.cat\/iescabrils\/wp-json\/wp\/v2\/pages"}],"about":[{"href":"https:\/\/agora.xtec.cat\/iescabrils\/wp-json\/wp\/v2\/types\/page"}],"author":[{"embeddable":true,"href":"https:\/\/agora.xtec.cat\/iescabrils\/wp-json\/wp\/v2\/users\/7"}],"replies":[{"embeddable":true,"href":"https:\/\/agora.xtec.cat\/iescabrils\/wp-json\/wp\/v2\/comments?post=5229"}],"version-history":[{"count":4,"href":"https:\/\/agora.xtec.cat\/iescabrils\/wp-json\/wp\/v2\/pages\/5229\/revisions"}],"predecessor-version":[{"id":5235,"href":"https:\/\/agora.xtec.cat\/iescabrils\/wp-json\/wp\/v2\/pages\/5229\/revisions\/5235"}],"wp:attachment":[{"href":"https:\/\/agora.xtec.cat\/iescabrils\/wp-json\/wp\/v2\/media?parent=5229"}],"curies":[{"name":"wp","href":"https:\/\/api.w.org\/{rel}","templated":true}]}}