{"id":3742,"date":"2021-06-16T18:59:43","date_gmt":"2021-06-16T16:59:43","guid":{"rendered":"http:\/\/agora.xtec.cat\/iescabrils\/?page_id=3742"},"modified":"2023-06-27T11:50:22","modified_gmt":"2023-06-27T09:50:22","slug":"activitats-destiu-6e-de-primaria","status":"publish","type":"page","link":"https:\/\/agora.xtec.cat\/iescabrils\/activitat-academica\/activitats-destiu-6e-de-primaria\/","title":{"rendered":"Activitats d&#8217;Estiu 6\u00e8 de prim\u00e0ria"},"content":{"rendered":"<h2 style=\"text-align: right;\" align=\"justify\"><span style=\"font-family: Arial, sans-serif;\"><span style=\"font-size: medium;\">Activitats d&#8217;Estiu 6\u00e8 de prim\u00e0ria curs 2023-24<\/span><\/span><\/h2>\n<p align=\"justify\"><span style=\"font-family: Arial, sans-serif;\"><span style=\"font-size: medium;\">Aquests quaderns d\u2019exercicis estan pensats perqu\u00e8 repasseu els vostres coneixements de llengua catalana, llengua castellana, matem\u00e0tiques i angl\u00e8s. <\/span><\/span><\/p>\n<p align=\"justify\"><span style=\"font-family: Arial, sans-serif;\"><span style=\"font-size: medium;\">Durant les vacances heu d\u2019entrenar les vostres habilitats. Potser us caldr\u00e0 que alguna persona que hi entengui us doni un cop de m\u00e0, per\u00f2 procureu esfor\u00e7ar-vos a fer-ho tot pel vostre compte. <\/span><\/span><\/p>\n<p align=\"justify\"><span style=\"font-family: Arial, sans-serif;\"><span style=\"font-size: medium;\">\u00c9s important que feu els exercicis ben fets, ben presentats i fixant-vos molt b\u00e9 en el que feu. Durant els primers dies de classe a l\u2019Institut els vostres professors treballaran amb vosaltres aquests quaderns i seran tinguts en compte en la primera avaluaci\u00f3.<\/span><\/span><\/p>\n<ul>\n<li><a href=\"https:\/\/agora.xtec.cat\/iescabrils\/wp-content\/uploads\/usu1031\/2021\/06\/Activitats_angles_21.pdf\">Activitats d&#8217;angl\u00e8s\u00a0<\/a><\/li>\n<li><a style=\"font-family: inherit; font-size: 1em;\" href=\"https:\/\/agora.xtec.cat\/iescabrils\/wp-content\/uploads\/usu1031\/2021\/06\/Activitats_castella_21.pdf\">Activitats de castell\u00e0<\/a><\/li>\n<li><a style=\"font-family: inherit; font-size: 1em;\" href=\"https:\/\/agora.xtec.cat\/iescabrils\/wp-content\/uploads\/usu1031\/2021\/06\/Activitats_catala_21.pdf\">Activitats de catal\u00e0<\/a><\/li>\n<li><a style=\"font-family: inherit; font-size: 1em;\" href=\"https:\/\/agora.xtec.cat\/iescabrils\/wp-content\/uploads\/usu1031\/2021\/06\/Activitats_matematiques_21.pdf\">Activitats de matem\u00e0tiques<\/a><\/li>\n<\/ul>\n<p class=\"western\"><span style=\"font-family: Arial, sans-serif;\"><span style=\"font-size: medium;\"><i>Aquestes activitats han estat elaborades conjuntament pels centres educatius de Cabrils: <\/i><\/span><\/span><span style=\"font-family: Arial, sans-serif;\"><span style=\"font-size: medium;\"><span lang=\"es-ES\"><i>Escola Mas Maria, Escola L\u2019Olivera i Institut Cabrils<\/i><\/span><\/span><\/span><\/p>\n","protected":false},"excerpt":{"rendered":"<p>Activitats d&#8217;Estiu 6\u00e8 de prim\u00e0ria curs 2023-24<br \/>\nAquests quaderns d\u2019exercicis estan pensats perqu\u00e8 repasseu els vostres coneixements de llengua catalana, llengua castellana, matem\u00e0tiques i angl\u00e8s.<br \/>\nDurant les vacances heu d\u2019entrenar les vostres habilitats. Potser us caldr\u00e0 que alguna persona que hi entengui us doni un cop&hellip;  <a href=\"https:\/\/agora.xtec.cat\/iescabrils\/activitat-academica\/activitats-destiu-6e-de-primaria\/\" title=\"Read Activitats d&#8217;Estiu 6\u00e8 de prim\u00e0ria\">Llegeix m\u00e9s\u00bb<\/a><\/p>\n","protected":false},"author":1,"featured_media":0,"parent":2751,"menu_order":0,"comment_status":"closed","ping_status":"closed","template":"","meta":{"_bbp_topic_count":0,"_bbp_reply_count":0,"_bbp_total_topic_count":0,"_bbp_total_reply_count":0,"_bbp_voice_count":0,"_bbp_anonymous_reply_count":0,"_bbp_topic_count_hidden":0,"_bbp_reply_count_hidden":0,"_bbp_forum_subforum_count":0,"footnotes":""},"class_list":["post-3742","page","type-page","status-publish","hentry"],"post_mailing_queue_ids":[],"_links":{"self":[{"href":"https:\/\/agora.xtec.cat\/iescabrils\/wp-json\/wp\/v2\/pages\/3742","targetHints":{"allow":["GET"]}}],"collection":[{"href":"https:\/\/agora.xtec.cat\/iescabrils\/wp-json\/wp\/v2\/pages"}],"about":[{"href":"https:\/\/agora.xtec.cat\/iescabrils\/wp-json\/wp\/v2\/types\/page"}],"author":[{"embeddable":true,"href":"https:\/\/agora.xtec.cat\/iescabrils\/wp-json\/wp\/v2\/users\/1"}],"replies":[{"embeddable":true,"href":"https:\/\/agora.xtec.cat\/iescabrils\/wp-json\/wp\/v2\/comments?post=3742"}],"version-history":[{"count":3,"href":"https:\/\/agora.xtec.cat\/iescabrils\/wp-json\/wp\/v2\/pages\/3742\/revisions"}],"predecessor-version":[{"id":4681,"href":"https:\/\/agora.xtec.cat\/iescabrils\/wp-json\/wp\/v2\/pages\/3742\/revisions\/4681"}],"up":[{"embeddable":true,"href":"https:\/\/agora.xtec.cat\/iescabrils\/wp-json\/wp\/v2\/pages\/2751"}],"wp:attachment":[{"href":"https:\/\/agora.xtec.cat\/iescabrils\/wp-json\/wp\/v2\/media?parent=3742"}],"curies":[{"name":"wp","href":"https:\/\/api.w.org\/{rel}","templated":true}]}}