{"id":3283,"date":"2020-06-02T13:00:30","date_gmt":"2020-06-02T11:00:30","guid":{"rendered":"http:\/\/agora.xtec.cat\/iescabrils\/?page_id=3283"},"modified":"2024-07-05T13:32:33","modified_gmt":"2024-07-05T11:32:33","slug":"criteris-davaluacio-i-qualificacio","status":"publish","type":"page","link":"https:\/\/agora.xtec.cat\/iescabrils\/estudis\/criteris-davaluacio-i-qualificacio\/","title":{"rendered":"Criteris d&#8217;avaluaci\u00f3 i qualificaci\u00f3"},"content":{"rendered":"<p>CRITERIS-AVALUACI\u00d3-24_25<\/p>\n<p>&nbsp;<\/p>\n","protected":false},"excerpt":{"rendered":"<p>CRITERIS-AVALUACI\u00d3-24_25<br \/>\n&nbsp;<\/p>\n","protected":false},"author":1,"featured_media":0,"parent":2695,"menu_order":5,"comment_status":"closed","ping_status":"closed","template":"","meta":{"_bbp_topic_count":0,"_bbp_reply_count":0,"_bbp_total_topic_count":0,"_bbp_total_reply_count":0,"_bbp_voice_count":0,"_bbp_anonymous_reply_count":0,"_bbp_topic_count_hidden":0,"_bbp_reply_count_hidden":0,"_bbp_forum_subforum_count":0,"footnotes":""},"class_list":["post-3283","page","type-page","status-publish","hentry"],"post_mailing_queue_ids":[],"_links":{"self":[{"href":"https:\/\/agora.xtec.cat\/iescabrils\/wp-json\/wp\/v2\/pages\/3283","targetHints":{"allow":["GET"]}}],"collection":[{"href":"https:\/\/agora.xtec.cat\/iescabrils\/wp-json\/wp\/v2\/pages"}],"about":[{"href":"https:\/\/agora.xtec.cat\/iescabrils\/wp-json\/wp\/v2\/types\/page"}],"author":[{"embeddable":true,"href":"https:\/\/agora.xtec.cat\/iescabrils\/wp-json\/wp\/v2\/users\/1"}],"replies":[{"embeddable":true,"href":"https:\/\/agora.xtec.cat\/iescabrils\/wp-json\/wp\/v2\/comments?post=3283"}],"version-history":[{"count":4,"href":"https:\/\/agora.xtec.cat\/iescabrils\/wp-json\/wp\/v2\/pages\/3283\/revisions"}],"predecessor-version":[{"id":5195,"href":"https:\/\/agora.xtec.cat\/iescabrils\/wp-json\/wp\/v2\/pages\/3283\/revisions\/5195"}],"up":[{"embeddable":true,"href":"https:\/\/agora.xtec.cat\/iescabrils\/wp-json\/wp\/v2\/pages\/2695"}],"wp:attachment":[{"href":"https:\/\/agora.xtec.cat\/iescabrils\/wp-json\/wp\/v2\/media?parent=3283"}],"curies":[{"name":"wp","href":"https:\/\/api.w.org\/{rel}","templated":true}]}}