{"id":3128,"date":"2020-03-13T08:00:54","date_gmt":"2020-03-13T07:00:54","guid":{"rendered":"http:\/\/agora.xtec.cat\/iescabrils\/?page_id=3128"},"modified":"2020-06-25T13:23:59","modified_gmt":"2020-06-25T11:23:59","slug":"servei-tecnic","status":"publish","type":"page","link":"https:\/\/agora.xtec.cat\/iescabrils\/serveis\/servei-tecnic\/","title":{"rendered":"Servei t\u00e8cnic"},"content":{"rendered":"<p><strong><a href=\"http:\/\/agora.xtec.cat\/iescabrils\/serveis\/chromebooks\/\">Aspectes generals sobre els Chromebooks i altres<\/a><\/strong><\/p>\n<p><strong>Actualitzaci\u00f3 Juny 2020: El servei t\u00e8cnic<\/strong> FDOS ens ha passat un seguit de canvis en les condicions per reparar els chromebooks fora de garantia. Estan recollits en <a href=\"https:\/\/agora.xtec.cat\/iescabrils\/wp-content\/uploads\/usu1031\/2020\/06\/COMUNICADO-REPARACIONES-FUERA-GARANTIA_Catala.docx\">aquest document<\/a>.<\/p>\n<p><strong>Actualitzaci\u00f3 Mar\u00e7 2020: <\/strong>Degut a la situaci\u00f3 d&#8217;emerg\u00e8ncia sanit\u00e0ria, el servei de reparaci\u00f3 de chromebooks no es pot continuar prestant com fins ara.<\/p>\n<p>Caldr\u00e0 que us poseu en contacte directament amb l&#8217;empresa <a href=\"https:\/\/www.fdos.net\/acer\/\">FDOS<\/a>\u00a0b\u00e9 per correu electr\u00f2nic <a href=\"mailto:\/\/fdos@fdos.net\">(fdos@fdos.net)<\/a> o b\u00e9 per tel\u00e8fon (+34 93 307 15 55).<\/p>\n<p><del>En cas de necessitar la reparaci\u00f3 d&#8217;un chromebook, poseu-vos en contacte amb el coordinador d&#8217;inform\u00e0tica <a href=\"mailto:\/\/adminatec@inscabrils.cat\">adminatec<span class=\"\">@inscabrils.cat<\/span><\/a>.<\/del><\/p>\n<p>&nbsp;<\/p>\n","protected":false},"excerpt":{"rendered":"<p><a href=\"http:\/\/agora.xtec.cat\/iescabrils\/serveis\/chromebooks\/\">Aspectes generals sobre els Chromebooks i altres<\/a><br \/>\nActualitzaci\u00f3 Juny 2020: El servei t\u00e8cnic FDOS ens ha passat un seguit de canvis en les condicions per reparar els chromebooks fora de garantia. Estan recollits en <a href=\"https:\/\/agora.xtec.cat\/iescabrils\/wp-content\/uploads\/usu1031\/2020\/06\/COMUNICADO-REPARACIONES-FUERA-GARANTIA_Catala.docx\">aquest document<\/a>.<br \/>\nActualitzaci\u00f3 Mar\u00e7 2020: Degut a la situaci\u00f3 d&#8217;emerg\u00e8ncia sanit\u00e0ria,&hellip;  <a href=\"https:\/\/agora.xtec.cat\/iescabrils\/serveis\/servei-tecnic\/\" title=\"Read Servei t\u00e8cnic\">Llegeix m\u00e9s\u00bb<\/a><\/p>\n","protected":false},"author":1,"featured_media":0,"parent":63,"menu_order":5,"comment_status":"closed","ping_status":"closed","template":"","meta":{"_bbp_topic_count":0,"_bbp_reply_count":0,"_bbp_total_topic_count":0,"_bbp_total_reply_count":0,"_bbp_voice_count":0,"_bbp_anonymous_reply_count":0,"_bbp_topic_count_hidden":0,"_bbp_reply_count_hidden":0,"_bbp_forum_subforum_count":0,"footnotes":""},"class_list":["post-3128","page","type-page","status-publish","hentry"],"post_mailing_queue_ids":[],"_links":{"self":[{"href":"https:\/\/agora.xtec.cat\/iescabrils\/wp-json\/wp\/v2\/pages\/3128","targetHints":{"allow":["GET"]}}],"collection":[{"href":"https:\/\/agora.xtec.cat\/iescabrils\/wp-json\/wp\/v2\/pages"}],"about":[{"href":"https:\/\/agora.xtec.cat\/iescabrils\/wp-json\/wp\/v2\/types\/page"}],"author":[{"embeddable":true,"href":"https:\/\/agora.xtec.cat\/iescabrils\/wp-json\/wp\/v2\/users\/1"}],"replies":[{"embeddable":true,"href":"https:\/\/agora.xtec.cat\/iescabrils\/wp-json\/wp\/v2\/comments?post=3128"}],"version-history":[{"count":3,"href":"https:\/\/agora.xtec.cat\/iescabrils\/wp-json\/wp\/v2\/pages\/3128\/revisions"}],"predecessor-version":[{"id":3334,"href":"https:\/\/agora.xtec.cat\/iescabrils\/wp-json\/wp\/v2\/pages\/3128\/revisions\/3334"}],"up":[{"embeddable":true,"href":"https:\/\/agora.xtec.cat\/iescabrils\/wp-json\/wp\/v2\/pages\/63"}],"wp:attachment":[{"href":"https:\/\/agora.xtec.cat\/iescabrils\/wp-json\/wp\/v2\/media?parent=3128"}],"curies":[{"name":"wp","href":"https:\/\/api.w.org\/{rel}","templated":true}]}}