{"id":2938,"date":"2020-03-03T09:18:42","date_gmt":"2020-03-03T08:18:42","guid":{"rendered":"http:\/\/agora.xtec.cat\/iescabrils\/?page_id=2938"},"modified":"2020-03-03T09:30:43","modified_gmt":"2020-03-03T08:30:43","slug":"formacio-del-professorat","status":"publish","type":"page","link":"https:\/\/agora.xtec.cat\/iescabrils\/centre\/formacio-del-professorat\/","title":{"rendered":"Formaci\u00f3 del professorat"},"content":{"rendered":"<p>L\u2019institut est\u00e0 comprom\u00e8s en la formaci\u00f3 permanent i inicial del professorat per poder millorar la qualitat educativa.<\/p>\n<h3>Xarxa Compet\u00e8ncies B\u00e0siques<\/h3>\n<p><img loading=\"lazy\" decoding=\"async\" class=\"size-full wp-image-2947 alignleft\" src=\"https:\/\/agora.xtec.cat\/iescabrils\/wp-content\/uploads\/usu1031\/2020\/03\/XCB.png\" alt=\"\" width=\"264\" height=\"87\" \/><\/p>\n<p>Formem part de la Xarxa de Compet\u00e8ncies B\u00e0siques amb l\u2019objectiu d\u2019avan\u00e7ar en la implantaci\u00f3 del curr\u00edculum i l\u2019avaluaci\u00f3 competencials i en el treball per projectes.<\/p>\n<p>Per desenvolupar les activitats relacionades amb la xarxa es crear\u00e0 un equip impulsor amb el professorat que volunt\u00e0riament hi vulgui participar.<\/p>\n<p>L\u2019activitat d\u2019aquest equip impulsor t\u00e9 la consideraci\u00f3 de formaci\u00f3 interna de centre (FIC) de 30 hores en el centre integrada dintre del Pla de Formaci\u00f3 del Departament d\u2019Ensenyament. Les trobades de l\u2019equip impulsor es fan en 10 sessions els dimecres a la tarda al llarg del curs.<\/p>\n<p>Els coordinadors assisteixen a 6 reunions al llarg del curs amb els altres centres de la nostra xarxa territorial i actuen de formadors del nostre equip impulsor. La tasca principal d\u2019aquesta formaci\u00f3 \u00e9s l\u2019aprofundiment en l\u2019avaluaci\u00f3 competencial dels alumnes.<\/p>\n<h3>Taller a centre: Programaci\u00f3 i avaluaci\u00f3 competencials<\/h3>\n<p>Aquest curs hem organitzat un taller de formaci\u00f3 a centre, de 15 h, sobre programaci\u00f3\u00a0 competencial. Aquest taller t\u00e9 els seg\u00fcents objectius:<\/p>\n<ol>\n<li>Aproximar-se al Decret d\u2019ordenaci\u00f3 curricular actual contextualitzant-lo amb les tend\u00e8ncies pedag\u00f2giques globals actuals, basades en l\u2019aprenentatge per a la vida, per compet\u00e8ncies i en la personalitzaci\u00f3 dels aprenentatges.<\/li>\n<li>Assumir la necessitat de la sistematitzaci\u00f3 de criteris i eines comuns en l\u2019\u00e0mbit t\u00e8cnic com program\u00e0tic, en relaci\u00f3 a les programacions competencials.<\/li>\n<li>Consensuar o determinar metodologies i programacions coherents amb el decret competencial actual.<\/li>\n<li>Determinar els elements que doten de qualitat una programaci\u00f3 en el context del centre, del Projecte Educatiu de l\u2019Institut i del marc curricular actual.<\/li>\n<li>Introduir i emprar el nou model de programaci\u00f3 consensuat en l\u2019activitat di\u00e0ria docent escolar.<\/li>\n<\/ol>\n<h3>Centre formador de pr\u00e0ctiques del M\u00e0ster de Professorat<\/h3>\n<p>L\u2019institut forma part de la llista de Centres Formadors per realitzar les pr\u00e0ctiques del M\u00e0ster de Professorat. Aquest curs realitzaran pr\u00e0ctiques tres alumnes de m\u00e0ster de les especialitats: Geografia i Hist\u00f2ria, Dibuix i Biologia i Geologia.<\/p>\n<h3>#aquiproubullying<\/h3>\n<p><img loading=\"lazy\" decoding=\"async\" class=\"size-full wp-image-2948 alignleft\" src=\"https:\/\/agora.xtec.cat\/iescabrils\/wp-content\/uploads\/usu1031\/2020\/03\/aquiproubullying.png\" alt=\"\" width=\"214\" height=\"129\" \/><\/p>\n<p>Aquest curs hem iniciat el programa d\u2019innovaci\u00f3 #aquiproubullying destinat a la prevenci\u00f3, detecci\u00f3 i tractament de l\u2019assetjament escolar. Aquest programa comporta una formaci\u00f3 de 30h d\u2019un equip impulsor de professorat del centre.<\/p>\n<p>&nbsp;<\/p>\n","protected":false},"excerpt":{"rendered":"<p>L\u2019institut est\u00e0 comprom\u00e8s en la formaci\u00f3 permanent i inicial del professorat per poder millorar la qualitat educativa.<br \/>\nXarxa Compet\u00e8ncies B\u00e0siques<\/p>\n<p>Formem part de la Xarxa de Compet\u00e8ncies B\u00e0siques amb l\u2019objectiu d\u2019avan\u00e7ar en la implantaci\u00f3 del curr\u00edculum i l\u2019avaluaci\u00f3 competencials i en el treball per projectes.<br \/>\nPer desenvolupar les&hellip;  <a href=\"https:\/\/agora.xtec.cat\/iescabrils\/centre\/formacio-del-professorat\/\" title=\"Read Formaci\u00f3 del professorat\">Llegeix m\u00e9s\u00bb<\/a><\/p>\n","protected":false},"author":1,"featured_media":0,"parent":2677,"menu_order":4,"comment_status":"closed","ping_status":"closed","template":"","meta":{"_bbp_topic_count":0,"_bbp_reply_count":0,"_bbp_total_topic_count":0,"_bbp_total_reply_count":0,"_bbp_voice_count":0,"_bbp_anonymous_reply_count":0,"_bbp_topic_count_hidden":0,"_bbp_reply_count_hidden":0,"_bbp_forum_subforum_count":0,"footnotes":""},"class_list":["post-2938","page","type-page","status-publish","hentry"],"post_mailing_queue_ids":[],"_links":{"self":[{"href":"https:\/\/agora.xtec.cat\/iescabrils\/wp-json\/wp\/v2\/pages\/2938","targetHints":{"allow":["GET"]}}],"collection":[{"href":"https:\/\/agora.xtec.cat\/iescabrils\/wp-json\/wp\/v2\/pages"}],"about":[{"href":"https:\/\/agora.xtec.cat\/iescabrils\/wp-json\/wp\/v2\/types\/page"}],"author":[{"embeddable":true,"href":"https:\/\/agora.xtec.cat\/iescabrils\/wp-json\/wp\/v2\/users\/1"}],"replies":[{"embeddable":true,"href":"https:\/\/agora.xtec.cat\/iescabrils\/wp-json\/wp\/v2\/comments?post=2938"}],"version-history":[{"count":4,"href":"https:\/\/agora.xtec.cat\/iescabrils\/wp-json\/wp\/v2\/pages\/2938\/revisions"}],"predecessor-version":[{"id":2951,"href":"https:\/\/agora.xtec.cat\/iescabrils\/wp-json\/wp\/v2\/pages\/2938\/revisions\/2951"}],"up":[{"embeddable":true,"href":"https:\/\/agora.xtec.cat\/iescabrils\/wp-json\/wp\/v2\/pages\/2677"}],"wp:attachment":[{"href":"https:\/\/agora.xtec.cat\/iescabrils\/wp-json\/wp\/v2\/media?parent=2938"}],"curies":[{"name":"wp","href":"https:\/\/api.w.org\/{rel}","templated":true}]}}