{"id":2856,"date":"2020-02-29T11:40:06","date_gmt":"2020-02-29T10:40:06","guid":{"rendered":"http:\/\/agora.xtec.cat\/iescabrils\/?page_id=2856"},"modified":"2022-06-29T09:36:58","modified_gmt":"2022-06-29T07:36:58","slug":"chromebooks","status":"publish","type":"page","link":"https:\/\/agora.xtec.cat\/iescabrils\/serveis\/chromebooks\/","title":{"rendered":"Chromebooks"},"content":{"rendered":"<h4>Adquisici\u00f3 de chromebooks<\/h4>\n<p>La compra de chromebooks es pot fer per mitj\u00e0 de l&#8217;empresa <a href=\"http:\/\/educat.fdos.net\">FDOS Sofware<\/a>. Els avantatges que comporta per a les fam\u00edlies s\u00f3n:<\/p>\n<ul>\n<li>Lliurament dels ordinadors al centre el primer dia de curs.<\/li>\n<li>Gesti\u00f3 de les llic\u00e8ncies de Google.<\/li>\n<li>Facilitat de gesti\u00f3 de les avaries i reparacions (si es produeixen).<\/li>\n<\/ul>\n<p style=\"text-align: center;\"><strong>CODI: 05F75<\/strong><\/p>\n<p><a href=\"https:\/\/agora.xtec.cat\/iescabrils\/wp-content\/uploads\/usu1031\/2022\/06\/Ordinadors-FDOS_Curs-2022-23.pdf\">Ordinadors FDOS_Curs 2022-23<\/a><\/p>\n<p>Les fam\u00edlies poden optar per adquirir el chromebook en un altre prove\u00efdor. per\u00f2 per a poder fer servir tots els serveis del centre \u00e9s necessari comprar una llic\u00e8ncia per a dispositiu Google Chrome a fi que pugui ser gestionat per l&#8217;organitzaci\u00f3 Institut Cabrils.<\/p>\n<p><a href=\"http:\/\/agora.xtec.cat\/iescabrils\/serveis\/servei-tecnic\/\"><strong>Informacions sobre reparacions<\/strong><\/a><\/p>\n<p>&nbsp;<\/p>\n","protected":false},"excerpt":{"rendered":"<p>Adquisici\u00f3 de chromebooks<br \/>\nLa compra de chromebooks es pot fer per mitj\u00e0 de l&#8217;empresa <a href=\"http:\/\/educat.fdos.net\">FDOS Sofware<\/a>. Els avantatges que comporta per a les fam\u00edlies s\u00f3n:<\/p>\n<ul>\n<li>Lliurament dels ordinadors al centre el primer dia de curs.<\/li>\n<li>Gesti\u00f3 de les llic\u00e8ncies de Google.<\/li>\n<li>Facilitat de gesti\u00f3 de les avaries i&hellip;  <a href=\"https:\/\/agora.xtec.cat\/iescabrils\/serveis\/chromebooks\/\" title=\"Read Chromebooks\">Llegeix m\u00e9s\u00bb<\/a><br \/>\n","protected":false},"author":1,"featured_media":0,"parent":63,"menu_order":1,"comment_status":"closed","ping_status":"closed","template":"","meta":{"_bbp_topic_count":0,"_bbp_reply_count":0,"_bbp_total_topic_count":0,"_bbp_total_reply_count":0,"_bbp_voice_count":0,"_bbp_anonymous_reply_count":0,"_bbp_topic_count_hidden":0,"_bbp_reply_count_hidden":0,"_bbp_forum_subforum_count":0,"footnotes":""},"class_list":["post-2856","page","type-page","status-publish","hentry"],"post_mailing_queue_ids":[],"_links":{"self":[{"href":"https:\/\/agora.xtec.cat\/iescabrils\/wp-json\/wp\/v2\/pages\/2856","targetHints":{"allow":["GET"]}}],"collection":[{"href":"https:\/\/agora.xtec.cat\/iescabrils\/wp-json\/wp\/v2\/pages"}],"about":[{"href":"https:\/\/agora.xtec.cat\/iescabrils\/wp-json\/wp\/v2\/types\/page"}],"author":[{"embeddable":true,"href":"https:\/\/agora.xtec.cat\/iescabrils\/wp-json\/wp\/v2\/users\/1"}],"replies":[{"embeddable":true,"href":"https:\/\/agora.xtec.cat\/iescabrils\/wp-json\/wp\/v2\/comments?post=2856"}],"version-history":[{"count":4,"href":"https:\/\/agora.xtec.cat\/iescabrils\/wp-json\/wp\/v2\/pages\/2856\/revisions"}],"predecessor-version":[{"id":4362,"href":"https:\/\/agora.xtec.cat\/iescabrils\/wp-json\/wp\/v2\/pages\/2856\/revisions\/4362"}],"up":[{"embeddable":true,"href":"https:\/\/agora.xtec.cat\/iescabrils\/wp-json\/wp\/v2\/pages\/63"}],"wp:attachment":[{"href":"https:\/\/agora.xtec.cat\/iescabrils\/wp-json\/wp\/v2\/media?parent=2856"}],"curies":[{"name":"wp","href":"https:\/\/api.w.org\/{rel}","templated":true}]}}